{"id":169,"date":"2025-10-28T11:53:56","date_gmt":"2025-10-28T11:53:56","guid":{"rendered":"https:\/\/novo-site.obrasonline.com.br\/?page_id=169"},"modified":"2025-11-05T18:10:39","modified_gmt":"2025-11-05T18:10:39","slug":"faq-obras-online","status":"publish","type":"page","link":"https:\/\/novo-site.obrasonline.com.br\/index.php\/faq-obras-online\/","title":{"rendered":"FAQ"},"content":{"rendered":"<section class=\"l-section wpb_row us_custom_3d7797e0 height_medium with_img\"><div class=\"l-section-img\" role=\"img\" aria-label=\"Imagem\" data-img-width=\"1916\" data-img-height=\"626\" style=\"background-image: url(https:\/\/novo-site.obrasonline.com.br\/wp-content\/uploads\/2025\/10\/baneer.png);background-position: top center;background-repeat: no-repeat;\"><\/div><div class=\"l-section-h i-cf\"><div class=\"g-cols vc_row via_flex valign_top type_default stacking_default\"><div class=\"vc_col-sm-12 wpb_column vc_column_container\"><div class=\"vc_column-inner\"><div class=\"wpb_wrapper\"><div class=\"wpb_text_column us_custom_d467173a has_text_color\"><div class=\"wpb_wrapper\"><h1>FAQ Obras Online<\/h1>\n<\/div><\/div><\/div><\/div><\/div><\/div><\/div><\/section><section class=\"l-section wpb_row height_auto\"><div class=\"l-section-h i-cf\"><div class=\"g-cols vc_row via_flex valign_top type_default stacking_default\"><div class=\"vc_col-sm-12 wpb_column vc_column_container\"><div class=\"vc_column-inner\"><div class=\"wpb_wrapper\"><div class=\"w-separator size_custom\" style=\"height:10px\"><\/div><\/div><\/div><\/div><\/div><\/div><\/section><section class=\"l-section wpb_row us_custom_365af84e height_medium\"><div class=\"l-section-h i-cf\"><div class=\"g-cols vc_row via_flex valign_top type_default stacking_default\"><div class=\"vc_col-sm-12 wpb_column vc_column_container\"><div class=\"vc_column-inner\"><div class=\"wpb_wrapper\"><div class=\"g-cols wpb_row via_flex valign_top type_default stacking_default\" id=\"faq\"><div class=\"vc_col-sm-12 wpb_column vc_column_container\"><div class=\"vc_column-inner\"><div class=\"wpb_wrapper\"><div class=\"w-tabs us_custom_25f1e480 has_text_color style_default switch_click accordion has_scrolling\" style=\"--sections-title-size:inherit\" id=\"inusitta\"><div class=\"w-tabs-sections titles-align_none icon_chevron cpos_right\"><div class=\"w-tabs-section\" id=\"zc62\"><button class=\"w-tabs-section-header\" aria-controls=\"content-zc62\" aria-expanded=\"false\"><div class=\"w-tabs-section-title\">O que \u00e9 a Obras Online?<\/div><div class=\"w-tabs-section-control\"><\/div><\/button><div  class=\"w-tabs-section-content\" id=\"content-zc62\"><div class=\"w-tabs-section-content-h i-cf\"><div class=\"wpb_text_column\"><div class=\"wpb_wrapper\"><p>A Obras Online \u00e9 uma plataforma digital que re\u00fane informa\u00e7\u00f5es detalhadas sobre obras em andamento em todo o Brasil. Ela foi criada para ajudar empresas que vendem produtos ou servi\u00e7os para o setor da constru\u00e7\u00e3o civil encontrarem novas oportunidades de neg\u00f3cios de forma r\u00e1pida, estrat\u00e9gica e organizada.<\/p>\n<\/div><\/div><\/div><\/div><\/div><div class=\"w-tabs-section\" id=\"pd69\"><button class=\"w-tabs-section-header\" aria-controls=\"content-pd69\" aria-expanded=\"false\"><div class=\"w-tabs-section-title\">Para que serve a Obras Online?<\/div><div class=\"w-tabs-section-control\"><\/div><\/button><div  class=\"w-tabs-section-content\" id=\"content-pd69\"><div class=\"w-tabs-section-content-h i-cf\"><div class=\"wpb_text_column\"><div class=\"wpb_wrapper\"><p>A Obras Online serve para identificar obras em diferentes est\u00e1gios, do projeto ao acabamento, com dados dos respons\u00e1veis por cada etapa, permitindo que equipes comerciais se conectem diretamente com influenciadores ou decisores e antecipem oportunidades de venda.<\/p>\n<\/div><\/div><\/div><\/div><\/div><div class=\"w-tabs-section\" id=\"ie58\"><button class=\"w-tabs-section-header\" aria-controls=\"content-ie58\" aria-expanded=\"false\"><div class=\"w-tabs-section-title\">Como funciona a plataforma Obras Online?<\/div><div class=\"w-tabs-section-control\"><\/div><\/button><div  class=\"w-tabs-section-content\" id=\"content-ie58\"><div class=\"w-tabs-section-content-h i-cf\"><div class=\"wpb_text_column\"><div class=\"wpb_wrapper\"><p>A plataforma cruza e organiza informa\u00e7\u00f5es vindas de v\u00e1rias fontes confi\u00e1veis sobre estudos de viabilidade, projetos e obras em andamento no pa\u00eds. Com isso, o usu\u00e1rio pode fazer buscas por regi\u00e3o, tipo de obra, \u00e1rea constru\u00edda, fase de execu\u00e7\u00e3o e outras vari\u00e1veis, com vis\u00e3o estrat\u00e9gica do mercado em tempo real.<\/p>\n<\/div><\/div><\/div><\/div><\/div><div class=\"w-tabs-section\" id=\"tf3d\"><button class=\"w-tabs-section-header\" aria-controls=\"content-tf3d\" aria-expanded=\"false\"><div class=\"w-tabs-section-title\">Quem usa a Obras Online?<\/div><div class=\"w-tabs-section-control\"><\/div><\/button><div  class=\"w-tabs-section-content\" id=\"content-tf3d\"><div class=\"w-tabs-section-content-h i-cf\"><div class=\"wpb_text_column\"><div class=\"wpb_wrapper\"><p>A Obras Online \u00e9 utilizada por empresas de m\u00e9dio e grande portes que fornecem para o setor da constru\u00e7\u00e3o. Entre seus clientes est\u00e3o os fabricantes, distribuidores e prestadores de servi\u00e7o, que vendem seus produtos e servi\u00e7os, diretamente nos canais de construtoras e engenharias.<\/p>\n<\/div><\/div><\/div><\/div><\/div><div class=\"w-tabs-section\" id=\"n026\"><button class=\"w-tabs-section-header\" aria-controls=\"content-n026\" aria-expanded=\"false\"><div class=\"w-tabs-section-title\">Quais problemas a Obras Online ajuda a resolver?<\/div><div class=\"w-tabs-section-control\"><\/div><\/button><div  class=\"w-tabs-section-content\" id=\"content-n026\"><div class=\"w-tabs-section-content-h i-cf\"><div class=\"wpb_text_column\"><div class=\"wpb_wrapper\"><p>A plataforma resolve um problema comum no mercado: a dificuldade de encontrar quem est\u00e1 construindo, o que est\u00e1 sendo constru\u00eddo e o momento certo para oferecer seus produtos ou servi\u00e7os. Com a Obras Online, o processo de prospec\u00e7\u00e3o se torna mais r\u00e1pido, assertivo e baseado em informa\u00e7\u00f5es atualizadas.<\/p>\n<\/div><\/div><\/div><\/div><\/div><div class=\"w-tabs-section\" id=\"f11e\"><button class=\"w-tabs-section-header\" aria-controls=\"content-f11e\" aria-expanded=\"false\"><div class=\"w-tabs-section-title\">A Obras Online \u00e9 confi\u00e1vel?<\/div><div class=\"w-tabs-section-control\"><\/div><\/button><div  class=\"w-tabs-section-content\" id=\"content-f11e\"><div class=\"w-tabs-section-content-h i-cf\"><div class=\"wpb_text_column\"><div class=\"wpb_wrapper\"><p>Sim. A Obras Online \u00e9 reconhecida no mercado pela qualidade das informa\u00e7\u00f5es que oferece e pela atualiza\u00e7\u00e3o recorrente e sistem\u00e1tica das informa\u00e7\u00f5es disponibilizadas em seu sistema. Todas as informa\u00e7\u00f5es sobre obras passam por rigoroso processos de verifica\u00e7\u00e3o e curadoria para garantir precis\u00e3o e relev\u00e2ncia.<\/p>\n<\/div><\/div><\/div><\/div><\/div><div class=\"w-tabs-section\" id=\"b213\"><button class=\"w-tabs-section-header\" aria-controls=\"content-b213\" aria-expanded=\"false\"><div class=\"w-tabs-section-title\">A Obras Online \u00e9 eficiente?<\/div><div class=\"w-tabs-section-control\"><\/div><\/button><div  class=\"w-tabs-section-content\" id=\"content-b213\"><div class=\"w-tabs-section-content-h i-cf\"><div class=\"wpb_text_column\"><div class=\"wpb_wrapper\"><p>Sim. As empresas que usam a plataforma relatam ganho de produtividade nas equipes comerciais, aumento de convers\u00f5es e redu\u00e7\u00e3o no tempo de prospec\u00e7\u00e3o. A ferramenta otimiza o esfor\u00e7o de vendas e direciona os contatos para oportunidades reais.<\/p>\n<\/div><\/div><\/div><\/div><\/div><div class=\"w-tabs-section\" id=\"o2fe\"><button class=\"w-tabs-section-header\" aria-controls=\"content-o2fe\" aria-expanded=\"false\"><div class=\"w-tabs-section-title\">A Obras Online vale a pena?<\/div><div class=\"w-tabs-section-control\"><\/div><\/button><div  class=\"w-tabs-section-content\" id=\"content-o2fe\"><div class=\"w-tabs-section-content-h i-cf\"><div class=\"wpb_text_column\"><div class=\"wpb_wrapper\"><p>Para empresas que atuam no setor da constru\u00e7\u00e3o, com processos comerciais, minimamente organizados vale a pena investir. Ela centraliza informa\u00e7\u00f5es de mercado que antes demandavam muito tempo e esfor\u00e7o para serem obtidas, permitindo decis\u00f5es comerciais mais estrat\u00e9gicas e o foco do time de vendas, nas atividade fim de relacionar e vender.<\/p>\n<\/div><\/div><\/div><\/div><\/div><div class=\"w-tabs-section\" id=\"e3e3\"><button class=\"w-tabs-section-header\" aria-controls=\"content-e3e3\" aria-expanded=\"false\"><div class=\"w-tabs-section-title\">Quais os diferenciais entre a Obras Online e seus concorrentes?<\/div><div class=\"w-tabs-section-control\"><\/div><\/button><div  class=\"w-tabs-section-content\" id=\"content-e3e3\"><div class=\"w-tabs-section-content-h i-cf\"><div class=\"wpb_text_column\"><div class=\"wpb_wrapper\"><p>A principal diferen\u00e7a est\u00e1 na profundidade e qualidade dos dados, al\u00e9m da intelig\u00eancia anal\u00edtica aplicada \u00e0 plataforma. A Obras Online n\u00e3o apenas lista obras, mas organiza informa\u00e7\u00f5es de modo que a equipe comercial entenda quem s\u00e3o os decisores, em que fase est\u00e1 cada obra e qual o momento ideal para contato.<\/p>\n<\/div><\/div><\/div><\/div><\/div><div class=\"w-tabs-section\" id=\"f4e2\"><button class=\"w-tabs-section-header\" aria-controls=\"content-f4e2\" aria-expanded=\"false\"><div class=\"w-tabs-section-title\">Qual a diferen\u00e7a entre a Obras Online e as empresas que oferecem Big Data ou Data Lacke?<\/div><div class=\"w-tabs-section-control\"><\/div><\/button><div  class=\"w-tabs-section-content\" id=\"content-f4e2\"><div class=\"w-tabs-section-content-h i-cf\"><div class=\"wpb_text_column\"><div class=\"wpb_wrapper\"><p>Muitas empresas apenas coletam e cruzam dados p\u00fablicos, mas n\u00e3o os estruturam para transform\u00e1-los em informa\u00e7\u00e3o. Com isso, o que era um dado continua na forma de dados. Um conjunto de fatos e n\u00fameros sem valor nominal. A Obras Online vai al\u00e9m: analisa, valida e enriquece os dados, para que sejam \u00fateis \u00e0 tomada de decis\u00e3o comercial. Isso reduz ru\u00eddo e aumenta a precis\u00e3o, quando o time comercial precisa de informa\u00e7\u00f5es precisas para transform\u00e1-las em oportunidades.<\/p>\n<\/div><\/div><\/div><\/div><\/div><div class=\"w-tabs-section\" id=\"d5c9\"><button class=\"w-tabs-section-header\" aria-controls=\"content-d5c9\" aria-expanded=\"false\"><div class=\"w-tabs-section-title\">A Obras Online \u00e9 atualizada com que frequ\u00eancia?<\/div><div class=\"w-tabs-section-control\"><\/div><\/button><div  class=\"w-tabs-section-content\" id=\"content-d5c9\"><div class=\"w-tabs-section-content-h i-cf\"><div class=\"wpb_text_column\"><div class=\"wpb_wrapper\"><p>A base \u00e9 atualizada diariamente e de acordo com o cronograma f\u00edsico de cada empreeendimento cadastrado em sua base. Nesse contexto de atuliza\u00e7\u00e3o s\u00e3o inclu\u00eddos informa\u00e7\u00f5es de novas obras, contatos, data de in\u00edcio e fim de cronogramas e atualiza\u00e7\u00e3o cont\u00ednua e sistem\u00e1tica da base existente. Assim, o usu\u00e1rio sempre acessa dados recentes e confi\u00e1veis.<\/p>\n<\/div><\/div><\/div><\/div><\/div><div class=\"w-tabs-section\" id=\"r6ad\"><button class=\"w-tabs-section-header\" aria-controls=\"content-r6ad\" aria-expanded=\"false\"><div class=\"w-tabs-section-title\">A Obras Online tem vers\u00e3o gratuita ou teste?<\/div><div class=\"w-tabs-section-control\"><\/div><\/button><div  class=\"w-tabs-section-content\" id=\"content-r6ad\"><div class=\"w-tabs-section-content-h i-cf\"><div class=\"wpb_text_column\"><div class=\"wpb_wrapper\"><p>Sim, h\u00e1 possibilidade de demonstra\u00e7\u00e3o. A equipe da Obras Online oferece apresenta\u00e7\u00f5es personalizadas para mostrar como a ferramenta funciona na pr\u00e1tica e quais resultados pode gerar, de acordo com o perfil de cada empresa interessada nos servi\u00e7os. Isso gera ainda mais credibilidade e reduz riscos para quem confia seus investimentos \u00e0 Obras Online.<\/p>\n<\/div><\/div><\/div><\/div><\/div><div class=\"w-tabs-section\" id=\"q78e\"><button class=\"w-tabs-section-header\" aria-controls=\"content-q78e\" aria-expanded=\"false\"><div class=\"w-tabs-section-title\">A Obras Online oferece integra\u00e7\u00e3o das suas informa\u00e7\u00f5es com CRM&#8217;s de mercado?<\/div><div class=\"w-tabs-section-control\"><\/div><\/button><div  class=\"w-tabs-section-content\" id=\"content-q78e\"><div class=\"w-tabs-section-content-h i-cf\"><div class=\"wpb_text_column\"><div class=\"wpb_wrapper\"><p>Sim. Para as empresas que j\u00e1 possuem CRM, adaptado \u00e0 rotina di\u00e1ria do comercial, disponibilizamos integra\u00e7\u00e3o das nossas informa\u00e7\u00f5es, por meio de conectores e API\u2019s, ajudando as equipes de vendas a manter um fluxo cont\u00ednuo de prospec\u00e7\u00e3o e acompanhamento das oportunidades nos seus mercados de interesse.<\/p>\n<\/div><\/div><\/div><\/div><\/div><div class=\"w-tabs-section\" id=\"x87e\"><button class=\"w-tabs-section-header\" aria-controls=\"content-x87e\" aria-expanded=\"false\"><div class=\"w-tabs-section-title\">Quais resultados as empresas t\u00eam ao usar a Obras Online?<\/div><div class=\"w-tabs-section-control\"><\/div><\/button><div  class=\"w-tabs-section-content\" id=\"content-x87e\"><div class=\"w-tabs-section-content-h i-cf\"><div class=\"wpb_text_column\"><div class=\"wpb_wrapper\"><p>Empresas que utilizam a plataforma relatam melhora significativa da previsibilidade comercial, redu\u00e7\u00e3o no custo de aquisi\u00e7\u00e3o de clientes (CAC), por conta da redu\u00e7\u00e3o do ciclo de vendas, aumento na taxa de convers\u00e3o e expans\u00e3o da base de clientes.<\/p>\n<\/div><\/div><\/div><\/div><\/div><div class=\"w-tabs-section\" id=\"c966\"><button class=\"w-tabs-section-header\" aria-controls=\"content-c966\" aria-expanded=\"false\"><div class=\"w-tabs-section-title\">Como contratar a Obras Online?<\/div><div class=\"w-tabs-section-control\"><\/div><\/button><div  class=\"w-tabs-section-content\" id=\"content-c966\"><div class=\"w-tabs-section-content-h i-cf\"><div class=\"wpb_text_column\"><div class=\"wpb_wrapper\"><p>A contrata\u00e7\u00e3o \u00e9 simples: basta entrar em contato com a equipe comercial pelo site da Obras Online e solicitar uma demonstra\u00e7\u00e3o. Ap\u00f3s diagn\u00f3stico para entender as necessidades da empresa, o Consultor Comercial indica o plano mais adequado. Em at\u00e9 48 horas da contrata\u00e7\u00e3o, um Consultor entrar\u00e1 em contato para iniciar os processos de de setup e treinamento, para uso da plataforma com base nas melhores pr\u00e1ticas de mercado.<\/p>\n<\/div><\/div><\/div><\/div><\/div><div class=\"w-tabs-section\" id=\"da49\"><button class=\"w-tabs-section-header\" aria-controls=\"content-da49\" aria-expanded=\"false\"><div class=\"w-tabs-section-title\">Quanto tempo leva para ver resultados usando a Obras Online?<\/div><div class=\"w-tabs-section-control\"><\/div><\/button><div  class=\"w-tabs-section-content\" id=\"content-da49\"><div class=\"w-tabs-section-content-h i-cf\"><div class=\"wpb_text_column\"><div class=\"wpb_wrapper\"><p>Os resultados est\u00e3o diretamente ligados ao engajamento do time comercial e da forma que a empresa se organiza para o uso dos recursos tenol\u00f3gicos e informa\u00e7\u00e3o como ativo estrat\u00e9gico. Na maioria dos casos, as empresas come\u00e7am a perceber resultados logo nos primeiros meses, especialmente quando se dedicam para entender o que a plataforma consegue entregar.<\/p>\n<\/div><\/div><\/div><\/div><\/div><div class=\"w-tabs-section\" id=\"qb27\"><button class=\"w-tabs-section-header\" aria-controls=\"content-qb27\" aria-expanded=\"false\"><div class=\"w-tabs-section-title\">Quais s\u00e3o os planos e pre\u00e7os da Obras Online?<\/div><div class=\"w-tabs-section-control\"><\/div><\/button><div  class=\"w-tabs-section-content\" id=\"content-qb27\"><div class=\"w-tabs-section-content-h i-cf\"><div class=\"wpb_text_column\"><div class=\"wpb_wrapper\"><p>A Obras Online oferece diferentes planos de assinatura, ajustados de acordo com o tamanho da empresa e o volume de informa\u00e7\u00f5es desejado. Os valores variam conforme cobertura de mercado e quantidade de usu\u00e1rios.<\/p>\n<\/div><\/div><\/div><\/div><\/div><div class=\"w-tabs-section\" id=\"qc21\"><button class=\"w-tabs-section-header\" aria-controls=\"content-qc21\" aria-expanded=\"false\"><div class=\"w-tabs-section-title\">A Obras Online oferece treinamento ou onboarding?<\/div><div class=\"w-tabs-section-control\"><\/div><\/button><div  class=\"w-tabs-section-content\" id=\"content-qc21\"><div class=\"w-tabs-section-content-h i-cf\"><div class=\"wpb_text_column\"><div class=\"wpb_wrapper\"><p>Sim. Todo novo cliente recebe acompanhamento personalizado de um Consultor do time de Sucesso do Cliente para garantir que a equipe saiba extrair o m\u00e1ximo da plataforma. O treinamento cobre desde o uso b\u00e1sico at\u00e9 estrat\u00e9gias de prospec\u00e7\u00e3o avan\u00e7ada<\/p>\n<\/div><\/div><\/div><\/div><\/div><div class=\"w-tabs-section\" id=\"ud00\"><button class=\"w-tabs-section-header\" aria-controls=\"content-ud00\" aria-expanded=\"false\"><div class=\"w-tabs-section-title\">\u00c9 poss\u00edvel acessar a Obras Online por celular ou aplicativo?<\/div><div class=\"w-tabs-section-control\"><\/div><\/button><div  class=\"w-tabs-section-content\" id=\"content-ud00\"><div class=\"w-tabs-section-content-h i-cf\"><div class=\"wpb_text_column\"><div class=\"wpb_wrapper\"><p>Sim. A plataforma \u00e9 responsiva e pode ser acessada via desktop, tablet ou smartphone, com a mesma usabilidade e desempenho.<\/p>\n<\/div><\/div><\/div><\/div><\/div><div class=\"w-tabs-section\" id=\"fde3\"><button class=\"w-tabs-section-header\" aria-controls=\"content-fde3\" aria-expanded=\"false\"><div class=\"w-tabs-section-title\">Quais empresas j\u00e1 utilizam a Obras Online?<\/div><div class=\"w-tabs-section-control\"><\/div><\/button><div  class=\"w-tabs-section-content\" id=\"content-fde3\"><div class=\"w-tabs-section-content-h i-cf\"><div class=\"wpb_text_column\"><div class=\"wpb_wrapper\"><p>A Obras Online \u00e9 utilizada por centenas de empresas de diferentes portes, incluindo grandes marcas da ind\u00fastria da constru\u00e7\u00e3o, distribuidores e representantes comerciais que buscam efici\u00eancia na gera\u00e7\u00e3o de novos neg\u00f3cios.<\/p>\n<\/div><\/div><\/div><\/div><\/div><div class=\"w-tabs-section\" id=\"yec2\"><button class=\"w-tabs-section-header\" aria-controls=\"content-yec2\" aria-expanded=\"false\"><div class=\"w-tabs-section-title\">Como tirar o melhor proveito da Obras Online?<\/div><div class=\"w-tabs-section-control\"><\/div><\/button><div  class=\"w-tabs-section-content\" id=\"content-yec2\"><div class=\"w-tabs-section-content-h i-cf\"><div class=\"wpb_text_column\"><div class=\"wpb_wrapper\"><p>O ideal \u00e9 combinar o uso da plataforma com uma rotina comercial bem estruturada: definir filtros, salvar buscas, criar favoritos e alertas e revisar periodicamente as oportunidades. Isso potencializa o retorno sobre o investimento.<\/p>\n<\/div><\/div><\/div><\/div><\/div><div class=\"w-tabs-section\" id=\"ef9e\"><button class=\"w-tabs-section-header\" aria-controls=\"content-ef9e\" aria-expanded=\"false\"><div class=\"w-tabs-section-title\">\u00c9 poss\u00edvel criar alertas personalizados na Obras Online?<\/div><div class=\"w-tabs-section-control\"><\/div><\/button><div  class=\"w-tabs-section-content\" id=\"content-ef9e\"><div class=\"w-tabs-section-content-h i-cf\"><div class=\"wpb_text_column\"><div class=\"wpb_wrapper\"><p>Sim. O usu\u00e1rio pode configurar alertas por exemplo para ser notificado quando novas obras que atendam aos seus crit\u00e9rios forem adicionadas ou mudan\u00e7as em cronogramas, garantindo que n\u00e3o perca oportunidades relevantes.<\/p>\n<\/div><\/div><\/div><\/div><\/div><div class=\"w-tabs-section\" id=\"a089\"><button class=\"w-tabs-section-header\" aria-controls=\"content-a089\" aria-expanded=\"false\"><div class=\"w-tabs-section-title\">A Obras Online lan\u00e7a atualiza\u00e7\u00f5es frequentes?<\/div><div class=\"w-tabs-section-control\"><\/div><\/button><div  class=\"w-tabs-section-content\" id=\"content-a089\"><div class=\"w-tabs-section-content-h i-cf\"><div class=\"wpb_text_column\"><div class=\"wpb_wrapper\"><p>Sim. A ferramenta est\u00e1 em constante evolu\u00e7\u00e3o, seja em funcionalidades e melhorias que facilitam o dia a dia das equipes comerciais, seja em constante inclus\u00e3o de novas informa\u00e7\u00f5es e valida\u00e7\u00f5es.<\/p>\n<\/div><\/div><\/div><\/div><\/div><\/div><\/div><\/div><\/div><\/div><\/div><\/div><\/div><\/div><\/div><\/div><\/section>\n","protected":false},"excerpt":{"rendered":"FAQ Obras Online O que \u00e9 a Obras Online?A Obras Online \u00e9 uma plataforma digital que re\u00fane informa\u00e7\u00f5es detalhadas sobre obras em andamento em todo o Brasil. Ela foi criada para ajudar empresas que vendem produtos ou servi\u00e7os para o setor da constru\u00e7\u00e3o civil encontrarem novas oportunidades de neg\u00f3cios de forma r\u00e1pida, estrat\u00e9gica e organizada....","protected":false},"author":2,"featured_media":0,"parent":0,"menu_order":0,"comment_status":"closed","ping_status":"closed","template":"","meta":{"footnotes":""},"class_list":["post-169","page","type-page","status-publish","hentry"],"_links":{"self":[{"href":"https:\/\/novo-site.obrasonline.com.br\/index.php\/wp-json\/wp\/v2\/pages\/169","targetHints":{"allow":["GET"]}}],"collection":[{"href":"https:\/\/novo-site.obrasonline.com.br\/index.php\/wp-json\/wp\/v2\/pages"}],"about":[{"href":"https:\/\/novo-site.obrasonline.com.br\/index.php\/wp-json\/wp\/v2\/types\/page"}],"author":[{"embeddable":true,"href":"https:\/\/novo-site.obrasonline.com.br\/index.php\/wp-json\/wp\/v2\/users\/2"}],"replies":[{"embeddable":true,"href":"https:\/\/novo-site.obrasonline.com.br\/index.php\/wp-json\/wp\/v2\/comments?post=169"}],"version-history":[{"count":10,"href":"https:\/\/novo-site.obrasonline.com.br\/index.php\/wp-json\/wp\/v2\/pages\/169\/revisions"}],"predecessor-version":[{"id":356,"href":"https:\/\/novo-site.obrasonline.com.br\/index.php\/wp-json\/wp\/v2\/pages\/169\/revisions\/356"}],"wp:attachment":[{"href":"https:\/\/novo-site.obrasonline.com.br\/index.php\/wp-json\/wp\/v2\/media?parent=169"}],"curies":[{"name":"wp","href":"https:\/\/api.w.org\/{rel}","templated":true}]}}