{"id":246,"date":"2025-10-28T19:08:05","date_gmt":"2025-10-28T19:08:05","guid":{"rendered":"https:\/\/novo-site.obrasonline.com.br\/?page_id=246"},"modified":"2025-11-05T17:59:46","modified_gmt":"2025-11-05T17:59:46","slug":"faq-construtarget","status":"publish","type":"page","link":"https:\/\/novo-site.obrasonline.com.br\/index.php\/faq-construtarget\/","title":{"rendered":"FAQ"},"content":{"rendered":"<section class=\"l-section wpb_row us_custom_7faae64b height_medium with_img\"><div class=\"l-section-img\" role=\"img\" aria-label=\"Imagem\" data-img-width=\"1916\" data-img-height=\"626\" style=\"background-image: url(https:\/\/novo-site.obrasonline.com.br\/wp-content\/uploads\/2025\/10\/baneer.png);background-position: top center;background-repeat: no-repeat;\"><\/div><div class=\"l-section-h i-cf\"><div class=\"g-cols vc_row via_flex valign_top type_default stacking_default\"><div class=\"vc_col-sm-12 wpb_column vc_column_container\"><div class=\"vc_column-inner\"><div class=\"wpb_wrapper\"><div class=\"wpb_text_column us_custom_d467173a has_text_color\"><div class=\"wpb_wrapper\"><h1>FAQ ConstruTarget<\/h1>\n<\/div><\/div><\/div><\/div><\/div><\/div><\/div><\/section><section class=\"l-section wpb_row height_auto\"><div class=\"l-section-h i-cf\"><div class=\"g-cols vc_row via_flex valign_top type_default stacking_default\"><div class=\"vc_col-sm-12 wpb_column vc_column_container\"><div class=\"vc_column-inner\"><div class=\"wpb_wrapper\"><div class=\"w-separator size_custom\" style=\"height:10px\"><\/div><\/div><\/div><\/div><\/div><\/div><\/section><section class=\"l-section wpb_row us_custom_365af84e height_medium\"><div class=\"l-section-h i-cf\"><div class=\"g-cols vc_row via_flex valign_top type_default stacking_default\"><div class=\"vc_col-sm-12 wpb_column vc_column_container\"><div class=\"vc_column-inner\"><div class=\"wpb_wrapper\"><div class=\"g-cols wpb_row via_flex valign_top type_default stacking_default\" id=\"faq\"><div class=\"vc_col-sm-12 wpb_column vc_column_container\"><div class=\"vc_column-inner\"><div class=\"wpb_wrapper\"><div class=\"w-tabs us_custom_25f1e480 has_text_color style_default switch_click accordion has_scrolling\" style=\"--sections-title-size:inherit\" id=\"inusitta2\"><div class=\"w-tabs-sections titles-align_none icon_chevron cpos_right\"><div class=\"w-tabs-section\" id=\"m5df\"><button class=\"w-tabs-section-header\" aria-controls=\"content-m5df\" aria-expanded=\"false\"><div class=\"w-tabs-section-title\">O que \u00e9 o ConstruTarget CRM?<\/div><div class=\"w-tabs-section-control\"><\/div><\/button><div  class=\"w-tabs-section-content\" id=\"content-m5df\"><div class=\"w-tabs-section-content-h i-cf\"><div class=\"wpb_text_column\"><div class=\"wpb_wrapper\"><p>O ConstruTarget \u00e9 um CRM desenvolvido pela equipe da Obras Online em parceria com o time de tecnologia da Ploomes, criado especialmente para fornecedores da constru\u00e7\u00e3o, que comercializam seus produtos e servi\u00e7os diretamente nos canais de construtoras e engenharias. Diferente dos CRMs gen\u00e9ricos, o ConstruTarget j\u00e1 nasce com l\u00f3gica comercial adaptada ao setor, integra\u00e7\u00e3o direta com a base de obras da Obras Online e funcionalidades que simplificam a rotina de vendas B2B nesse mercado.<\/p>\n<\/div><\/div><\/div><\/div><\/div><div class=\"w-tabs-section\" id=\"o6fa\"><button class=\"w-tabs-section-header\" aria-controls=\"content-o6fa\" aria-expanded=\"false\"><div class=\"w-tabs-section-title\">ConstruTarget \u00e9 indicado para minha empresa?<\/div><div class=\"w-tabs-section-control\"><\/div><\/button><div  class=\"w-tabs-section-content\" id=\"content-o6fa\"><div class=\"w-tabs-section-content-h i-cf\"><div class=\"wpb_text_column\"><div class=\"wpb_wrapper\"><p>O ConstruTarget \u00e9 ideal para fabricantes, distribuidores e prestadores de servi\u00e7o que vendem suas solu\u00e7\u00f5es para obras imobili\u00e1rias, industriais e de infraestrutura. Ele \u00e9 especialmente \u00fatil para empresas que: ainda n\u00e3o possuem um CRM estruturado e utilizam planilhas ou sistemas improvisados, t\u00eam dificuldade em acompanhar o pipeline comercial, desejam conectar a prospec\u00e7\u00e3o de obras diretamente ao acompanhamento de venda e aquelas que buscam mais previsibilidade e organiza\u00e7\u00e3o no processo comercial.<\/p>\n<\/div><\/div><\/div><\/div><\/div><div class=\"w-tabs-section\" id=\"a849\"><button class=\"w-tabs-section-header\" aria-controls=\"content-a849\" aria-expanded=\"false\"><div class=\"w-tabs-section-title\">Qual a diferen\u00e7a entre usar apenas a Obras Online e usar tamb\u00e9m o ConstruTarget?<\/div><div class=\"w-tabs-section-control\"><\/div><\/button><div  class=\"w-tabs-section-content\" id=\"content-a849\"><div class=\"w-tabs-section-content-h i-cf\"><div class=\"wpb_text_column\"><div class=\"wpb_wrapper\"><p>A Obras Online \u00e9 uma plataforma de intelig\u00eancia de mercado que revela onde est\u00e3o as obras, quem s\u00e3o os respons\u00e1veis e em que fase cada projeto ou obra se encontra no momento da consulta. Em outras palavras, \u00e9 uma fonte de leads comerciais pr\u00e9-qualificados, pronta para que sua equipe comercial transforme informa\u00e7\u00e3o em oportunidades reais de venda.<\/p>\n<p>J\u00e1 o ConstruTarget CRM permite gerenciar essas oportunidades, atrav\u00e9s de um fluxo pr\u00e9-determinado de jornadas, acompanhando cada contato, proposta e negocia\u00e7\u00e3o, do primeiro lead at\u00e9 o fechamento.<\/p>\n<p>Quando utilizados em conjunto, eles proporcionam uma vis\u00e3o completa e integrada do funil comercial. Ou seja Obras Online identifica os leads e oportunidades de obras e o ConstruTarget CRM organiza, acompanha e gera m\u00e9tricas de convers\u00e3o e performance. Essa combina\u00e7\u00e3o torna o processo comercial mais \u00e1gil, estrat\u00e9gico e inteligente, reduzindo perdas de informa\u00e7\u00e3o entre as etapas de prospec\u00e7\u00e3o e venda.<\/p>\n<\/div><\/div><\/div><\/div><\/div><div class=\"w-tabs-section\" id=\"u942\"><button class=\"w-tabs-section-header\" aria-controls=\"content-u942\" aria-expanded=\"false\"><div class=\"w-tabs-section-title\">Como o ConstruTarget se integra \u00e0 Obras Online?<\/div><div class=\"w-tabs-section-control\"><\/div><\/button><div  class=\"w-tabs-section-content\" id=\"content-u942\"><div class=\"w-tabs-section-content-h i-cf\"><div class=\"wpb_text_column\"><div class=\"wpb_wrapper\"><p>O ConstruTarget foi desenvolvido para se conectar de forma nativa com a base de dados da Obras Online. Assim, o time comercial prioriza as oportunidades mais relevantes e registra as intera\u00e7\u00f5es em tempo real, mantendo o hist\u00f3rico completo de cada relacionamento, desde o primeiro contato com o cliente potencial, at\u00e9 o fechamento. Uma solu\u00e7\u00e3o utliza em processos organizacionais para transformar KPI&#8217;s em OPI&#8217;s. Uma abordagem para desdobrar metas estrat\u00e9gicas em a\u00e7\u00f5es operacionais concretas e mensur\u00e1veis.<\/p>\n<\/div><\/div><\/div><\/div><\/div><div class=\"w-tabs-section\" id=\"aa45\"><button class=\"w-tabs-section-header\" aria-controls=\"content-aa45\" aria-expanded=\"false\"><div class=\"w-tabs-section-title\">Posso migrar do meu CRM atual para o ConstruTarget?<\/div><div class=\"w-tabs-section-control\"><\/div><\/button><div  class=\"w-tabs-section-content\" id=\"content-aa45\"><div class=\"w-tabs-section-content-h i-cf\"><div class=\"wpb_text_column\"><div class=\"wpb_wrapper\"><p>Sim. A equipe t\u00e9cnica da Obras Online oferece suporte para migra\u00e7\u00e3o dos dados de outros CRMs ou planilhas para o ConstruTarget. O processo \u00e9 seguro e planejado para evitar perdas de informa\u00e7\u00e3o, permitindo que a empresa continue suas opera\u00e7\u00f5es normalmente durante a transi\u00e7\u00e3o.<\/p>\n<\/div><\/div><\/div><\/div><\/div><div class=\"w-tabs-section\" id=\"ib51\"><button class=\"w-tabs-section-header\" aria-controls=\"content-ib51\" aria-expanded=\"false\"><div class=\"w-tabs-section-title\">O ConstruTarget substitui a Obras Online?<\/div><div class=\"w-tabs-section-control\"><\/div><\/button><div  class=\"w-tabs-section-content\" id=\"content-ib51\"><div class=\"w-tabs-section-content-h i-cf\"><div class=\"wpb_text_column\"><div class=\"wpb_wrapper\"><p>N\u00e3o. O ConstruTarget complementa a Obras Online. Enquanto a Obras Online fornece intelig\u00eancia de mercado e dados de prospec\u00e7\u00e3o, o ConstruTarget organiza o processo comercial, registra intera\u00e7\u00f5es e ajuda a equipe de vendas a trabalhar com foco e previsibilidade. Juntos, eles formam um ecossistema completo de gera\u00e7\u00e3o e gest\u00e3o de oportunidades no mercado da constru\u00e7\u00e3o.<\/p>\n<\/div><\/div><\/div><\/div><\/div><div class=\"w-tabs-section\" id=\"rc71\"><button class=\"w-tabs-section-header\" aria-controls=\"content-rc71\" aria-expanded=\"false\"><div class=\"w-tabs-section-title\">O ConstruTarget \u00e9 f\u00e1cil de usar?<\/div><div class=\"w-tabs-section-control\"><\/div><\/button><div  class=\"w-tabs-section-content\" id=\"content-rc71\"><div class=\"w-tabs-section-content-h i-cf\"><div class=\"wpb_text_column\"><div class=\"wpb_wrapper\"><p>Sim. O CRM foi desenhado para ser intuitivo, com uma interface moderna e pr\u00e1tica, pensada para equipes comerciais que precisam de agilidade no dia a dia.<\/p>\n<p>O sistema tamb\u00e9m pode ser acessado por celular, tablet ou desktop, permitindo acompanhar o funil de vendas de qualquer lugar. Al\u00e9m da interface simples e inteligente, nossa equipe de Sucesso do Cliente (CS) pode oferecer treinamentos e acompanha de perto os clientes para que utilizem tirando m\u00e1ximo proveito da ferramenta.<\/p>\n<\/div><\/div><\/div><\/div><\/div><div class=\"w-tabs-section\" id=\"rd5d\"><button class=\"w-tabs-section-header\" aria-controls=\"content-rd5d\" aria-expanded=\"false\"><div class=\"w-tabs-section-title\">ConstruTarget pode ser usado por equipes externas de vendas?<\/div><div class=\"w-tabs-section-control\"><\/div><\/button><div  class=\"w-tabs-section-content\" id=\"content-rd5d\"><div class=\"w-tabs-section-content-h i-cf\"><div class=\"wpb_text_column\"><div class=\"wpb_wrapper\"><p>Sim. O sistema \u00e9 totalmente online e responsivo, o que facilita o uso por representantes, consultores e equipes externas. Os vendedores podem registrar visitas (fazer check in e Check out), atualizar o status das negocia\u00e7\u00f5es e consultar dados de obras em campo e at\u00e9 registrar imagens para transfer\u00eancia em nuvem, em ambiente exclusivo, para armazenamento no pr\u00f3rprio CRM, tudo em tempo real.<\/p>\n<\/div><\/div><\/div><\/div><\/div><div class=\"w-tabs-section\" id=\"se4b\"><button class=\"w-tabs-section-header\" aria-controls=\"content-se4b\" aria-expanded=\"false\"><div class=\"w-tabs-section-title\">O ConstruTarget oferece relat\u00f3rios e m\u00e9tricas de desempenho?<\/div><div class=\"w-tabs-section-control\"><\/div><\/button><div  class=\"w-tabs-section-content\" id=\"content-se4b\"><div class=\"w-tabs-section-content-h i-cf\"><div class=\"wpb_text_column\"><div class=\"wpb_wrapper\"><p>Sim. Como se sabe o que n\u00e3o \u00e9 mensural n\u00e3o \u00e9 gerenci\u00e1vel. E \u00e9 com base nessa l\u00f3gica que o ConstruTarget CRM, disponibiliza pain\u00e9is dasch. Pain\u00e9is de controle com indicadores, como n\u00famero de oportunidades em andamento, taxa de convers\u00e3o, valores por est\u00e1gio, neg\u00f3cios ganhos e perdidos, com ambiente de registro para quem perdeu, como forma de monitorar a concorr\u00eancia, al\u00e9m do acesso \u00e0 performance de cada vendedor. Tudo isso em tempo real e por n\u00edvel de usu\u00e1rio. Essas informa\u00e7\u00f5es ajudam gestores comerciais a tomar decis\u00f5es baseadas em informa\u00e7\u00f5es precisas e relevantes para melhorar continuamente seus resultados.<\/p>\n<\/div><\/div><\/div><\/div><\/div><div class=\"w-tabs-section\" id=\"if47\"><button class=\"w-tabs-section-header\" aria-controls=\"content-if47\" aria-expanded=\"false\"><div class=\"w-tabs-section-title\">\u00c9 poss\u00edvel personalizar o ConstruTarget para minha empresa?<\/div><div class=\"w-tabs-section-control\"><\/div><\/button><div  class=\"w-tabs-section-content\" id=\"content-if47\"><div class=\"w-tabs-section-content-h i-cf\"><div class=\"wpb_text_column\"><div class=\"wpb_wrapper\"><p>Sim. O CRM \u00e9 flex\u00edvel e pode ser configurado de acordo com a estrutura comercial e o processo de vendas de cada cliente. Fluxo de jornadas com etapas do funil, podem ser criadas sob demanda, tanto quanto relat\u00f3rios podem ser ajustados para refletir a realidade do neg\u00f3cio e facilitar o uso no dia a dia.<\/p>\n<\/div><\/div><\/div><\/div><\/div><div class=\"w-tabs-section\" id=\"v027\"><button class=\"w-tabs-section-header\" aria-controls=\"content-v027\" aria-expanded=\"false\"><div class=\"w-tabs-section-title\">O ConstruTarget pode ser integrado a outros sistemas da empresa?<\/div><div class=\"w-tabs-section-control\"><\/div><\/button><div  class=\"w-tabs-section-content\" id=\"content-v027\"><div class=\"w-tabs-section-content-h i-cf\"><div class=\"wpb_text_column\"><div class=\"wpb_wrapper\"><p>Sim. Al\u00e9m da integra\u00e7\u00e3o nativa com a Obras Online, o ConstruTarget pode se conectar com outros sistemas corporativos, como ERPs e ferramentas de automa\u00e7\u00e3o de marketing, garantindo fluxo cont\u00ednuo de informa\u00e7\u00f5es entre as \u00e1reas da empresa.<\/p>\n<\/div><\/div><\/div><\/div><\/div><div class=\"w-tabs-section\" id=\"l106\"><button class=\"w-tabs-section-header\" aria-controls=\"content-l106\" aria-expanded=\"false\"><div class=\"w-tabs-section-title\">O ConstruTarget tem suporte e treinamento?<\/div><div class=\"w-tabs-section-control\"><\/div><\/button><div  class=\"w-tabs-section-content\" id=\"content-l106\"><div class=\"w-tabs-section-content-h i-cf\"><div class=\"wpb_text_column\"><div class=\"wpb_wrapper\"><p>Sim. A equipe da Obras Online oferece treinamento completo e suporte t\u00e9cnico para implanta\u00e7\u00e3o e uso cont\u00ednuo do sistema. O objetivo \u00e9 garantir que a empresa tire o m\u00e1ximo proveito do CRM e alcance resultados tang\u00edveis logo nos primeiros meses de uso.<\/p>\n<\/div><\/div><\/div><\/div><\/div><div class=\"w-tabs-section\" id=\"z1e6\"><button class=\"w-tabs-section-header\" aria-controls=\"content-z1e6\" aria-expanded=\"false\"><div class=\"w-tabs-section-title\">Quais resultados as empresas t\u00eam ao usar o ConstruTarget?<\/div><div class=\"w-tabs-section-control\"><\/div><\/button><div  class=\"w-tabs-section-content\" id=\"content-z1e6\"><div class=\"w-tabs-section-content-h i-cf\"><div class=\"wpb_text_column\"><div class=\"wpb_wrapper\"><p>Empresas que utilizam o ConstruTarget relatam aumento da produtividade comercial, maior controle sobre o funil de vendas e previsibilidade nos resultados. A ferramenta ajuda a reduzir o tempo gasto com tarefas administrativas e de baixo valor, melhora o acompanhamento das negocia\u00e7\u00f5es e fortalece a rela\u00e7\u00e3o entre marketing e vendas.<\/p>\n<\/div><\/div><\/div><\/div><\/div><div class=\"w-tabs-section\" id=\"g2d1\"><button class=\"w-tabs-section-header\" aria-controls=\"content-g2d1\" aria-expanded=\"false\"><div class=\"w-tabs-section-title\">O ConstruTarget est\u00e1 dispon\u00edvel para todo o Brasil?<\/div><div class=\"w-tabs-section-control\"><\/div><\/button><div  class=\"w-tabs-section-content\" id=\"content-g2d1\"><div class=\"w-tabs-section-content-h i-cf\"><div class=\"wpb_text_column\"><div class=\"wpb_wrapper\"><p>Sim. Assim como a Obras Online, o ConstruTarget pode ser utilizado por empresas de todo o pa\u00eds. O acesso \u00e9 100% online e o suporte \u00e9 oferecido remotamente, o que permite atender clientes em todas as regi\u00f5es.<\/p>\n<\/div><\/div><\/div><\/div><\/div><\/div><\/div><\/div><\/div><\/div><\/div><\/div><\/div><\/div><\/div><\/div><\/section>\n","protected":false},"excerpt":{"rendered":"FAQ ConstruTarget O que \u00e9 o ConstruTarget CRM?O ConstruTarget \u00e9 um CRM desenvolvido pela equipe da Obras Online em parceria com o time de tecnologia da Ploomes, criado especialmente para fornecedores da constru\u00e7\u00e3o, que comercializam seus produtos e servi\u00e7os diretamente nos canais de construtoras e engenharias. Diferente dos CRMs gen\u00e9ricos, o ConstruTarget j\u00e1 nasce com...","protected":false},"author":2,"featured_media":0,"parent":0,"menu_order":0,"comment_status":"closed","ping_status":"closed","template":"","meta":{"footnotes":""},"class_list":["post-246","page","type-page","status-publish","hentry"],"_links":{"self":[{"href":"https:\/\/novo-site.obrasonline.com.br\/index.php\/wp-json\/wp\/v2\/pages\/246","targetHints":{"allow":["GET"]}}],"collection":[{"href":"https:\/\/novo-site.obrasonline.com.br\/index.php\/wp-json\/wp\/v2\/pages"}],"about":[{"href":"https:\/\/novo-site.obrasonline.com.br\/index.php\/wp-json\/wp\/v2\/types\/page"}],"author":[{"embeddable":true,"href":"https:\/\/novo-site.obrasonline.com.br\/index.php\/wp-json\/wp\/v2\/users\/2"}],"replies":[{"embeddable":true,"href":"https:\/\/novo-site.obrasonline.com.br\/index.php\/wp-json\/wp\/v2\/comments?post=246"}],"version-history":[{"count":4,"href":"https:\/\/novo-site.obrasonline.com.br\/index.php\/wp-json\/wp\/v2\/pages\/246\/revisions"}],"predecessor-version":[{"id":346,"href":"https:\/\/novo-site.obrasonline.com.br\/index.php\/wp-json\/wp\/v2\/pages\/246\/revisions\/346"}],"wp:attachment":[{"href":"https:\/\/novo-site.obrasonline.com.br\/index.php\/wp-json\/wp\/v2\/media?parent=246"}],"curies":[{"name":"wp","href":"https:\/\/api.w.org\/{rel}","templated":true}]}}