{"id":26,"date":"2025-10-27T11:28:13","date_gmt":"2025-10-27T11:28:13","guid":{"rendered":"https:\/\/novo-site.obrasonline.com.br\/?page_id=26"},"modified":"2025-11-12T15:01:52","modified_gmt":"2025-11-12T15:01:52","slug":"lgpd","status":"publish","type":"page","link":"https:\/\/novo-site.obrasonline.com.br\/index.php\/lgpd\/","title":{"rendered":"LGPD"},"content":{"rendered":"<section class=\"l-section wpb_row us_custom_7faae64b height_medium\"><div class=\"l-section-h i-cf\"><div class=\"g-cols vc_row via_flex valign_top type_default stacking_default\"><div class=\"vc_col-sm-12 wpb_column vc_column_container\"><div class=\"vc_column-inner\"><div class=\"wpb_wrapper\"><div class=\"wpb_text_column\"><div class=\"wpb_wrapper\"><h1>LGPD<\/h1>\n<\/div><\/div><\/div><\/div><\/div><\/div><\/div><\/section><section class=\"l-section wpb_row us_custom_b03640aa height_medium\"><div class=\"l-section-h i-cf\"><div class=\"g-cols vc_row via_flex valign_top type_default stacking_default\"><div class=\"vc_col-sm-12 wpb_column vc_column_container\"><div class=\"vc_column-inner\"><div class=\"wpb_wrapper\"><div class=\"wpb_text_column\"><div class=\"wpb_wrapper\"><div class=\"TitleBox_titleBox__jkQ8V TitleBox_yellow__ZL0py aos-init aos-animate\" data-aos=\"fade-up\">\n<div class=\"grid-x grid-container grid-padding-x TitleBox_grid___Pdj_ Terms_gridTitleBox__Bcphw\">\n<div class=\"cell\">\n<p><strong>COMPLIANCE E LGPD: ESTAMOS PRONTOS PARA LHE ATENDER<\/strong><\/p>\n<\/div>\n<\/div>\n<\/div>\n<div class=\"grid-x grid-container grid-padding-x\">\n<div class=\"cell\">\n<section class=\"Terms_content__5NOIr\">A prote\u00e7\u00e3o dos seus dados \u00e9 de suma import\u00e2ncia para n\u00f3s, assim como nossa transpar\u00eancia. Para facilitar seu acesso aos seus direitos, fornecemos a voc\u00ea 2 pontos de contato:<\/section>\n<section class=\"Terms_content__5NOIr\"><b><br \/>\ndpo@obrasonline.com.br<\/b> ou <a class=\"Terms_link__PFb03\" href=\"https:\/\/docs.google.com\/forms\/d\/1E42KijrztqdrMEXBJOjjGZrIXn4cixftipQ-L3t9nGk\/viewform?edit_requested=true\"><b>Form. de Requisi\u00e7\u00e3o<\/b><\/a><\/section>\n<section><\/section>\n<section><\/section>\n<section class=\"Terms_content__5NOIr\">O formul\u00e1rio \u00e9 opcional, por\u00e9m permitir\u00e1 uma an\u00e1lise mais direta e segura. Ap\u00f3s receber sua comunica\u00e7\u00e3o, responderemos o mais breve poss\u00edvel.<\/section>\n<\/div>\n<\/div>\n<\/div><\/div><\/div><\/div><\/div><\/div><\/div><\/section>\n","protected":false},"excerpt":{"rendered":"LGPD COMPLIANCE E LGPD: ESTAMOS PRONTOS PARA LHE ATENDER A prote\u00e7\u00e3o dos seus dados \u00e9 de suma import\u00e2ncia para n\u00f3s, assim como nossa transpar\u00eancia. Para facilitar seu acesso aos seus direitos, fornecemos a voc\u00ea 2 pontos de contato: dpo@obrasonline.com.br ou Form. de Requisi\u00e7\u00e3o O formul\u00e1rio \u00e9 opcional, por\u00e9m permitir\u00e1 uma an\u00e1lise mais direta e segura....","protected":false},"author":2,"featured_media":0,"parent":0,"menu_order":0,"comment_status":"closed","ping_status":"closed","template":"","meta":{"footnotes":""},"class_list":["post-26","page","type-page","status-publish","hentry"],"_links":{"self":[{"href":"https:\/\/novo-site.obrasonline.com.br\/index.php\/wp-json\/wp\/v2\/pages\/26","targetHints":{"allow":["GET"]}}],"collection":[{"href":"https:\/\/novo-site.obrasonline.com.br\/index.php\/wp-json\/wp\/v2\/pages"}],"about":[{"href":"https:\/\/novo-site.obrasonline.com.br\/index.php\/wp-json\/wp\/v2\/types\/page"}],"author":[{"embeddable":true,"href":"https:\/\/novo-site.obrasonline.com.br\/index.php\/wp-json\/wp\/v2\/users\/2"}],"replies":[{"embeddable":true,"href":"https:\/\/novo-site.obrasonline.com.br\/index.php\/wp-json\/wp\/v2\/comments?post=26"}],"version-history":[{"count":7,"href":"https:\/\/novo-site.obrasonline.com.br\/index.php\/wp-json\/wp\/v2\/pages\/26\/revisions"}],"predecessor-version":[{"id":566,"href":"https:\/\/novo-site.obrasonline.com.br\/index.php\/wp-json\/wp\/v2\/pages\/26\/revisions\/566"}],"wp:attachment":[{"href":"https:\/\/novo-site.obrasonline.com.br\/index.php\/wp-json\/wp\/v2\/media?parent=26"}],"curies":[{"name":"wp","href":"https:\/\/api.w.org\/{rel}","templated":true}]}}