{"id":3,"date":"2025-10-23T13:44:00","date_gmt":"2025-10-23T13:44:00","guid":{"rendered":"http:\/\/novo-site.obrasonline.com.br\/?page_id=3"},"modified":"2025-11-05T18:01:00","modified_gmt":"2025-11-05T18:01:00","slug":"politica-de-privacidade","status":"publish","type":"page","link":"https:\/\/novo-site.obrasonline.com.br\/index.php\/politica-de-privacidade\/","title":{"rendered":"Politica de privacidade"},"content":{"rendered":"<section class=\"l-section wpb_row us_custom_7faae64b height_medium\"><div class=\"l-section-h i-cf\"><div class=\"g-cols vc_row via_flex valign_top type_default stacking_default\"><div class=\"vc_col-sm-12 wpb_column vc_column_container\"><div class=\"vc_column-inner\"><div class=\"wpb_wrapper\"><div class=\"wpb_text_column\"><div class=\"wpb_wrapper\"><h1>Politca de privacidade<\/h1>\n<\/div><\/div><\/div><\/div><\/div><\/div><\/div><\/section><section class=\"l-section wpb_row us_custom_b03640aa height_medium\"><div class=\"l-section-h i-cf\"><div class=\"g-cols vc_row via_flex valign_top type_default stacking_default\"><div class=\"vc_col-sm-12 wpb_column vc_column_container\"><div class=\"vc_column-inner\"><div class=\"wpb_wrapper\"><div class=\"wpb_text_column\"><div class=\"wpb_wrapper\"><p>\u2013 Introdu\u00e7\u00e3o<\/p>\n<p>Vers\u00e3o: 1.0<\/p>\n<p>Data: 31\/12\/2024<\/p>\n<p>A Obras Online realiza o monitoramento cont\u00ednuo da sua Pol\u00edtica de Privacidade, e tem como pr\u00e1tica sua revis\u00e3o, no m\u00ednimo, a cada 6 (seis) meses. Esta vers\u00e3o inicial reflete apenas o tratamento dos dados pessoais realizado a partir do seu site. Em breve, buscaremos seu desenvolvimento e amplia\u00e7\u00e3o.<\/p>\n<p>Em caso de quaisquer d\u00favidas, pedimos a gentileza de entrar em contato com nosso Encarregado pelo Tratamento de Dados Pessoais (DPO), por meio do e-mail dpo@obrasonline.com.br.<\/p>\n<p>2 \u2013 Declara\u00e7\u00e3o de Privacidade<\/p>\n<p>A Obras Online, com o prop\u00f3sito de organizar o relacionamento entre fornecedores e construtores, est\u00e1 comprometida com a prote\u00e7\u00e3o dos dados pessoais de todos os envolvidos no processo. Focada neste objetivo, o programa de conformidade de tratamento de dados em nossa opera\u00e7\u00e3o, conta com a legisla\u00e7\u00e3o de prote\u00e7\u00e3o de dados pessoais para garantir o direito \u00e0 efetiva prote\u00e7\u00e3o, seguran\u00e7a e privacidade de seus dados pessoais.<\/p>\n<p>Sentimo-nos respons\u00e1veis pela informa\u00e7\u00e3o que conecta e gera valor para a cadeia da constru\u00e7\u00e3o.<\/p>\n<p>3 \u2013 Quais tipos de dados pessoais coletamos?<\/p>\n<p>Atrav\u00e9s dos meios de contato dispon\u00edveis, a Obras Online coleta e utiliza alguns dados pessoais de profissionais que atuam em construtoras, engenharias, empresas de arquitetura, projetos e gerenciamento de obras, influenciadores e decisores ligados \u00e0s \u00e1reas de contratos, suprimentos, engenharia, planejamento e projetos.<\/p>\n<p>Ao faz\u00ea-lo, agimos na qualidade de controlador desses dados e estamos sujeitos \u00e0s disposi\u00e7\u00f5es da Lei Federal n. 13.709\/2018 (Lei Geral de Prote\u00e7\u00e3o de Dados Pessoais \u2013 LGPD).<\/p>\n<p>E, \u00e0 luz da LGPD, coletamos o m\u00ednimo necess\u00e1rio de dados pessoais para desempenho de nossas atividades. De modo geral, coletamos os seguintes dados pessoais:<\/p>\n<p>Nome;<br \/>\nOrganiza\u00e7\u00e3o da qual faz parte;<br \/>\nCargo;<br \/>\nE-mail corporativo;<br \/>\nTelefone comercial fixo;<br \/>\nCelular.<\/p>\n<p>A coleta desses dados ocorre nos mais variados momentos, iniciando-se a partir da divulga\u00e7\u00e3o de viabilidade de investimento ou lan\u00e7amento de projetos de constru\u00e7\u00e3o civil, que j\u00e1 se encontram em dom\u00ednio p\u00fablico, como, por exemplo, em sites, blogs, redes sociais, jornais eletr\u00f4nicos, associa\u00e7\u00f5es, alvar\u00e1s de constru\u00e7\u00e3o, rela\u00e7\u00e3o de investidores, CVM \u2013 Comiss\u00e3o de Valores Imobili\u00e1rios, editais de concorr\u00eancias e licita\u00e7\u00f5es p\u00fablicas, organismos setoriais como BNDES, ANEEL, Infraero, etc.<\/p>\n<p>A finalidade do tratamento de dados \u00e9 possibilitar aos usu\u00e1rios da plataforma, fornecedores de produtos e servi\u00e7os do setor da Constru\u00e7\u00e3o, a identifica\u00e7\u00e3o e o monitoramento do cronograma de projetos em andamento em todo o Brasil e, com isso, possibilitar o avan\u00e7o de vendas e a cria\u00e7\u00e3o de oportunidades aderentes ao seu neg\u00f3cio, para que sua equipe comercial proporcione ofertas de valor ao cliente ideal, no local certo e em tempo h\u00e1bil.<\/p>\n<p>As fontes, as categorias, a finalidade e a base legal dos dados coletados em nosso website (Obras Online CRM \u2013 Plataforma com Contatos de Projetos no Brasil) s\u00e3o estas:<\/p>\n<p>3.1 \u2013 Login do usu\u00e1rio na plataforma Obras Online<\/p>\n<p>Fonte &#8211; Dados Pessoais Finalidade Base Legal<br \/>\nBot\u00e3o \u201cLOGIN\u201d no canto superior direito do website Usu\u00e1rio e senha Acesso \u00e0 plataforma da Obras Online Quando necess\u00e1rio para a execu\u00e7\u00e3o de contrato ou de procedimentos preliminares relacionados a contrato do qual seja parte o titular, a pedido do titular dos dados.<\/p>\n<p>3.2 \u2013 Cadastro na plataforma Obras Online<\/p>\n<p>Fonte &#8211; Dados Pessoais Finalidade Base Legal<br \/>\nBot\u00e3o \u201cAinda n\u00e3o possui uma conta? Clique aqui!\u201d na p\u00e1gina de login da plataforma, nome completo, e-mail corporativo, nome da organiza\u00e7\u00e3o \u00e0 qual faz parte, CPF, cargo, departamento, contato telef\u00f4nico e endere\u00e7o. Cadastro para posterior acesso \u00e0 plataforma da Obras Online. Quando necess\u00e1rio para a execu\u00e7\u00e3o de contrato ou de procedimentos preliminares relacionados a contrato do qual seja parte o titular, a pedido do titular dos dados.<\/p>\n<p>3.3 \u2013 Recupera\u00e7\u00e3o de senha para acesso \u00e0 Plataforma Obras Online<\/p>\n<p>Fonte &#8211; Dados Pessoais Finalidade Base Legal<br \/>\nBot\u00e3o \u201cEsqueceu a senha?\u201d na p\u00e1gina de login da plataforma Obras Online. E-mail Recuperar a senha para acesso \u00e0 plataforma Obras Online. Quando necess\u00e1rio para a execu\u00e7\u00e3o de contrato ou de procedimentos preliminares relacionados a contrato do qual seja parte o titular, a pedido do titular dos dados.<\/p>\n<p>3.4 \u2013 Cadastro para recebimento de newsletter<\/p>\n<p>Fonte &#8211; Dados Pessoais Finalidade Base Legal<br \/>\nCaixa \u201cNewsletter\u201d na p\u00e1gina do Blog Obras Online. Nome e e-mail. Receber not\u00edcias e novidades sobre a Obras Online. Mediante o fornecimento de consentimento pelo titular.<\/p>\n<p>3.5 \u2013 Formul\u00e1rio para contato<\/p>\n<p>Fonte &#8211; Dados Pessoais Finalidade Base Legal<br \/>\nBot\u00e3o \u201cContato\u201d no website Obras Online. Nome completo, e-mail, nome da organiza\u00e7\u00e3o \u00e0 qual pertence, cargo e contato telef\u00f4nico. Entrar em contato com a Obras Online mediante formul\u00e1rio. Mediante o fornecimento de consentimento pelo titular.<\/p>\n<p>3.6 \u2013 Chat de contato<\/p>\n<p>Fonte &#8211; Dados Pessoais Finalidade Base Legal<br \/>\nBot\u00e3o no canto inferior direito do website. Nome, E-mail, contato telef\u00f4nico e organiza\u00e7\u00e3o \u00e0 qual pertence. Entrar em contato com a Obras Online mediante chat online. Mediante o fornecimento de consentimento pelo titular.<\/p>\n<p>3.7 \u2013 Contrata\u00e7\u00e3o dos servi\u00e7os da Obras Online<\/p>\n<p>Fonte &#8211; Dados Pessoais Finalidade Base Legal<br \/>\nBot\u00e3o \u201cComprar\u201d na p\u00e1gina Planos e Pre\u00e7os. Nome completo, e-mail corporativo, nome da organiza\u00e7\u00e3o \u00e0 qual faz parte, CPF, cargo, departamento, contato telef\u00f4nico e endere\u00e7o. Contratar os servi\u00e7os disponibilizados pela &#8220;Obras Online&#8221;. Quando necess\u00e1rio para a execu\u00e7\u00e3o de contrato ou de procedimentos preliminares relacionados a contrato do qual seja parte o titular, a pedido do titular dos dados.<\/p>\n<p>3.8 \u2013 Contrata\u00e7\u00e3o dos servi\u00e7os da Obras Online mediante cart\u00e3o de cr\u00e9dito<\/p>\n<p>Fonte &#8211; Dados Pessoais Finalidade Base Legal<br \/>\nBot\u00e3o \u201cComprar\u201d na p\u00e1gina Planos e Pre\u00e7os. Nome completo e dados relacionados ao cart\u00e3o de cr\u00e9dito (n\u00famero do cart\u00e3o, data de validade e c\u00f3digo de seguran\u00e7a). Realizar o pagamento pela contrata\u00e7\u00e3o dos servi\u00e7os prestados pela &#8220;Obras Online&#8221; mediante cart\u00e3o de cr\u00e9dito. Quando necess\u00e1rio para a execu\u00e7\u00e3o de contrato ou de procedimentos preliminares relacionados a contrato do qual seja parte o titular, a pedido do titular dos dados.<\/p>\n<p>3.9 \u2013 Sistema de Coment\u00e1rios da plataforma<\/p>\n<p>Fonte &#8211; Dados Pessoais Finalidade Base Legal<br \/>\nBot\u00e3o \u201cComent\u00e1rio\u201d disponibilizado aos usu\u00e1rios da Plataforma. IP de acesso ao sistema de coment\u00e1rios. Identifica\u00e7\u00e3o, caso necess\u00e1rio, do autor do coment\u00e1rio. Quando necess\u00e1rio para a execu\u00e7\u00e3o de contrato ou de procedimentos preliminares relacionados a contrato do qual seja parte o titular, a pedido do titular dos dados.<\/p>\n<p>4 \u2013 Por quanto tempo armazenamos os dados pessoais?<\/p>\n<p>Os dados pessoais armazenados pela &#8220;Obras Online&#8221; permanecem retidos por um prazo que poder\u00e1 variar conforme a finalidade do tratamento dos dados pessoais.<\/p>\n<p>Em geral, consideramos o per\u00edodo da publiciza\u00e7\u00e3o da inten\u00e7\u00e3o de investimento de uma obra, at\u00e9 a sua finaliza\u00e7\u00e3o. Em m\u00e9dia, esse prazo n\u00e3o ultrapassa 48 meses para 98% das obras cadastradas e acompanhadas pela plataforma.<\/p>\n<p>Esse per\u00edodo, apesar de parecer longo, n\u00e3o \u00e9 superior ao estritamente necess\u00e1rio, atendendo \u00e0s finalidades e \u00e0s justificativas legais para o tratamento dos dados.<\/p>\n<p>Al\u00e9m disso, em respeito ao seu direito \u00e0 privacidade da informa\u00e7\u00e3o, periodicamente, a cada 12 meses, revisamos a nossa base de dados, para saber se as informa\u00e7\u00f5es registradas ainda s\u00e3o necess\u00e1rias e atualizadas, para o alcance da finalidade inicialmente pretendida.<\/p>\n<p>Ap\u00f3s esse prazo, caso verificado a aus\u00eancia de fundamento legal para o tratamento dos dados, os eliminamos da nossa base, exceto se, justificadamente, possam ser anonimizados, ou sejam necess\u00e1rios ao cumprimento de obriga\u00e7\u00e3o legal, ou regulat\u00f3ria.<\/p>\n<p>5 \u2013 Com quem compartilhamos os dados pessoais?<\/p>\n<p>Os dados presentes na nossa plataforma s\u00e3o compartilhados com fabricantes de produtos, distribuidores, revendedores e prestadores de servi\u00e7os que atuam na cadeia de suprimentos da constru\u00e7\u00e3o civil, industrial e de infraestrutura. Ressaltamos que instru\u00edmos sempre nossos usu\u00e1rios sobre as boas pr\u00e1ticas de seguran\u00e7a da informa\u00e7\u00e3o e privacidade, para evitar desvios nos padr\u00f5es \u00e9ticos estabelecidos pela nossa organiza\u00e7\u00e3o.<\/p>\n<p>Al\u00e9m disso, a Obras Online compartilha informa\u00e7\u00f5es coletadas a partir do site com organiza\u00e7\u00f5es parceiras. E para garantir a m\u00e1xima transpar\u00eancia a nossos usu\u00e1rios, disponibilizamos a seguir o nome dos nossos parceiros, bem como o link para acesso \u00e0s suas respectivas pol\u00edticas de privacidade.<\/p>\n<p>GOOGLE ANALYTICS<\/p>\n<p>O Google Analytics \u00e9 um servi\u00e7o de web analytics que identifica padr\u00f5es de navega\u00e7\u00e3o em nosso site e gera relat\u00f3rios estat\u00edsticos a respeito destas atividades, de forma que possamos aprimorar as atividades desempenhadas pela &#8220;Obras Online&#8221;. A pol\u00edtica de privacidade do Google pode ser acessada aqui: Pol\u00edtica de Privacidade \u2013 Privacidade &amp; Termos.<\/p>\n<p>YOUTUBE<\/p>\n<p>O Youtube coleta dados do usu\u00e1rio por meio de v\u00eddeos incorporados em nossos sites, agregados a dados de perfil de outros servi\u00e7os do Google para exibir publicidade direcionada aos visitantes da web em uma ampla gama de seus pr\u00f3prios e de outros sites. A pol\u00edtica de privacidade do Youtube pode ser acessada aqui: Pol\u00edtica de Privacidade<\/p>\n<p>Al\u00e9m das acima apresentadas, poder\u00e1 ocorrer compartilhamento tamb\u00e9m com outras organiza\u00e7\u00f5es, que posteriormente ser\u00e3o acrescentadas \u00e0 presente pol\u00edtica, e desde que seja:<\/p>\n<p>Com empresas parceiras e fornecedores, na presta\u00e7\u00e3o dos servi\u00e7os voltados ao Titular.<br \/>\nCom autoridades, entidades governamentais ou outros terceiros, para a prote\u00e7\u00e3o dos interesses da &#8220;Obras Online&#8221; em qualquer tipo de conflito, incluindo a\u00e7\u00f5es judiciais e processos administrativos.<br \/>\nMediante ordem judicial ou pelo requerimento de autoridades administrativas que detenham compet\u00eancia legal para a sua requisi\u00e7\u00e3o.<\/p>\n<p>Nossos Direitos: A Obras Online se reserva ao direito de fornecer quaisquer dados pessoais dos usu\u00e1rios para terceiros, caso eles sejam solicitados para cumprir uma obriga\u00e7\u00e3o legal ou uma ordem judicial.<\/p>\n<p>6 \u2013 Quais cookies utilizamos neste site?<\/p>\n<p>Um cookie \u00e9 um pequeno arquivo de texto utilizado pelo nosso site, quando visitado por um usu\u00e1rio, visando permitir um funcionamento adequado da plataforma, obter informa\u00e7\u00f5es mais precisas e otimizar nossas campanhas de marketing e publicidade.<\/p>\n<p>A Obras Online utiliza os seguintes tipos de cookies, conforme a ferramenta disponibilizada pela OneTrust:<\/p>\n<p>Para a classifica\u00e7\u00e3o de cookies, empregamos o sistema de classifica\u00e7\u00e3o proposto e desenvolvido pela C\u00e2mara de Com\u00e9rcio Internacional do Reino Unido (ICC), conforme segue:<\/p>\n<p>Cookies de desempenho (performance cookies)<\/p>\n<p>Coletam informa\u00e7\u00f5es sobre como os usu\u00e1rios utilizam e navegam no site, por exemplo: quais p\u00e1ginas os usu\u00e1rios acessam com mais frequ\u00eancia, e se recebem mensagens de erro de p\u00e1ginas da web. Esse tipo de cookie n\u00e3o coleta informa\u00e7\u00f5es que identificam um usu\u00e1rio. Todas as informa\u00e7\u00f5es que esses cookies coletam s\u00e3o agregadas, portanto, an\u00f4nimas, sendo usado apenas para melhorar o funcionamento do site (medi\u00e7\u00e3o e melhoria de desempenho do site).<\/p>\n<p>Cookies de segmenta\u00e7\u00e3o \/ publicidade (targeting cookies)<\/p>\n<p>Utilizados para fornecer an\u00fancios mais relevantes para o usu\u00e1rio e seus interesses. Tamb\u00e9m s\u00e3o usados para limitar o n\u00famero de vezes que o usu\u00e1rio v\u00ea um an\u00fancio, bem como para ajudar a medir a efic\u00e1cia de uma campanha publicit\u00e1ria. Normalmente s\u00e3o colocados por redes de publicidade com a permiss\u00e3o do operador do site. Eles se lembram de que o usu\u00e1rio visitou um site, e essas informa\u00e7\u00f5es s\u00e3o compartilhadas com outras organiza\u00e7\u00f5es, como anunciantes. Frequentemente, cookies de segmenta\u00e7\u00e3o ou de publicidade s\u00e3o vinculados \u00e0 funcionalidade fornecidas por outras empresas.<\/p>\n<p>Para configurar as permiss\u00f5es de cookies do nosso site, acesse as \u201cDefini\u00e7\u00f5es de cookies\u201d. Caso voc\u00ea queira saber como exclu\u00ed-los ou restringi-los, use a configura\u00e7\u00e3o do seu navegador.<\/p>\n<p>Para desativar os cookies em seu navegador, siga as instru\u00e7\u00f5es normalmente localizadas nos menus \u201cAjuda\u201d, \u201cFerramentas\u201d ou \u201cEditar\u201d no seu navegador. Observe que a desativa\u00e7\u00e3o de uma das categorias de cookies n\u00e3o exclui, automaticamente, os cookies armazenados previamente em seu navegador, devendo ser realizada de anualmente pelo usu\u00e1rio.<\/p>\n<p>Voc\u00ea encontrar\u00e1 mais explica\u00e7\u00f5es sobre como proceder clicando nos links abaixo.<\/p>\n<p>Firefox<\/p>\n<p>Chrome<\/p>\n<p>Internet Explorer<\/p>\n<p>Safari<\/p>\n<p>Lembre-se de que se voc\u00ea bloquear todos os cookies em nosso site, n\u00e3o poderemos garantir o correto funcionamento de todas as funcionalidades e talvez voc\u00ea n\u00e3o consiga acessar determinadas \u00e1reas e\/ou p\u00e1ginas.<\/p>\n<p>7 \u2013 Direitos do Titular<\/p>\n<p>N\u00f3s estamos comprometidos com o cumprimento dos direitos dos titulares de dados pessoais, os quais est\u00e3o previstos no art. 18 da LGPD. Saiba quais s\u00e3o eles:<\/p>\n<p>Seus Direitos Explica\u00e7\u00e3o<br \/>\nConfirma\u00e7\u00e3o e Acesso: Voc\u00ea pode solicitar \u00e0 Obras Online a confirma\u00e7\u00e3o sobre a exist\u00eancia de tratamento dos seus Dados Pessoais para que, em caso positivo, voc\u00ea possa acess\u00e1-los, inclusive por meio de solicita\u00e7\u00e3o de c\u00f3pias dos registros que temos sobre voc\u00ea.<br \/>\nCorre\u00e7\u00e3o: Voc\u00ea pode solicitar a corre\u00e7\u00e3o dos seus Dados Pessoais caso estejam incompletos, inexatos ou desatualizados.<br \/>\nAnonimidade, bloqueio ou elimina\u00e7\u00e3o Voc\u00ea pode solicitar (a) a anonimidade dos seus Dados Pessoais, de forma que eles n\u00e3o possam mais ser relacionados a voc\u00ea, portanto, deixem de ser Dados Pessoais; (b) o bloqueio dos seus Dados Pessoais, suspendendo temporariamente a sua possibilidade de os tratarmos para certas finalidades; e (c) a elimina\u00e7\u00e3o dos seus Dados Pessoais, caso em que ser\u00e3o apagados todos os seus Dados Pessoais sem possibilidade de revers\u00e3o.<br \/>\nPortabilidade: Voc\u00ea pode solicitar que a Obras Online forne\u00e7a os seus Dados Pessoais em formato estruturado e interoper\u00e1vel visando \u00e0 sua transfer\u00eancia para um terceiro, desde que essa transfer\u00eancia n\u00e3o viole a propriedade intelectual ou segredo de neg\u00f3cios da Empresa.<br \/>\nInforma\u00e7\u00e3o sobre o compartilhamento: Voc\u00ea tem o direito de saber quais s\u00e3o as entidades p\u00fablicas e privadas com as quais a Obras Online realiza uso compartilhado dos seus Dados Pessoais.<br \/>\nManteremos, no item \u201ccompartilhamento de dados\u201d dessa Pol\u00edtica, uma indica\u00e7\u00e3o das nossas rela\u00e7\u00f5es com terceiros que podem envolver o compartilhamento de Dados Pessoais. Em todo caso, se voc\u00ea tiver d\u00favidas ou quiser mais detalhes, voc\u00ea tem o direito de nos solicitar essas informa\u00e7\u00f5es. A depender do caso, podemos limitar as informa\u00e7\u00f5es fornecidas a voc\u00ea caso a sua divulga\u00e7\u00e3o possa violar a propriedade intelectual ou segredo de neg\u00f3cios da Obras Online.<\/p>\n<p>Informa\u00e7\u00e3o sobre a possibilidade de n\u00e3o consentir: Voc\u00ea tem o direito de receber informa\u00e7\u00f5es claras e completas sobre a possibilidade e as consequ\u00eancias de n\u00e3o fornecer consentimento, quando ele for solicitado pela Obras Online. O seu consentimento, quando necess\u00e1rio, deve ser livre e informado. Portanto, sempre que pedirmos seu consentimento, voc\u00ea ser\u00e1 livre para neg\u00e1-lo \u2013 nesses casos, \u00e9 poss\u00edvel que alguns servi\u00e7os n\u00e3o possam ser prestados.<br \/>\nRevoga\u00e7\u00e3o do consentimento: Caso voc\u00ea tenha consentido com alguma finalidade de tratamento dos seus Dados Pessoais, voc\u00ea pode sempre optar por retirar o seu consentimento. No entanto, isso n\u00e3o afetar\u00e1 a legalidade de qualquer Tratamento realizado anteriormente \u00e0 revoga\u00e7\u00e3o. Se voc\u00ea retirar o seu consentimento, \u00e9 poss\u00edvel que fiquemos impossibilitados de lhe prestar certos servi\u00e7os, mas iremos avis\u00e1-lo quando isso ocorrer.<br \/>\nOposi\u00e7\u00e3o: A lei autoriza o tratamento de Dados Pessoais mesmo sem o seu consentimento ou um contrato conosco. Nessas situa\u00e7\u00f5es, somente trataremos seus Dados Pessoais se tivermos motivos leg\u00edtimos para tanto, como, por exemplo, quando for necess\u00e1rio para garantir a seguran\u00e7a em nossos servi\u00e7os. Caso voc\u00ea n\u00e3o concorde com alguma finalidade de tratamento dos seus Dados Pessoais, voc\u00ea poder\u00e1 apresentar oposi\u00e7\u00e3o, solicitando a sua interrup\u00e7\u00e3o.<\/p>\n<p>Para exercer seus direitos basta, a qualquer momento e gratuitamente, realizar o preenchimento deste Formul\u00e1rio ou encaminhar um e-mail para dpo@obrasonline.com.br.<\/p>\n<p>8 \u2013 Seguran\u00e7a da Informa\u00e7\u00e3o<\/p>\n<p>A Obras Online segue as melhores pr\u00e1ticas e recomenda\u00e7\u00f5es do mercado relacionadas \u00e0 seguran\u00e7a da informa\u00e7\u00e3o. Por essa raz\u00e3o adota medidas t\u00e9cnicas e administrativas, para a prote\u00e7\u00e3o de seus dados pessoais.<\/p>\n<p>Para tanto, nos comprometemos, ao menos, com as seguintes diretrizes:<\/p>\n<p>Estruturar e monitorar processos que realizam a coleta e tratamento de dados pessoais, tomando por base metodologias reconhecidas pelo mercado, como a Six Sigma (Diagrama Sipoc, Dmaic, espinha de peixe, etc.) e ferramenta Lean como t\u00e9cnica Poka Yoke. Indicadores de controles como kaizen, que consiste em planejar e auditar de forma cont\u00ednua, e m\u00e9tricas de desempenho de processos como DPU, DPO e DPMO. J\u00e1 no controle de dados incorretos s\u00e3o empregados avalia\u00e7\u00f5es e corre\u00e7\u00f5es de inconformidades;<br \/>\nAtender a rigorosos padr\u00f5es globais de seguran\u00e7a, protegendo os acessos ao nosso site por meio de protocolo HTTPS;<br \/>\nGarantir que a Seguran\u00e7a da informa\u00e7\u00e3o esteja alinhada ao nosso modelo de neg\u00f3cio, sendo tratada como \u00e1rea estrat\u00e9gica;<br \/>\nAssegurar o cumprimento de nossas obriga\u00e7\u00f5es legais, para atender aos requisitos regulamentares e contratuais pertinentes \u00e0s nossas atividades, relacionadas \u00e0 seguran\u00e7a e privacidade de dados;<br \/>\nGarantir a preven\u00e7\u00e3o de incidentes de Seguran\u00e7a da Informa\u00e7\u00e3o e a continuidade do neg\u00f3cio;<br \/>\nGarantir seguran\u00e7a e privacidade no tratamento dos dados pessoais de todas as partes interessadas;<br \/>\nTomar medidas disciplinares apropriadas para fazer cumprir as responsabilidades de privacidade de nossos colaboradores;<br \/>\nAssegurar que somente pessoas autorizadas tenham acesso \u00e0s nossas instala\u00e7\u00f5es, \u00e0s informa\u00e7\u00f5es e aos sistemas de informa\u00e7\u00e3o;<br \/>\nConscientizar colaboradores e parceiros de eventuais consequ\u00eancias pela viola\u00e7\u00e3o de privacidade ou de pol\u00edticas de seguran\u00e7a;<br \/>\nAssegurar o treinamento cont\u00ednuo e atualizado nas pol\u00edticas e nos procedimentos de seguran\u00e7a da informa\u00e7\u00e3o e privacidade, enfatizando as obriga\u00e7\u00f5es dos colaboradores pela seguran\u00e7a da informa\u00e7\u00e3o e privacidade;<br \/>\nRegistrar, analisar, investigar e tratar os incidentes de seguran\u00e7a da informa\u00e7\u00e3o e privacidade, criando mecanismos de preven\u00e7\u00e3o para evitar a sua ocorr\u00eancia.<\/p>\n<p>9 \u2013 D\u00favidas<\/p>\n<p>Para mais informa\u00e7\u00f5es, pedimos a gentileza de entrar em contato com nosso Encarregado pelo Tratamento de Dados Pessoais (DPO), por meio do e-mail dpo@obrasonline.com.br.<\/p>\n<p>Nome: Roberto Dias \u2013 DPO \u201cin house\u201d Obras Online.<\/p>\n<p>Endere\u00e7o: Av. Paulista, 302 \u2013 306, Cj. 10 12\u00b0 andar, Bela Vista, S\u00e3o Paulo, SP, CEP 01310-000.<\/p>\n<p>10 \u2013 Atualiza\u00e7\u00f5es<\/p>\n<p>Estamos sempre buscando melhorar os nossos servi\u00e7os e como operamos, portanto, esta Pol\u00edtica de Privacidade pode passar por atualiza\u00e7\u00f5es para refletir as melhorias realizadas. Desta forma, recomendamos a visita peri\u00f3dica desta p\u00e1gina para que voc\u00ea tenha conhecimento sobre as modifica\u00e7\u00f5es efetivadas.<\/p>\n<p>Data da \u00faltima atualiza\u00e7\u00e3o: 18 de junho de 2021<\/p>\n<\/div><\/div><\/div><\/div><\/div><\/div><\/div><\/section>\n","protected":false},"excerpt":{"rendered":"Politca de privacidade \u2013 Introdu\u00e7\u00e3o Vers\u00e3o: 1.0 Data: 31\/12\/2024 A Obras Online realiza o monitoramento cont\u00ednuo da sua Pol\u00edtica de Privacidade, e tem como pr\u00e1tica sua revis\u00e3o, no m\u00ednimo, a cada 6 (seis) meses. Esta vers\u00e3o inicial reflete apenas o tratamento dos dados pessoais realizado a partir do seu site. Em breve, buscaremos seu desenvolvimento...","protected":false},"author":1,"featured_media":0,"parent":0,"menu_order":0,"comment_status":"closed","ping_status":"open","template":"","meta":{"footnotes":""},"class_list":["post-3","page","type-page","status-publish","hentry"],"_links":{"self":[{"href":"https:\/\/novo-site.obrasonline.com.br\/index.php\/wp-json\/wp\/v2\/pages\/3","targetHints":{"allow":["GET"]}}],"collection":[{"href":"https:\/\/novo-site.obrasonline.com.br\/index.php\/wp-json\/wp\/v2\/pages"}],"about":[{"href":"https:\/\/novo-site.obrasonline.com.br\/index.php\/wp-json\/wp\/v2\/types\/page"}],"author":[{"embeddable":true,"href":"https:\/\/novo-site.obrasonline.com.br\/index.php\/wp-json\/wp\/v2\/users\/1"}],"replies":[{"embeddable":true,"href":"https:\/\/novo-site.obrasonline.com.br\/index.php\/wp-json\/wp\/v2\/comments?post=3"}],"version-history":[{"count":5,"href":"https:\/\/novo-site.obrasonline.com.br\/index.php\/wp-json\/wp\/v2\/pages\/3\/revisions"}],"predecessor-version":[{"id":349,"href":"https:\/\/novo-site.obrasonline.com.br\/index.php\/wp-json\/wp\/v2\/pages\/3\/revisions\/349"}],"wp:attachment":[{"href":"https:\/\/novo-site.obrasonline.com.br\/index.php\/wp-json\/wp\/v2\/media?parent=3"}],"curies":[{"name":"wp","href":"https:\/\/api.w.org\/{rel}","templated":true}]}}