{"id":379,"date":"2025-11-06T12:21:43","date_gmt":"2025-11-06T12:21:43","guid":{"rendered":"https:\/\/novo-site.obrasonline.com.br\/?page_id=379"},"modified":"2025-11-19T17:40:30","modified_gmt":"2025-11-19T17:40:30","slug":"mapa-de-solucoes","status":"publish","type":"page","link":"https:\/\/novo-site.obrasonline.com.br\/index.php\/mapa-de-solucoes\/","title":{"rendered":"Mapa de Solu\u00e7\u00f5es"},"content":{"rendered":"<section class=\"l-section wpb_row us_custom_261b802e height_medium\"><div class=\"l-section-h i-cf\"><div class=\"g-cols vc_row via_flex valign_top type_default stacking_default\"><div class=\"vc_col-sm-12 wpb_column vc_column_container\"><div class=\"vc_column-inner\"><div class=\"wpb_wrapper\"><div class=\"wpb_text_column us_custom_6df4bc3a has_text_color\"><div class=\"wpb_wrapper\"><h1>Solu\u00e7\u00f5es Obras Online | ConstruTarget CRM<\/h1>\n<\/div><\/div><\/div><\/div><\/div><\/div><\/div><\/section><section class=\"l-section wpb_row hide_on_tablets hide_on_mobiles height_auto\"><div class=\"l-section-h i-cf\"><div class=\"g-cols vc_row via_flex valign_top type_default stacking_default\"><div class=\"vc_col-sm-12 wpb_column vc_column_container\"><div class=\"vc_column-inner\"><div class=\"wpb_wrapper\"><div class=\"w-separator hide_on_default hide_on_laptops size_custom with_line width_default thick_1 style_solid color_border align_center\" style=\"height:0px\"><div class=\"w-separator-h\"><\/div><\/div><\/div><\/div><\/div><\/div><\/div><\/section><section class=\"l-section wpb_row us_custom_ec378b7e has_text_color height_medium\"><div class=\"l-section-h i-cf\"><div class=\"g-cols vc_row via_flex valign_top type_default stacking_default\"><div class=\"vc_col-sm-12 wpb_column vc_column_container\"><div class=\"vc_column-inner\"><div class=\"wpb_wrapper\"><div class=\"wpb_text_column us_custom_012c6c29\"><div class=\"wpb_wrapper\"><h2>Intelig\u00eancia de mercado e CRM como motor de vendas.<\/h2>\n<\/div><\/div><div class=\"g-cols wpb_row us_custom_b4c0c321 hide_on_default hide_on_laptops via_flex valign_top type_default stacking_default\"><div class=\"vc_col-sm-12 wpb_column vc_column_container\"><div class=\"vc_column-inner\"><div class=\"wpb_wrapper\"><div class=\"wpb_text_column us_custom_8559bd6b\"><div class=\"wpb_wrapper\"><p>Intelig\u00eancia de Mercado para o fornecedor da Constru\u00e7\u00e3o<\/p>\n<\/div><\/div><\/div><\/div><\/div><\/div><div class=\"w-separator us_custom_81006544 hide_on_default hide_on_laptops size_small with_line width_default thick_4 style_solid color_text align_center\"><div class=\"w-separator-h\"><\/div><\/div><div class=\"g-cols wpb_row hide_on_default hide_on_laptops via_flex valign_top type_default stacking_default\"><div class=\"vc_col-sm-12 wpb_column vc_column_container\"><div class=\"vc_column-inner\"><div class=\"wpb_wrapper\"><div class=\"w-iconbox us_custom_c3999029 seta iconpos_top style_default color_contrast align_center no_text no_title\"><div class=\"w-iconbox-icon\" style=\"font-size:2rem;\"><i class=\"fal fa-arrow-down\"><\/i><\/div><div class=\"w-iconbox-meta\"><\/div><\/div><\/div><\/div><\/div><\/div><div class=\"g-cols wpb_row hide_on_default hide_on_laptops via_flex valign_top type_default stacking_default\"><div class=\"vc_col-sm-12 wpb_column vc_column_container\"><div class=\"vc_column-inner\"><div class=\"wpb_wrapper\"><div class=\"w-image us_custom_98ee13e2 logo align_center\"><a href=\"https:\/\/novo-site.obrasonline.com.br\/index.php\/obras-online\/\" aria-label=\"logoobras-preto\" class=\"w-image-h\"><img decoding=\"async\" width=\"258\" height=\"90\" src=\"https:\/\/novo-site.obrasonline.com.br\/wp-content\/uploads\/2025\/10\/logoobras-preto.png\" class=\"attachment-full size-full\" alt=\"\" loading=\"lazy\" \/><\/a><\/div><\/div><\/div><\/div><\/div><div class=\"g-cols wpb_row hide_on_default hide_on_laptops via_flex valign_top type_default stacking_default\"><div class=\"vc_col-sm-12 wpb_column vc_column_container\"><div class=\"vc_column-inner\"><div class=\"wpb_wrapper\"><div class=\"w-iconbox us_custom_f8e921a1 seta iconpos_top style_default color_contrast align_center no_text no_title\"><div class=\"w-iconbox-icon\" style=\"font-size:2rem;\"><i class=\"fal fa-arrow-down\"><\/i><\/div><div class=\"w-iconbox-meta\"><\/div><\/div><\/div><\/div><\/div><\/div><div class=\"g-cols wpb_row us_custom_0a508b78 hide_on_default hide_on_laptops via_flex valign_top type_default stacking_default\"><div class=\"vc_col-sm-12 wpb_column vc_column_container\"><div class=\"vc_column-inner\"><div class=\"wpb_wrapper\"><div class=\"wpb_text_column us_custom_a279fc8b\"><div class=\"wpb_wrapper\"><p><a href=\"https:\/\/novo-site.obrasonline.com.br\/#crm\">Integra\u00e7\u00e3o com CRM&#8217;s de Mercado.<\/a><\/p>\n<\/div><\/div><\/div><\/div><\/div><\/div><div class=\"g-cols wpb_row us_custom_b4c0c321 hide_on_default hide_on_laptops via_flex valign_top type_default stacking_default\"><div class=\"vc_col-sm-12 wpb_column vc_column_container\"><div class=\"vc_column-inner\"><div class=\"wpb_wrapper\"><div class=\"wpb_text_column us_custom_8559bd6b\"><div class=\"wpb_wrapper\"><p>CRM e BPM com Intelig\u00eancia de Mercado Integrada<\/p>\n<\/div><\/div><\/div><\/div><\/div><\/div><div class=\"g-cols wpb_row hide_on_default hide_on_laptops via_flex valign_top type_default stacking_default\"><div class=\"vc_col-sm-12 wpb_column vc_column_container\"><div class=\"vc_column-inner\"><div class=\"wpb_wrapper\"><div class=\"w-iconbox us_custom_f8e921a1 seta iconpos_top style_default color_contrast align_center no_text no_title\"><div class=\"w-iconbox-icon\" style=\"font-size:2rem;\"><i class=\"fal fa-arrow-down\"><\/i><\/div><div class=\"w-iconbox-meta\"><\/div><\/div><\/div><\/div><\/div><\/div><div class=\"g-cols wpb_row hide_on_default hide_on_laptops via_flex valign_top type_default stacking_default\"><div class=\"vc_col-sm-12 wpb_column vc_column_container\"><div class=\"vc_column-inner\"><div class=\"wpb_wrapper\"><div class=\"w-image us_custom_ea32abd3 logo align_center\"><a href=\"https:\/\/novo-site.obrasonline.com.br\/index.php\/construtarget\/\" aria-label=\"logoconstu-preto\" class=\"w-image-h\"><img decoding=\"async\" width=\"203\" height=\"49\" src=\"https:\/\/novo-site.obrasonline.com.br\/wp-content\/uploads\/2025\/10\/logoconstu-preto.png\" class=\"attachment-full size-full\" alt=\"\" loading=\"lazy\" \/><\/a><\/div><\/div><\/div><\/div><\/div><div class=\"g-cols wpb_row us_custom_e715ff6c hide_on_default hide_on_laptops via_flex valign_top type_default stacking_default\"><div class=\"vc_col-sm-12 wpb_column vc_column_container\"><div class=\"vc_column-inner\"><div class=\"wpb_wrapper\"><div class=\"w-iconbox us_custom_f8e921a1 seta iconpos_top style_default color_contrast align_center no_text no_title\"><div class=\"w-iconbox-icon\" style=\"font-size:2rem;\"><i class=\"fal fa-arrow-down\"><\/i><\/div><div class=\"w-iconbox-meta\"><\/div><\/div><\/div><\/div><\/div><\/div><div class=\"g-cols wpb_row us_custom_0f8f44b7 hide_on_default hide_on_laptops via_flex valign_top type_default stacking_default\"><div class=\"vc_col-sm-12 wpb_column vc_column_container\"><div class=\"vc_column-inner us_custom_b4c0c321\"><div class=\"wpb_wrapper\"><div class=\"wpb_text_column us_custom_a279fc8b\"><div class=\"wpb_wrapper\"><p>Integra\u00e7\u00e3o com todos os CRM do mercado<\/p>\n<\/div><\/div><\/div><\/div><\/div><\/div><div class=\"g-cols wpb_row us_custom_8b5a6359 hide_on_default hide_on_laptops via_flex valign_top type_default stacking_default\"><div class=\"vc_col-sm-6 wpb_column vc_column_container\"><div class=\"vc_column-inner\"><div class=\"wpb_wrapper\"><\/div><\/div><\/div><div class=\"vc_col-sm-6 wpb_column vc_column_container\"><div class=\"vc_column-inner\"><div class=\"wpb_wrapper\"><div class=\"w-hwrapper valign_top align_none\"><div class=\"w-iconbox us_custom_f8e921a1 seta iconpos_top style_default color_contrast align_center no_text no_title\"><div class=\"w-iconbox-icon\" style=\"font-size:2rem;\"><i class=\"fal fa-arrow-down\"><\/i><\/div><div class=\"w-iconbox-meta\"><\/div><\/div><div class=\"w-iconbox us_custom_f8e921a1 seta iconpos_top style_default color_contrast align_center no_text no_title\"><div class=\"w-iconbox-icon\" style=\"font-size:2rem;\"><i class=\"fal fa-arrow-down\"><\/i><\/div><div class=\"w-iconbox-meta\"><\/div><\/div><div class=\"w-iconbox us_custom_f8e921a1 seta iconpos_top style_default color_contrast align_center no_text no_title\"><div class=\"w-iconbox-icon\" style=\"font-size:2rem;\"><i class=\"fal fa-arrow-down\"><\/i><\/div><div class=\"w-iconbox-meta\"><\/div><\/div><div class=\"w-iconbox us_custom_f8e921a1 seta iconpos_top style_default color_contrast align_center no_text no_title\"><div class=\"w-iconbox-icon\" style=\"font-size:2rem;\"><i class=\"fal fa-arrow-down\"><\/i><\/div><div class=\"w-iconbox-meta\"><\/div><\/div><\/div><div class=\"w-hwrapper valign_top align_center\"><div class=\"w-image us_custom_5c94056e over align_center\"><a href=\"https:\/\/novo-site.obrasonline.com.br\/index.php\/go2leads-premium\/\" aria-label=\"logoconst1\" class=\"w-image-h\"><img decoding=\"async\" width=\"80\" height=\"65\" src=\"https:\/\/novo-site.obrasonline.com.br\/wp-content\/uploads\/2025\/11\/logoconst1-1.jpg\" class=\"attachment-full size-full\" alt=\"\" loading=\"lazy\" \/><\/a><\/div><div class=\"w-image us_custom_5c94056e over align_center\"><a href=\"https:\/\/novo-site.obrasonline.com.br\/index.php\/licitaplug-inteligencia-em-licitacoes-publicas\/\" aria-label=\"logoconst2\" class=\"w-image-h\"><img decoding=\"async\" width=\"80\" height=\"65\" src=\"https:\/\/novo-site.obrasonline.com.br\/wp-content\/uploads\/2025\/11\/logoconst2.jpg\" class=\"attachment-full size-full\" alt=\"\" loading=\"lazy\" \/><\/a><\/div><div class=\"w-image us_custom_5c94056e over align_center\"><a href=\"https:\/\/novo-site.obrasonline.com.br\/index.php\/neppo-comunicacao-omnichannel-unificada\/\" aria-label=\"logoconst3\" class=\"w-image-h\"><img decoding=\"async\" width=\"101\" height=\"65\" src=\"https:\/\/novo-site.obrasonline.com.br\/wp-content\/uploads\/2025\/11\/logoconst3.jpg\" class=\"attachment-full size-full\" alt=\"\" loading=\"lazy\" \/><\/a><\/div><div class=\"w-image us_custom_5c94056e over align_center\"><a href=\"https:\/\/novo-site.obrasonline.com.br\/index.php\/neppo-voz-telefonia-corporativa-na-nuvem\/\" aria-label=\"logoconst4\" class=\"w-image-h\"><img decoding=\"async\" width=\"98\" height=\"65\" src=\"https:\/\/novo-site.obrasonline.com.br\/wp-content\/uploads\/2025\/11\/logoconst4.jpg\" class=\"attachment-full size-full\" alt=\"\" loading=\"lazy\" \/><\/a><\/div><\/div><\/div><\/div><\/div><\/div><div class=\"w-image us_custom_a40275d7 hide_on_tablets hide_on_mobiles align_center\"><div class=\"w-image-h\"><img decoding=\"async\" width=\"1000\" height=\"81\" src=\"https:\/\/novo-site.obrasonline.com.br\/wp-content\/uploads\/2025\/11\/linha.png\" class=\"attachment-full size-full\" alt=\"\" loading=\"lazy\" srcset=\"https:\/\/novo-site.obrasonline.com.br\/wp-content\/uploads\/2025\/11\/linha.png 1000w, https:\/\/novo-site.obrasonline.com.br\/wp-content\/uploads\/2025\/11\/linha-300x24.png 300w\" sizes=\"auto, (max-width: 1000px) 100vw, 1000px\" \/><\/div><\/div><div class=\"w-separator us_custom_8cdab66e hide_on_default hide_on_laptops hide_on_tablets hide_on_mobiles size_custom with_line width_default thick_1 style_solid color_text align_center\" style=\"height:30px\"><div class=\"w-separator-h\"><\/div><\/div><div class=\"g-cols wpb_row hide_on_default hide_on_laptops hide_on_tablets hide_on_mobiles via_flex valign_top type_default stacking_default\"><div class=\"vc_col-sm-6 wpb_column vc_column_container\"><div class=\"vc_column-inner\"><div class=\"wpb_wrapper\"><div class=\"w-iconbox us_custom_f8e921a1 seta iconpos_top style_default color_contrast align_center no_text no_title icontype_img\"><div class=\"w-iconbox-icon\" style=\"font-size:25px;\"><img loading=\"lazy\" decoding=\"async\" width=\"512\" height=\"512\" src=\"https:\/\/novo-site.obrasonline.com.br\/wp-content\/uploads\/2025\/11\/bottom-arrow.png\" class=\"attachment-full size-full\" alt=\"\" srcset=\"https:\/\/novo-site.obrasonline.com.br\/wp-content\/uploads\/2025\/11\/bottom-arrow.png 512w, https:\/\/novo-site.obrasonline.com.br\/wp-content\/uploads\/2025\/11\/bottom-arrow-300x300.png 300w, https:\/\/novo-site.obrasonline.com.br\/wp-content\/uploads\/2025\/11\/bottom-arrow-150x150.png 150w\" sizes=\"auto, (max-width: 512px) 100vw, 512px\" \/><\/div><div class=\"w-iconbox-meta\"><\/div><\/div><\/div><\/div><\/div><div class=\"vc_col-sm-6 wpb_column vc_column_container\"><div class=\"vc_column-inner us_custom_8875c700\"><div class=\"wpb_wrapper\"><div class=\"w-iconbox us_custom_f8e921a1 seta iconpos_top style_default color_contrast align_center no_text no_title icontype_img\"><div class=\"w-iconbox-icon\" style=\"font-size:25px;\"><img loading=\"lazy\" decoding=\"async\" width=\"512\" height=\"512\" src=\"https:\/\/novo-site.obrasonline.com.br\/wp-content\/uploads\/2025\/11\/bottom-arrow.png\" class=\"attachment-full size-full\" alt=\"\" srcset=\"https:\/\/novo-site.obrasonline.com.br\/wp-content\/uploads\/2025\/11\/bottom-arrow.png 512w, https:\/\/novo-site.obrasonline.com.br\/wp-content\/uploads\/2025\/11\/bottom-arrow-300x300.png 300w, https:\/\/novo-site.obrasonline.com.br\/wp-content\/uploads\/2025\/11\/bottom-arrow-150x150.png 150w\" sizes=\"auto, (max-width: 512px) 100vw, 512px\" \/><\/div><div class=\"w-iconbox-meta\"><\/div><\/div><\/div><\/div><\/div><\/div><div class=\"g-cols wpb_row us_custom_b4c0c321 hide_on_tablets hide_on_mobiles via_flex valign_top type_default stacking_default\"><div class=\"vc_col-sm-6 wpb_column vc_column_container\"><div class=\"vc_column-inner\"><div class=\"wpb_wrapper\"><div class=\"wpb_text_column us_custom_8559bd6b\"><div class=\"wpb_wrapper\"><p>Intelig\u00eancia de Mercado para o fornecedor da Constru\u00e7\u00e3o<\/p>\n<\/div><\/div><\/div><\/div><\/div><div class=\"vc_col-sm-6 wpb_column vc_column_container\"><div class=\"vc_column-inner\"><div class=\"wpb_wrapper\"><div class=\"wpb_text_column us_custom_8559bd6b\"><div class=\"wpb_wrapper\"><p>CRM e BPM com Intelig\u00eancia de Mercado Integrada<\/p>\n<\/div><\/div><\/div><\/div><\/div><\/div><div class=\"g-cols wpb_row us_custom_8d5aa4e2 hide_on_tablets hide_on_mobiles via_flex valign_top type_default stacking_default\"><div class=\"vc_col-sm-6 wpb_column vc_column_container\"><div class=\"vc_column-inner us_custom_eb849559\"><div class=\"wpb_wrapper\"><div class=\"w-image us_custom_b607f835 align_center\"><div class=\"w-image-h\"><img decoding=\"async\" width=\"152\" height=\"152\" src=\"https:\/\/novo-site.obrasonline.com.br\/wp-content\/uploads\/2025\/11\/seta4.png\" class=\"attachment-full size-full\" alt=\"\" loading=\"lazy\" srcset=\"https:\/\/novo-site.obrasonline.com.br\/wp-content\/uploads\/2025\/11\/seta4.png 152w, https:\/\/novo-site.obrasonline.com.br\/wp-content\/uploads\/2025\/11\/seta4-150x150.png 150w\" sizes=\"auto, (max-width: 152px) 100vw, 152px\" \/><\/div><\/div><\/div><\/div><\/div><div class=\"vc_col-sm-6 wpb_column vc_column_container\"><div class=\"vc_column-inner us_custom_8875c700\"><div class=\"wpb_wrapper\"><div class=\"w-image us_custom_4c618620 align_center\"><div class=\"w-image-h\"><img decoding=\"async\" width=\"152\" height=\"152\" src=\"https:\/\/novo-site.obrasonline.com.br\/wp-content\/uploads\/2025\/11\/seta4.png\" class=\"attachment-full size-full\" alt=\"\" loading=\"lazy\" srcset=\"https:\/\/novo-site.obrasonline.com.br\/wp-content\/uploads\/2025\/11\/seta4.png 152w, https:\/\/novo-site.obrasonline.com.br\/wp-content\/uploads\/2025\/11\/seta4-150x150.png 150w\" sizes=\"auto, (max-width: 152px) 100vw, 152px\" \/><\/div><\/div><\/div><\/div><\/div><\/div><div class=\"g-cols wpb_row us_custom_2ab1496a hide_on_tablets hide_on_mobiles via_flex valign_top type_default stacking_default\"><div class=\"vc_col-sm-12 wpb_column vc_column_container\"><div class=\"vc_column-inner\"><div class=\"wpb_wrapper\"><div class=\"w-image us_custom_6b8ceed5 align_center\"><div class=\"w-image-h\"><img decoding=\"async\" width=\"231\" height=\"39\" src=\"https:\/\/novo-site.obrasonline.com.br\/wp-content\/uploads\/2025\/11\/seta2.png\" class=\"attachment-full size-full\" alt=\"\" loading=\"lazy\" \/><\/div><\/div><\/div><\/div><\/div><\/div><div class=\"g-cols wpb_row hide_on_tablets hide_on_mobiles via_flex valign_top type_default stacking_default\"><div class=\"vc_col-sm-6 wpb_column vc_column_container\"><div class=\"vc_column-inner\"><div class=\"wpb_wrapper\"><div class=\"w-image us_custom_a0ecd3ad logo over align_center\"><a href=\"https:\/\/novo-site.obrasonline.com.br\/index.php\/obras-online\/\" aria-label=\"logoobras-preto\" class=\"w-image-h\"><img decoding=\"async\" width=\"258\" height=\"90\" src=\"https:\/\/novo-site.obrasonline.com.br\/wp-content\/uploads\/2025\/10\/logoobras-preto.png\" class=\"attachment-full size-full\" alt=\"\" loading=\"lazy\" \/><\/a><\/div><\/div><\/div><\/div><div class=\"vc_col-sm-6 wpb_column vc_column_container\"><div class=\"vc_column-inner\"><div class=\"wpb_wrapper\"><div class=\"w-image us_custom_495dc544 over align_center\"><a href=\"https:\/\/novo-site.obrasonline.com.br\/index.php\/construtarget\/\" aria-label=\"logoconstu-preto\" class=\"w-image-h\"><img decoding=\"async\" width=\"203\" height=\"49\" src=\"https:\/\/novo-site.obrasonline.com.br\/wp-content\/uploads\/2025\/10\/logoconstu-preto.png\" class=\"attachment-full size-full\" alt=\"\" loading=\"lazy\" \/><\/a><\/div><\/div><\/div><\/div><\/div><div class=\"g-cols wpb_row us_custom_b4c0c321 hide_on_tablets hide_on_mobiles via_flex valign_top type_default stacking_default\"><div class=\"vc_col-sm-6 wpb_column vc_column_container\"><div class=\"vc_column-inner\"><div class=\"wpb_wrapper\"><div class=\"w-image us_custom_661c124c align_center\"><div class=\"w-image-h\"><img decoding=\"async\" width=\"152\" height=\"152\" src=\"https:\/\/novo-site.obrasonline.com.br\/wp-content\/uploads\/2025\/11\/seta4.png\" class=\"attachment-full size-full\" alt=\"\" loading=\"lazy\" srcset=\"https:\/\/novo-site.obrasonline.com.br\/wp-content\/uploads\/2025\/11\/seta4.png 152w, https:\/\/novo-site.obrasonline.com.br\/wp-content\/uploads\/2025\/11\/seta4-150x150.png 150w\" sizes=\"auto, (max-width: 152px) 100vw, 152px\" \/><\/div><\/div><\/div><\/div><\/div><div class=\"vc_col-sm-6 wpb_column vc_column_container\"><div class=\"vc_column-inner us_custom_8875c700\"><div class=\"wpb_wrapper\"><div class=\"w-image align_center\"><div class=\"w-image-h\"><img decoding=\"async\" width=\"938\" height=\"152\" src=\"https:\/\/novo-site.obrasonline.com.br\/wp-content\/uploads\/2025\/11\/Captura-de-Tela-2025-11-19-as-14.14.21.png\" class=\"attachment-full size-full\" alt=\"\" loading=\"lazy\" srcset=\"https:\/\/novo-site.obrasonline.com.br\/wp-content\/uploads\/2025\/11\/Captura-de-Tela-2025-11-19-as-14.14.21.png 938w, https:\/\/novo-site.obrasonline.com.br\/wp-content\/uploads\/2025\/11\/Captura-de-Tela-2025-11-19-as-14.14.21-300x49.png 300w\" sizes=\"auto, (max-width: 938px) 100vw, 938px\" \/><\/div><\/div><\/div><\/div><\/div><\/div><div class=\"g-cols wpb_row us_custom_0f8f44b7 hide_on_tablets hide_on_mobiles via_flex valign_top type_default stacking_default\"><div class=\"vc_col-sm-6 wpb_column vc_column_container\"><div class=\"vc_column-inner\"><div class=\"wpb_wrapper\"><div class=\"wpb_text_column us_custom_4613196b over\"><div class=\"wpb_wrapper\"><p><a href=\"https:\/\/novo-site.obrasonline.com.br\/#crm\">Integra\u00e7\u00e3o com CRM&#8217;s de Mercado.<\/a><\/p>\n<\/div><\/div><\/div><\/div><\/div><div class=\"vc_col-sm-6 wpb_column vc_column_container\"><div class=\"vc_column-inner\"><div class=\"wpb_wrapper\"><div class=\"w-hwrapper valign_top align_center\"><div class=\"w-image us_custom_e02018fc over align_center\"><a href=\"https:\/\/novo-site.obrasonline.com.br\/index.php\/go2leads-premium\/\" aria-label=\"logoconst1\" class=\"w-image-h\"><img decoding=\"async\" width=\"80\" height=\"65\" src=\"https:\/\/novo-site.obrasonline.com.br\/wp-content\/uploads\/2025\/11\/logoconst1-1.jpg\" class=\"attachment-full size-full\" alt=\"\" loading=\"lazy\" \/><\/a><\/div><div class=\"w-image us_custom_e02018fc over align_center\"><a href=\"https:\/\/novo-site.obrasonline.com.br\/index.php\/licitaplug-inteligencia-em-licitacoes-publicas\/\" aria-label=\"logoconst2\" class=\"w-image-h\"><img decoding=\"async\" width=\"80\" height=\"65\" src=\"https:\/\/novo-site.obrasonline.com.br\/wp-content\/uploads\/2025\/11\/logoconst2.jpg\" class=\"attachment-full size-full\" alt=\"\" loading=\"lazy\" \/><\/a><\/div><div class=\"w-image us_custom_e02018fc over align_center\"><a href=\"https:\/\/novo-site.obrasonline.com.br\/index.php\/neppo-comunicacao-omnichannel-unificada\/\" aria-label=\"logoconst3\" class=\"w-image-h\"><img decoding=\"async\" width=\"101\" height=\"65\" src=\"https:\/\/novo-site.obrasonline.com.br\/wp-content\/uploads\/2025\/11\/logoconst3.jpg\" class=\"attachment-full size-full\" alt=\"\" loading=\"lazy\" \/><\/a><\/div><div class=\"w-image us_custom_e02018fc over align_center\"><a href=\"https:\/\/novo-site.obrasonline.com.br\/index.php\/neppo-voz-telefonia-corporativa-na-nuvem\/\" aria-label=\"logoconst4\" class=\"w-image-h\"><img decoding=\"async\" width=\"98\" height=\"65\" src=\"https:\/\/novo-site.obrasonline.com.br\/wp-content\/uploads\/2025\/11\/logoconst4.jpg\" class=\"attachment-full size-full\" alt=\"\" loading=\"lazy\" \/><\/a><\/div><\/div><\/div><\/div><\/div><\/div><\/div><\/div><\/div><\/div><\/div><\/section>\n","protected":false},"excerpt":{"rendered":"Solu\u00e7\u00f5es Obras Online | ConstruTarget CRM Intelig\u00eancia de mercado e CRM como motor de vendas. Intelig\u00eancia de Mercado para o fornecedor da Constru\u00e7\u00e3o Integra\u00e7\u00e3o com CRM&#8217;s de Mercado. CRM e BPM com Intelig\u00eancia de Mercado Integrada Integra\u00e7\u00e3o com todos os CRM do mercado Intelig\u00eancia de Mercado para o fornecedor da Constru\u00e7\u00e3o CRM e BPM com...","protected":false},"author":2,"featured_media":0,"parent":0,"menu_order":0,"comment_status":"closed","ping_status":"closed","template":"","meta":{"footnotes":""},"class_list":["post-379","page","type-page","status-publish","hentry"],"_links":{"self":[{"href":"https:\/\/novo-site.obrasonline.com.br\/index.php\/wp-json\/wp\/v2\/pages\/379","targetHints":{"allow":["GET"]}}],"collection":[{"href":"https:\/\/novo-site.obrasonline.com.br\/index.php\/wp-json\/wp\/v2\/pages"}],"about":[{"href":"https:\/\/novo-site.obrasonline.com.br\/index.php\/wp-json\/wp\/v2\/types\/page"}],"author":[{"embeddable":true,"href":"https:\/\/novo-site.obrasonline.com.br\/index.php\/wp-json\/wp\/v2\/users\/2"}],"replies":[{"embeddable":true,"href":"https:\/\/novo-site.obrasonline.com.br\/index.php\/wp-json\/wp\/v2\/comments?post=379"}],"version-history":[{"count":52,"href":"https:\/\/novo-site.obrasonline.com.br\/index.php\/wp-json\/wp\/v2\/pages\/379\/revisions"}],"predecessor-version":[{"id":709,"href":"https:\/\/novo-site.obrasonline.com.br\/index.php\/wp-json\/wp\/v2\/pages\/379\/revisions\/709"}],"wp:attachment":[{"href":"https:\/\/novo-site.obrasonline.com.br\/index.php\/wp-json\/wp\/v2\/media?parent=379"}],"curies":[{"name":"wp","href":"https:\/\/api.w.org\/{rel}","templated":true}]}}