{"id":382,"date":"2025-11-06T12:29:05","date_gmt":"2025-11-06T12:29:05","guid":{"rendered":"https:\/\/novo-site.obrasonline.com.br\/?page_id=382"},"modified":"2025-11-19T16:49:08","modified_gmt":"2025-11-19T16:49:08","slug":"go2leads-premium","status":"publish","type":"page","link":"https:\/\/novo-site.obrasonline.com.br\/index.php\/go2leads-premium\/","title":{"rendered":"Go2Leads Premium"},"content":{"rendered":"<section class=\"l-section wpb_row us_custom_261b802e height_medium\"><div class=\"l-section-h i-cf\"><div class=\"g-cols vc_row via_flex valign_top type_default stacking_default\"><div class=\"vc_col-sm-12 wpb_column vc_column_container\"><div class=\"vc_column-inner\"><div class=\"wpb_wrapper\"><div class=\"wpb_text_column us_custom_6df4bc3a has_text_color\"><div class=\"wpb_wrapper\"><h1>Go2Leads Premium &#8211; Gera\u00e7\u00e3o de Leads Qualificados<\/h1>\n<\/div><\/div><\/div><\/div><\/div><\/div><\/div><\/section><section class=\"l-section wpb_row height_auto\"><div class=\"l-section-h i-cf\"><div class=\"g-cols vc_row via_flex valign_top type_default stacking_default\"><div class=\"vc_col-sm-12 wpb_column vc_column_container\"><div class=\"vc_column-inner\"><div class=\"wpb_wrapper\"><div class=\"w-separator size_custom\" style=\"height:10px\"><\/div><\/div><\/div><\/div><\/div><\/div><\/section><section class=\"l-section wpb_row us_custom_fa90b74e has_text_color height_medium\"><div class=\"l-section-h i-cf\"><div class=\"g-cols vc_row via_flex valign_middle type_default stacking_default\"><div class=\"vc_col-sm-6 wpb_column vc_column_container\"><div class=\"vc_column-inner\"><div class=\"wpb_wrapper\"><div class=\"w-image us_custom_5b0e8843 has_height align_none\"><div class=\"w-image-h\"><img decoding=\"async\" width=\"80\" height=\"65\" src=\"https:\/\/novo-site.obrasonline.com.br\/wp-content\/uploads\/2025\/11\/logoconst1-1.jpg\" class=\"attachment-full size-full\" alt=\"\" loading=\"lazy\" \/><\/div><\/div><div class=\"wpb_text_column us_custom_50cc7d67\"><div class=\"wpb_wrapper\"><h2><b>O que \u00e9 o Go<\/b><b>2<\/b><b>leads Premium?<\/b><\/h2>\n<\/div><\/div><div class=\"wpb_text_column us_custom_8d5aa4e2\"><div class=\"wpb_wrapper\"><h3><b>Go2Leads Premium, Gera\u00e7\u00e3o Inteligente de Oportunidades <\/b><\/h3>\n<\/div><\/div><div class=\"wpb_text_column us_custom_2dbf7b3f\"><div class=\"wpb_wrapper\"><p>O Go2Leads Premium \u00e9 a solu\u00e7\u00e3o ideal para empresas que desejam terceirizar com efici\u00eancia e precis\u00e3o a fun\u00e7\u00e3o de SDR \/ Pr\u00e9-Vendas, garantindo um fluxo cont\u00ednuo de leads qualificados e prontos para convers\u00e3o.<\/p>\n<p>Integrado \u00e0 uma estrat\u00e9gia Go-to-Market (GTM), o Go2Leads Premium combina a Intelig\u00eancia de Mercado da Obras Online com o ConstruTarget CRM, permitindo compreender as particularidades de cada neg\u00f3cio e gerar oportunidades exclusivas para o time comercial. Assim, o vendedor deixa de trabalhar no escuro e passa a atuar com demandas qualificadas, informa\u00e7\u00f5es ricas sobre cada contato e leads j\u00e1 engajados, prontos para avan\u00e7ar no funil de vendas.<\/p>\n<p>Os resultados s\u00e3o imediatos: otimiza\u00e7\u00e3o do tempo, ganho de produtividade e foco total nas atividades estrat\u00e9gicas de relacionamento e fechamento, concentrando esfor\u00e7os em clientes de maior valor.<\/p>\n<p>Com o Go2Leads Premium, seu time comercial atua de forma mais eficiente, inteligente e estruturada, reduzindo desperd\u00edcios e ampliando o potencial de crescimento da sua empresa.<\/p>\n<\/div><\/div><\/div><\/div><\/div><div class=\"vc_col-sm-6 wpb_column vc_column_container\"><div class=\"vc_column-inner\"><div class=\"wpb_wrapper\"><div class=\"w-image align_center\"><div class=\"w-image-h\"><img decoding=\"async\" width=\"1650\" height=\"1302\" src=\"https:\/\/novo-site.obrasonline.com.br\/wp-content\/uploads\/2025\/11\/Captura-de-Tela-2025-11-14-as-19.22.36.png\" class=\"attachment-full size-full\" alt=\"\" loading=\"lazy\" srcset=\"https:\/\/novo-site.obrasonline.com.br\/wp-content\/uploads\/2025\/11\/Captura-de-Tela-2025-11-14-as-19.22.36.png 1650w, https:\/\/novo-site.obrasonline.com.br\/wp-content\/uploads\/2025\/11\/Captura-de-Tela-2025-11-14-as-19.22.36-300x237.png 300w, https:\/\/novo-site.obrasonline.com.br\/wp-content\/uploads\/2025\/11\/Captura-de-Tela-2025-11-14-as-19.22.36-1024x808.png 1024w\" sizes=\"auto, (max-width: 1650px) 100vw, 1650px\" \/><\/div><\/div><\/div><\/div><\/div><\/div><\/div><\/section><section class=\"l-section wpb_row us_custom_623ba360 height_medium\"><div class=\"l-section-h i-cf\"><div class=\"g-cols vc_row via_flex valign_top type_default stacking_default\"><div class=\"vc_col-sm-12 wpb_column vc_column_container\"><div class=\"vc_column-inner\"><div class=\"wpb_wrapper\"><div class=\"wpb_text_column us_custom_3f17d946\"><div class=\"wpb_wrapper\"><h2><span style=\"color: #fdc800;\"><b>Benef\u00edcios Go<\/b><\/span><span style=\"color: #ffffff;\"><b>2<\/b><\/span><span style=\"color: #fdc800;\"><b>Leads Premium<\/b><\/span><\/h2>\n<\/div><\/div><div class=\"g-cols wpb_row via_flex valign_top type_default stacking_default\" style=\"--additional-gap:1rem;\"><div class=\"vc_col-sm-6 wpb_column vc_column_container has_bg_color\"><div class=\"vc_column-inner us_custom_8846b233\"><div class=\"wpb_wrapper\"><div class=\"wpb_text_column us_custom_b99f92a4 has_text_color\"><div class=\"wpb_wrapper\"><h3>Eng<b>ajamento e Fluxo de Vendas<\/b><\/h3>\n<\/div><\/div><div class=\"wpb_text_column us_custom_6df4bc3a has_text_color\"><div class=\"wpb_wrapper\"><p>Garante um processo estruturado e cont\u00ednuo, evitando a perda de leads e a frustra\u00e7\u00e3o do time comercial. \u00c9 importante destacar que o sucesso da opera\u00e7\u00e3o depende do engajamento da equipe de vendas na an\u00e1lise e no aproveitamento dos leads qualificados pelo SDR.<\/p>\n<\/div><\/div><\/div><\/div><\/div><div class=\"vc_col-sm-6 wpb_column vc_column_container has_bg_color\"><div class=\"vc_column-inner us_custom_8846b233\"><div class=\"wpb_wrapper\"><div class=\"wpb_text_column us_custom_c33f9b09 has_text_color\"><div class=\"wpb_wrapper\"><h3><b>Menos Riscos e Custos<\/b><\/h3>\n<\/div><\/div><div class=\"wpb_text_column us_custom_6df4bc3a has_text_color\"><div class=\"wpb_wrapper\"><p>A contrata\u00e7\u00e3o interna de SDRs pode gerar desafios como desvio de fun\u00e7\u00e3o, rotatividade, promo\u00e7\u00f5es e altos custos operacionais. Com o Go2Leads Premium, sua empresa conta com um ou mais SDRs dedicados \u00e0 gera\u00e7\u00e3o de leads, com processos padronizados e opera\u00e7\u00e3o cont\u00ednua e sem interrup\u00e7\u00f5es.<\/p>\n<\/div><\/div><\/div><\/div><\/div><\/div><div class=\"g-cols wpb_row us_custom_d2199d32 via_flex valign_top type_default stacking_default\" style=\"--additional-gap:1rem;\"><div class=\"vc_col-sm-6 wpb_column vc_column_container has_bg_color\"><div class=\"vc_column-inner us_custom_8846b233\"><div class=\"wpb_wrapper\"><div class=\"wpb_text_column us_custom_c33f9b09 has_text_color\"><div class=\"wpb_wrapper\"><h3><b>Resultados Mais R\u00e1pidos<\/b><\/h3>\n<\/div><\/div><div class=\"wpb_text_column us_custom_6df4bc3a has_text_color\"><div class=\"wpb_wrapper\"><p>Enquanto um SDR interno precisa de tempo para compreender os processos e alcan\u00e7ar resultados, o Go2Leads Premium entra em opera\u00e7\u00e3o de forma imediata. Nossa equipe especializada garante uma curva de aprendizado m\u00ednima e alta performance desde o in\u00edcio.<\/p>\n<\/div><\/div><\/div><\/div><\/div><div class=\"vc_col-sm-6 wpb_column vc_column_container has_bg_color\"><div class=\"vc_column-inner us_custom_8846b233\"><div class=\"wpb_wrapper\"><div class=\"wpb_text_column us_custom_c33f9b09 has_text_color\"><div class=\"wpb_wrapper\"><h3><b>Neg\u00f3cios Sustent\u00e1veis<\/b><\/h3>\n<\/div><\/div><div class=\"wpb_text_column us_custom_6df4bc3a has_text_color\"><div class=\"wpb_wrapper\"><p>Um fluxo consistente e estrat\u00e9gico de gera\u00e7\u00e3o de leads permite que sua empresa acelere neg\u00f3cios, otimize processos e converta planejamento em resultados tang\u00edveis,\u00a0 promovendo crescimento org\u00e2nico, previs\u00edvel e sustent\u00e1vel.<\/p>\n<\/div><\/div><\/div><\/div><\/div><\/div><\/div><\/div><\/div><\/div><\/div><\/section><section class=\"l-section wpb_row height_small\"><div class=\"l-section-h i-cf\"><div class=\"g-cols vc_row via_flex valign_top type_default stacking_default\"><div class=\"vc_col-sm-12 wpb_column vc_column_container\"><div class=\"vc_column-inner\"><div class=\"wpb_wrapper\"><div class=\"wpb_text_column us_custom_72fc42ef\"><div class=\"wpb_wrapper\"><h2><b>FLUXO DE JORNADA COM <\/b><b>Go<\/b><b>2<\/b><b>leads Premium<\/b><\/h2>\n<\/div><\/div><\/div><\/div><\/div><\/div><\/div><\/section><section class=\"l-section wpb_row height_auto\"><div class=\"l-section-h i-cf\"><div class=\"g-cols vc_row via_flex valign_top type_default stacking_default\"><div class=\"vc_col-sm-6 wpb_column vc_column_container\"><div class=\"vc_column-inner\"><div class=\"wpb_wrapper\"><div class=\"w-vwrapper us_custom_c565f191 align_left valign_middle\" style=\"--vwrapper-gap:2.1rem\"><div class=\"wpb_text_column us_custom_86e7f76b\"><div class=\"wpb_wrapper\"><p><b>Obras Online: <\/b>Levantamento do maior n\u00famero poss\u00edvel de empresas, projetos e obras\u00a0 dispon\u00edveis no mercado.<\/p>\n<\/div><\/div><div class=\"wpb_text_column us_custom_6700a2d3\"><div class=\"wpb_wrapper\"><p><b>Obras Online e Cliente: <\/b>Segmenta\u00e7\u00e3o das empresas com seus projetos e obras a serem prospectados, de acordo com a curva ABC (Atratividade x Competitividade).<\/p>\n<\/div><\/div><div class=\"wpb_text_column us_custom_e76677ec\"><div class=\"wpb_wrapper\"><p><b>SDR Obras Online: <\/b>O qu\u00ea? Inten\u00e7\u00e3o de contrata\u00e7\u00e3o. Quem? Influenciadores e decisores Quando? Previs\u00e3o de contrata\u00e7\u00e3o.<\/p>\n<\/div><\/div><div class=\"wpb_text_column us_custom_46101daa\"><div class=\"wpb_wrapper\"><p><b>Time Comercial &#8211; <\/b>Etapa de epecifica\u00e7\u00f5es t\u00e9cnicas, quantitativos e qualitativos. Envio de proposta e processo de negocia\u00e7\u00e3o.<\/p>\n<\/div><\/div><div class=\"wpb_text_column us_custom_9f2b325e\"><div class=\"wpb_wrapper\"><p><b>Conclus\u00e3o: <\/b>Abertura de novos clientes, recupera\u00e7\u00e3o de inativos e rentabiliza\u00e7\u00e3o dos ativos.<\/p>\n<\/div><\/div><\/div><\/div><\/div><\/div><div class=\"vc_col-sm-6 wpb_column vc_column_container\"><div class=\"vc_column-inner\"><div class=\"wpb_wrapper\"><div class=\"wpb_text_column us_custom_d4166210\"><div class=\"wpb_wrapper\"><p><b>JORNADA DO LEAD<br \/>\n<\/b>MAPEAMENTO DE ATIVIDADES \u2013 CONTRIBUI\u00c7\u00c3O DAS PARTES<\/p>\n<\/div><\/div><div class=\"w-image align_center\"><div class=\"w-image-h\"><img decoding=\"async\" width=\"1412\" height=\"1060\" src=\"https:\/\/novo-site.obrasonline.com.br\/wp-content\/uploads\/2025\/11\/Captura-de-Tela-2025-11-14-as-15.16.01.png\" class=\"attachment-full size-full\" alt=\"\" loading=\"lazy\" srcset=\"https:\/\/novo-site.obrasonline.com.br\/wp-content\/uploads\/2025\/11\/Captura-de-Tela-2025-11-14-as-15.16.01.png 1412w, https:\/\/novo-site.obrasonline.com.br\/wp-content\/uploads\/2025\/11\/Captura-de-Tela-2025-11-14-as-15.16.01-300x225.png 300w, https:\/\/novo-site.obrasonline.com.br\/wp-content\/uploads\/2025\/11\/Captura-de-Tela-2025-11-14-as-15.16.01-1024x769.png 1024w\" sizes=\"auto, (max-width: 1412px) 100vw, 1412px\" \/><\/div><\/div><\/div><\/div><\/div><\/div><\/div><\/section><section class=\"l-section wpb_row us_custom_e11ab399 height_medium\"><div class=\"l-section-h i-cf\"><div class=\"g-cols vc_row via_flex valign_top type_default stacking_default\"><div class=\"vc_col-sm-12 wpb_column vc_column_container\"><div class=\"vc_column-inner\"><div class=\"wpb_wrapper\"><div class=\"wpb_text_column us_custom_8d5aa4e2\"><div class=\"wpb_wrapper\"><h2><b>4 Pilares Da Intelig\u00eancia De\u00a0Mercado Obras Online<\/b><b>\u200b<\/b><\/h2>\n<\/div><\/div><\/div><\/div><\/div><\/div><\/div><\/section><section class=\"l-section wpb_row us_custom_e11ab399 height_medium\"><div class=\"l-section-h i-cf\"><div class=\"g-cols vc_row via_flex valign_top type_default stacking_default\"><div class=\"vc_col-sm-6 wpb_column vc_column_container\"><div class=\"vc_column-inner\"><div class=\"wpb_wrapper\"><div class=\"w-hwrapper us_custom_ae4d0e2f coluna valign_middle wrap stack_on_mobiles align_none\" style=\"--hwrapper-gap:1.5rem\"><div class=\"wpb_text_column us_custom_796f0a16\"><div class=\"wpb_wrapper\"><ol>\n<li><b> Informa\u00e7\u00e3o<br \/>\n<\/b>Relevante, estruturada e pr\u00e9-qualificada integrada ao ConstruTarget CRM<\/li>\n<\/ol>\n<\/div><\/div><div class=\"w-iconbox us_custom_1c181d42 iconpos_left style_default color_primary align_left no_text no_title icontype_img\"><div class=\"w-iconbox-icon\" style=\"font-size:1em;\"><img loading=\"lazy\" decoding=\"async\" width=\"512\" height=\"512\" src=\"https:\/\/novo-site.obrasonline.com.br\/wp-content\/uploads\/2025\/11\/right-arrow-1.png\" class=\"attachment-full size-full\" alt=\"\" srcset=\"https:\/\/novo-site.obrasonline.com.br\/wp-content\/uploads\/2025\/11\/right-arrow-1.png 512w, https:\/\/novo-site.obrasonline.com.br\/wp-content\/uploads\/2025\/11\/right-arrow-1-300x300.png 300w, https:\/\/novo-site.obrasonline.com.br\/wp-content\/uploads\/2025\/11\/right-arrow-1-150x150.png 150w\" sizes=\"auto, (max-width: 512px) 100vw, 512px\" \/><\/div><div class=\"w-iconbox-meta\"><\/div><\/div><div class=\"wpb_text_column us_custom_89763d35\"><div class=\"wpb_wrapper\"><p>Obras Online \u200b<\/p>\n<\/div><\/div><\/div><div class=\"w-hwrapper us_custom_d559c387 coluna valign_middle wrap stack_on_mobiles align_none\"><div class=\"wpb_text_column us_custom_fb91e1f0\"><div class=\"wpb_wrapper\"><ol start=\"2\">\n<li><b> Tecnologia<br \/>\n<\/b>ConstruTarget CRM &#8211; Software de Gest\u00e3o e automa\u00e7\u00e3o dos processos comerciais<\/li>\n<\/ol>\n<\/div><\/div><div class=\"w-iconbox us_custom_c077bfe5 iconpos_left style_default color_primary align_left no_text no_title icontype_img\"><div class=\"w-iconbox-icon\" style=\"font-size:1em;\"><img loading=\"lazy\" decoding=\"async\" width=\"512\" height=\"512\" src=\"https:\/\/novo-site.obrasonline.com.br\/wp-content\/uploads\/2025\/11\/right-arrow-1.png\" class=\"attachment-full size-full\" alt=\"\" srcset=\"https:\/\/novo-site.obrasonline.com.br\/wp-content\/uploads\/2025\/11\/right-arrow-1.png 512w, https:\/\/novo-site.obrasonline.com.br\/wp-content\/uploads\/2025\/11\/right-arrow-1-300x300.png 300w, https:\/\/novo-site.obrasonline.com.br\/wp-content\/uploads\/2025\/11\/right-arrow-1-150x150.png 150w\" sizes=\"auto, (max-width: 512px) 100vw, 512px\" \/><\/div><div class=\"w-iconbox-meta\"><\/div><\/div><div class=\"wpb_text_column us_custom_89763d35\"><div class=\"wpb_wrapper\"><p>Obras Online \u200b<\/p>\n<\/div><\/div><\/div><div class=\"w-hwrapper us_custom_bee7f2ef coluna valign_middle wrap stack_on_mobiles align_none\"><div class=\"wpb_text_column us_custom_98086faf\"><div class=\"wpb_wrapper\"><ol start=\"3\">\n<li><b> Processos e m\u00e9todos<br \/>\n<\/b>Estrat\u00e9gia certa para seu Neg\u00f3cio<\/li>\n<\/ol>\n<\/div><\/div><div class=\"w-iconbox us_custom_c077bfe5 iconpos_left style_default color_primary align_left no_text no_title icontype_img\"><div class=\"w-iconbox-icon\" style=\"font-size:1em;\"><img loading=\"lazy\" decoding=\"async\" width=\"512\" height=\"512\" src=\"https:\/\/novo-site.obrasonline.com.br\/wp-content\/uploads\/2025\/11\/right-arrow-1.png\" class=\"attachment-full size-full\" alt=\"\" srcset=\"https:\/\/novo-site.obrasonline.com.br\/wp-content\/uploads\/2025\/11\/right-arrow-1.png 512w, https:\/\/novo-site.obrasonline.com.br\/wp-content\/uploads\/2025\/11\/right-arrow-1-300x300.png 300w, https:\/\/novo-site.obrasonline.com.br\/wp-content\/uploads\/2025\/11\/right-arrow-1-150x150.png 150w\" sizes=\"auto, (max-width: 512px) 100vw, 512px\" \/><\/div><div class=\"w-iconbox-meta\"><\/div><\/div><div class=\"wpb_text_column us_custom_89763d35\"><div class=\"wpb_wrapper\"><p>Obras Online\u200b + Cliente<\/p>\n<\/div><\/div><\/div><div class=\"w-hwrapper us_custom_d559c387 coluna valign_middle wrap stack_on_mobiles align_none\"><div class=\"wpb_text_column us_custom_fb91e1f0\"><div class=\"wpb_wrapper\"><ol start=\"4\">\n<li><b> Profissionais<br \/>\n<\/b>Capacitados e com tempo dispon\u00edvel para acompanhamento e valida\u00e7\u00e3o dos resultados<\/li>\n<\/ol>\n<\/div><\/div><div class=\"w-iconbox us_custom_c077bfe5 iconpos_left style_default color_primary align_left no_text no_title icontype_img\"><div class=\"w-iconbox-icon\" style=\"font-size:1em;\"><img loading=\"lazy\" decoding=\"async\" width=\"512\" height=\"512\" src=\"https:\/\/novo-site.obrasonline.com.br\/wp-content\/uploads\/2025\/11\/right-arrow-1.png\" class=\"attachment-full size-full\" alt=\"\" srcset=\"https:\/\/novo-site.obrasonline.com.br\/wp-content\/uploads\/2025\/11\/right-arrow-1.png 512w, https:\/\/novo-site.obrasonline.com.br\/wp-content\/uploads\/2025\/11\/right-arrow-1-300x300.png 300w, https:\/\/novo-site.obrasonline.com.br\/wp-content\/uploads\/2025\/11\/right-arrow-1-150x150.png 150w\" sizes=\"auto, (max-width: 512px) 100vw, 512px\" \/><\/div><div class=\"w-iconbox-meta\"><\/div><\/div><div class=\"wpb_text_column us_custom_89763d35\"><div class=\"wpb_wrapper\"><p>Obras Online\u200b + Cliente<\/p>\n<\/div><\/div><\/div><\/div><\/div><\/div><div class=\"vc_col-sm-6 wpb_column vc_column_container\"><div class=\"vc_column-inner us_custom_a8b0c788\"><div class=\"wpb_wrapper\"><div class=\"w-image align_center\"><div class=\"w-image-h\"><img decoding=\"async\" width=\"1540\" height=\"1229\" src=\"https:\/\/novo-site.obrasonline.com.br\/wp-content\/uploads\/2025\/11\/Imagem1-1.png\" class=\"attachment-full size-full\" alt=\"\" loading=\"lazy\" srcset=\"https:\/\/novo-site.obrasonline.com.br\/wp-content\/uploads\/2025\/11\/Imagem1-1.png 1540w, https:\/\/novo-site.obrasonline.com.br\/wp-content\/uploads\/2025\/11\/Imagem1-1-300x239.png 300w, https:\/\/novo-site.obrasonline.com.br\/wp-content\/uploads\/2025\/11\/Imagem1-1-1024x817.png 1024w\" sizes=\"auto, (max-width: 1540px) 100vw, 1540px\" \/><\/div><\/div><\/div><\/div><\/div><\/div><\/div><\/section><section class=\"l-section wpb_row us_custom_c91c9308 has_text_color height_auto\"><div class=\"l-section-h i-cf\"><div class=\"g-cols vc_row via_flex valign_top type_default stacking_default\"><div class=\"vc_col-sm-12 wpb_column vc_column_container\"><div class=\"vc_column-inner\"><div class=\"wpb_wrapper\"><div class=\"w-hwrapper us_custom_d2199d32 valign_top align_none\"><div class=\"w-image us_custom_3026028b over align_center\"><a href=\"https:\/\/novo-site.obrasonline.com.br\/index.php\/licitaplug-inteligencia-em-licitacoes-publicas\/\" aria-label=\"logoconst2\" class=\"w-image-h\"><img decoding=\"async\" width=\"80\" height=\"65\" src=\"https:\/\/novo-site.obrasonline.com.br\/wp-content\/uploads\/2025\/11\/logoconst2.jpg\" class=\"attachment-full size-full\" alt=\"\" loading=\"lazy\" \/><\/a><\/div><div class=\"w-image us_custom_3026028b over align_center\"><a href=\"https:\/\/novo-site.obrasonline.com.br\/index.php\/neppo-comunicacao-omnichannel-unificada\/\" aria-label=\"logoconst3\" class=\"w-image-h\"><img decoding=\"async\" width=\"101\" height=\"65\" src=\"https:\/\/novo-site.obrasonline.com.br\/wp-content\/uploads\/2025\/11\/logoconst3.jpg\" class=\"attachment-full size-full\" alt=\"\" loading=\"lazy\" \/><\/a><\/div><div class=\"w-image us_custom_3026028b over align_center\"><a href=\"https:\/\/novo-site.obrasonline.com.br\/index.php\/neppo-voz-telefonia-corporativa-na-nuvem\/\" aria-label=\"logoconst4\" class=\"w-image-h\"><img decoding=\"async\" width=\"98\" height=\"65\" src=\"https:\/\/novo-site.obrasonline.com.br\/wp-content\/uploads\/2025\/11\/logoconst4.jpg\" class=\"attachment-full size-full\" alt=\"\" loading=\"lazy\" \/><\/a><\/div><\/div><\/div><\/div><\/div><\/div><\/div><\/section>\n","protected":false},"excerpt":{"rendered":"Go2Leads Premium &#8211; Gera\u00e7\u00e3o de Leads Qualificados O que \u00e9 o Go2leads Premium? Go2Leads Premium, Gera\u00e7\u00e3o Inteligente de Oportunidades O Go2Leads Premium \u00e9 a solu\u00e7\u00e3o ideal para empresas que desejam terceirizar com efici\u00eancia e precis\u00e3o a fun\u00e7\u00e3o de SDR \/ Pr\u00e9-Vendas, garantindo um fluxo cont\u00ednuo de leads qualificados e prontos para convers\u00e3o. Integrado \u00e0 uma...","protected":false},"author":2,"featured_media":0,"parent":0,"menu_order":0,"comment_status":"closed","ping_status":"closed","template":"","meta":{"footnotes":""},"class_list":["post-382","page","type-page","status-publish","hentry"],"_links":{"self":[{"href":"https:\/\/novo-site.obrasonline.com.br\/index.php\/wp-json\/wp\/v2\/pages\/382","targetHints":{"allow":["GET"]}}],"collection":[{"href":"https:\/\/novo-site.obrasonline.com.br\/index.php\/wp-json\/wp\/v2\/pages"}],"about":[{"href":"https:\/\/novo-site.obrasonline.com.br\/index.php\/wp-json\/wp\/v2\/types\/page"}],"author":[{"embeddable":true,"href":"https:\/\/novo-site.obrasonline.com.br\/index.php\/wp-json\/wp\/v2\/users\/2"}],"replies":[{"embeddable":true,"href":"https:\/\/novo-site.obrasonline.com.br\/index.php\/wp-json\/wp\/v2\/comments?post=382"}],"version-history":[{"count":45,"href":"https:\/\/novo-site.obrasonline.com.br\/index.php\/wp-json\/wp\/v2\/pages\/382\/revisions"}],"predecessor-version":[{"id":692,"href":"https:\/\/novo-site.obrasonline.com.br\/index.php\/wp-json\/wp\/v2\/pages\/382\/revisions\/692"}],"wp:attachment":[{"href":"https:\/\/novo-site.obrasonline.com.br\/index.php\/wp-json\/wp\/v2\/media?parent=382"}],"curies":[{"name":"wp","href":"https:\/\/api.w.org\/{rel}","templated":true}]}}