{"id":386,"date":"2025-11-06T12:33:54","date_gmt":"2025-11-06T12:33:54","guid":{"rendered":"https:\/\/novo-site.obrasonline.com.br\/?page_id=386"},"modified":"2025-11-17T18:39:24","modified_gmt":"2025-11-17T18:39:24","slug":"licitaplug-inteligencia-em-licitacoes-publicas","status":"publish","type":"page","link":"https:\/\/novo-site.obrasonline.com.br\/index.php\/licitaplug-inteligencia-em-licitacoes-publicas\/","title":{"rendered":"LicitaPlug \u2013 Intelig\u00eancia em Licita\u00e7\u00f5es P\u00fablicas"},"content":{"rendered":"<section class=\"l-section wpb_row us_custom_261b802e height_medium\"><div class=\"l-section-h i-cf\"><div class=\"g-cols vc_row via_flex valign_top type_default stacking_default\"><div class=\"vc_col-sm-12 wpb_column vc_column_container\"><div class=\"vc_column-inner\"><div class=\"wpb_wrapper\"><div class=\"wpb_text_column us_custom_6df4bc3a has_text_color\"><div class=\"wpb_wrapper\"><h1>LicitaPlug \u2013 Intelig\u00eancia em Licita\u00e7\u00f5es P\u00fablicas<\/h1>\n<\/div><\/div><\/div><\/div><\/div><\/div><\/div><\/section><section class=\"l-section wpb_row height_auto\"><div class=\"l-section-h i-cf\"><div class=\"g-cols vc_row via_flex valign_top type_default stacking_default\"><div class=\"vc_col-sm-12 wpb_column vc_column_container\"><div class=\"vc_column-inner\"><div class=\"wpb_wrapper\"><div class=\"w-separator size_custom\" style=\"height:10px\"><\/div><\/div><\/div><\/div><\/div><\/div><\/section><section class=\"l-section wpb_row us_custom_fa90b74e has_text_color height_medium\"><div class=\"l-section-h i-cf\"><div class=\"g-cols vc_row via_flex valign_middle type_default stacking_default\"><div class=\"vc_col-sm-2 wpb_column vc_column_container\"><div class=\"vc_column-inner\"><div class=\"wpb_wrapper\"><div class=\"w-image us_custom_952de4fb has_height align_center\"><div class=\"w-image-h\"><img decoding=\"async\" width=\"80\" height=\"65\" src=\"https:\/\/novo-site.obrasonline.com.br\/wp-content\/uploads\/2025\/11\/logoconst2.jpg\" class=\"attachment-full size-full\" alt=\"\" loading=\"lazy\" \/><\/div><\/div><\/div><\/div><\/div><div class=\"vc_col-sm-10 wpb_column vc_column_container\"><div class=\"vc_column-inner\"><div class=\"wpb_wrapper\"><div class=\"wpb_text_column\"><div class=\"wpb_wrapper\"><p>O <strong>LicitaPlug<\/strong> \u00e9 uma ferramenta de automa\u00e7\u00e3o e gest\u00e3o para otimizar a participa\u00e7\u00e3o em licita\u00e7\u00f5es p\u00fablicas.<\/p>\n<ul>\n<li><strong>Principal Fun\u00e7\u00e3o:<\/strong> Conecta boletins de licita\u00e7\u00f5es diretamente ao ConstruTarget CRM, centralizando a busca por novas oportunidades em um s\u00f3 lugar.<\/li>\n<li><strong>Benef\u00edcios<\/strong>: Reduz em at\u00e9 90% o tempo de an\u00e1lise e cadastro de boletins.<\/li>\n<li><strong>Integra\u00e7\u00e3o:<\/strong> A integra\u00e7\u00e3o nativa com o ConstruTarget CRM permite que a gest\u00e3o das oportunidades de licita\u00e7\u00e3o se torne parte do seu funil de vendas.<\/li>\n<\/ul>\n<\/div><\/div><div class=\"w-hwrapper us_custom_cf362e21 valign_top align_none\"><div class=\"w-image us_custom_3026028b over align_center\"><a href=\"https:\/\/novo-site.obrasonline.com.br\/index.php\/go2leads-premium\/\" aria-label=\"logoconst1\" class=\"w-image-h\"><img decoding=\"async\" width=\"80\" height=\"65\" src=\"https:\/\/novo-site.obrasonline.com.br\/wp-content\/uploads\/2025\/11\/logoconst1-1.jpg\" class=\"attachment-full size-full\" alt=\"\" loading=\"lazy\" \/><\/a><\/div><div class=\"w-image us_custom_3026028b over align_center\"><a href=\"https:\/\/novo-site.obrasonline.com.br\/index.php\/neppo-comunicacao-omnichannel-unificada\/\" aria-label=\"logoconst3\" class=\"w-image-h\"><img decoding=\"async\" width=\"101\" height=\"65\" src=\"https:\/\/novo-site.obrasonline.com.br\/wp-content\/uploads\/2025\/11\/logoconst3.jpg\" class=\"attachment-full size-full\" alt=\"\" loading=\"lazy\" \/><\/a><\/div><div class=\"w-image us_custom_3026028b over align_center\"><a href=\"https:\/\/novo-site.obrasonline.com.br\/index.php\/neppo-voz-telefonia-corporativa-na-nuvem\/\" aria-label=\"logoconst4\" class=\"w-image-h\"><img decoding=\"async\" width=\"98\" height=\"65\" src=\"https:\/\/novo-site.obrasonline.com.br\/wp-content\/uploads\/2025\/11\/logoconst4.jpg\" class=\"attachment-full size-full\" alt=\"\" loading=\"lazy\" \/><\/a><\/div><\/div><\/div><\/div><\/div><\/div><\/div><\/section><section class=\"l-section wpb_row us_custom_ec378b7e has_text_color height_medium\"><div class=\"l-section-h i-cf\"><div class=\"g-cols vc_row via_flex valign_top type_default stacking_default\"><div class=\"vc_col-sm-12 wpb_column vc_column_container\"><div class=\"vc_column-inner\"><div class=\"wpb_wrapper\"><\/div><\/div><\/div><\/div><\/div><\/section>\n","protected":false},"excerpt":{"rendered":"LicitaPlug \u2013 Intelig\u00eancia em Licita\u00e7\u00f5es P\u00fablicas O LicitaPlug \u00e9 uma ferramenta de automa\u00e7\u00e3o e gest\u00e3o para otimizar a participa\u00e7\u00e3o em licita\u00e7\u00f5es p\u00fablicas. Principal Fun\u00e7\u00e3o: Conecta boletins de licita\u00e7\u00f5es diretamente ao ConstruTarget CRM, centralizando a busca por novas oportunidades em um s\u00f3 lugar. Benef\u00edcios: Reduz em at\u00e9 90% o tempo de an\u00e1lise e cadastro de boletins....","protected":false},"author":2,"featured_media":0,"parent":0,"menu_order":0,"comment_status":"closed","ping_status":"closed","template":"","meta":{"footnotes":""},"class_list":["post-386","page","type-page","status-publish","hentry"],"_links":{"self":[{"href":"https:\/\/novo-site.obrasonline.com.br\/index.php\/wp-json\/wp\/v2\/pages\/386","targetHints":{"allow":["GET"]}}],"collection":[{"href":"https:\/\/novo-site.obrasonline.com.br\/index.php\/wp-json\/wp\/v2\/pages"}],"about":[{"href":"https:\/\/novo-site.obrasonline.com.br\/index.php\/wp-json\/wp\/v2\/types\/page"}],"author":[{"embeddable":true,"href":"https:\/\/novo-site.obrasonline.com.br\/index.php\/wp-json\/wp\/v2\/users\/2"}],"replies":[{"embeddable":true,"href":"https:\/\/novo-site.obrasonline.com.br\/index.php\/wp-json\/wp\/v2\/comments?post=386"}],"version-history":[{"count":6,"href":"https:\/\/novo-site.obrasonline.com.br\/index.php\/wp-json\/wp\/v2\/pages\/386\/revisions"}],"predecessor-version":[{"id":680,"href":"https:\/\/novo-site.obrasonline.com.br\/index.php\/wp-json\/wp\/v2\/pages\/386\/revisions\/680"}],"wp:attachment":[{"href":"https:\/\/novo-site.obrasonline.com.br\/index.php\/wp-json\/wp\/v2\/media?parent=386"}],"curies":[{"name":"wp","href":"https:\/\/api.w.org\/{rel}","templated":true}]}}