{"id":389,"date":"2025-11-06T12:36:42","date_gmt":"2025-11-06T12:36:42","guid":{"rendered":"https:\/\/novo-site.obrasonline.com.br\/?page_id=389"},"modified":"2025-11-17T18:40:37","modified_gmt":"2025-11-17T18:40:37","slug":"neppo-comunicacao-omnichannel-unificada","status":"publish","type":"page","link":"https:\/\/novo-site.obrasonline.com.br\/index.php\/neppo-comunicacao-omnichannel-unificada\/","title":{"rendered":"Neppo \u2013 Comunica\u00e7\u00e3o Omnichannel Unificada"},"content":{"rendered":"<section class=\"l-section wpb_row us_custom_261b802e height_medium\"><div class=\"l-section-h i-cf\"><div class=\"g-cols vc_row via_flex valign_top type_default stacking_default\"><div class=\"vc_col-sm-12 wpb_column vc_column_container\"><div class=\"vc_column-inner\"><div class=\"wpb_wrapper\"><div class=\"wpb_text_column us_custom_6df4bc3a has_text_color\"><div class=\"wpb_wrapper\"><h1>Neppo \u2013 Comunica\u00e7\u00e3o Omnichannel Unificada<\/h1>\n<\/div><\/div><\/div><\/div><\/div><\/div><\/div><\/section><section class=\"l-section wpb_row height_auto\"><div class=\"l-section-h i-cf\"><div class=\"g-cols vc_row via_flex valign_top type_default stacking_default\"><div class=\"vc_col-sm-12 wpb_column vc_column_container\"><div class=\"vc_column-inner\"><div class=\"wpb_wrapper\"><div class=\"w-separator size_custom\" style=\"height:10px\"><\/div><\/div><\/div><\/div><\/div><\/div><\/section><section class=\"l-section wpb_row us_custom_fa90b74e has_text_color height_medium\"><div class=\"l-section-h i-cf\"><div class=\"g-cols vc_row via_flex valign_middle type_default stacking_default\"><div class=\"vc_col-sm-2 wpb_column vc_column_container\"><div class=\"vc_column-inner\"><div class=\"wpb_wrapper\"><div class=\"w-image us_custom_952de4fb has_height align_center\"><div class=\"w-image-h\"><img decoding=\"async\" width=\"101\" height=\"65\" src=\"https:\/\/novo-site.obrasonline.com.br\/wp-content\/uploads\/2025\/11\/logoconst3.jpg\" class=\"attachment-full size-full\" alt=\"\" loading=\"lazy\" \/><\/div><\/div><\/div><\/div><\/div><div class=\"vc_col-sm-10 wpb_column vc_column_container\"><div class=\"vc_column-inner\"><div class=\"wpb_wrapper\"><div class=\"wpb_text_column\"><div class=\"wpb_wrapper\"><p>A <strong>Neppo<\/strong> \u00e9 uma plataforma que centraliza todos os canais de comunica\u00e7\u00e3o da sua empresa em um \u00fanico ambiente, garantindo uma vis\u00e3o 360\u00b0 do cliente.<\/p>\n<ul>\n<li><strong>Canais Unificados:<\/strong> Integra e-mail, webchat, WhatsApp, redes sociais e Messenger.<\/li>\n<li><strong>Funcionalidades:<\/strong> Inclui um Chatbot 24\/7 e um construtor de fluxos personalizados.<\/li>\n<li><strong>Integra\u00e7\u00f5es:<\/strong> Parceira oficial da Meta para o WhatsApp Business API, e tem integra\u00e7\u00e3o Plug-and-Play com o ConstruTarget CRM e o ERP Sankhya.<\/li>\n<\/ul>\n<\/div><\/div><div class=\"w-hwrapper us_custom_cf362e21 valign_top align_none\"><div class=\"w-image us_custom_3026028b over align_center\"><a href=\"https:\/\/novo-site.obrasonline.com.br\/index.php\/go2leads-premium\/\" aria-label=\"logoconst1\" class=\"w-image-h\"><img decoding=\"async\" width=\"80\" height=\"65\" src=\"https:\/\/novo-site.obrasonline.com.br\/wp-content\/uploads\/2025\/11\/logoconst1-1.jpg\" class=\"attachment-full size-full\" alt=\"\" loading=\"lazy\" \/><\/a><\/div><div class=\"w-image us_custom_3026028b over align_center\"><a href=\"https:\/\/novo-site.obrasonline.com.br\/index.php\/licitaplug-inteligencia-em-licitacoes-publicas\/\" aria-label=\"logoconst2\" class=\"w-image-h\"><img decoding=\"async\" width=\"80\" height=\"65\" src=\"https:\/\/novo-site.obrasonline.com.br\/wp-content\/uploads\/2025\/11\/logoconst2.jpg\" class=\"attachment-full size-full\" alt=\"\" loading=\"lazy\" \/><\/a><\/div><div class=\"w-image us_custom_3026028b over align_center\"><a href=\"https:\/\/novo-site.obrasonline.com.br\/index.php\/neppo-voz-telefonia-corporativa-na-nuvem\/\" aria-label=\"logoconst4\" class=\"w-image-h\"><img decoding=\"async\" width=\"98\" height=\"65\" src=\"https:\/\/novo-site.obrasonline.com.br\/wp-content\/uploads\/2025\/11\/logoconst4.jpg\" class=\"attachment-full size-full\" alt=\"\" loading=\"lazy\" \/><\/a><\/div><\/div><\/div><\/div><\/div><\/div><\/div><\/section><section class=\"l-section wpb_row us_custom_ec378b7e has_text_color height_medium\"><div class=\"l-section-h i-cf\"><div class=\"g-cols vc_row via_flex valign_top type_default stacking_default\"><div class=\"vc_col-sm-12 wpb_column vc_column_container\"><div class=\"vc_column-inner\"><div class=\"wpb_wrapper\"><\/div><\/div><\/div><\/div><\/div><\/section>\n","protected":false},"excerpt":{"rendered":"Neppo \u2013 Comunica\u00e7\u00e3o Omnichannel Unificada A Neppo \u00e9 uma plataforma que centraliza todos os canais de comunica\u00e7\u00e3o da sua empresa em um \u00fanico ambiente, garantindo uma vis\u00e3o 360\u00b0 do cliente. Canais Unificados: Integra e-mail, webchat, WhatsApp, redes sociais e Messenger. Funcionalidades: Inclui um Chatbot 24\/7 e um construtor de fluxos personalizados. Integra\u00e7\u00f5es: Parceira oficial da...","protected":false},"author":2,"featured_media":0,"parent":0,"menu_order":0,"comment_status":"closed","ping_status":"closed","template":"","meta":{"footnotes":""},"class_list":["post-389","page","type-page","status-publish","hentry"],"_links":{"self":[{"href":"https:\/\/novo-site.obrasonline.com.br\/index.php\/wp-json\/wp\/v2\/pages\/389","targetHints":{"allow":["GET"]}}],"collection":[{"href":"https:\/\/novo-site.obrasonline.com.br\/index.php\/wp-json\/wp\/v2\/pages"}],"about":[{"href":"https:\/\/novo-site.obrasonline.com.br\/index.php\/wp-json\/wp\/v2\/types\/page"}],"author":[{"embeddable":true,"href":"https:\/\/novo-site.obrasonline.com.br\/index.php\/wp-json\/wp\/v2\/users\/2"}],"replies":[{"embeddable":true,"href":"https:\/\/novo-site.obrasonline.com.br\/index.php\/wp-json\/wp\/v2\/comments?post=389"}],"version-history":[{"count":7,"href":"https:\/\/novo-site.obrasonline.com.br\/index.php\/wp-json\/wp\/v2\/pages\/389\/revisions"}],"predecessor-version":[{"id":683,"href":"https:\/\/novo-site.obrasonline.com.br\/index.php\/wp-json\/wp\/v2\/pages\/389\/revisions\/683"}],"wp:attachment":[{"href":"https:\/\/novo-site.obrasonline.com.br\/index.php\/wp-json\/wp\/v2\/media?parent=389"}],"curies":[{"name":"wp","href":"https:\/\/api.w.org\/{rel}","templated":true}]}}