{"id":39,"date":"2025-10-27T11:36:36","date_gmt":"2025-10-27T11:36:36","guid":{"rendered":"https:\/\/novo-site.obrasonline.com.br\/?page_id=39"},"modified":"2025-11-17T18:43:00","modified_gmt":"2025-11-17T18:43:00","slug":"cases-de-sucesso","status":"publish","type":"page","link":"https:\/\/novo-site.obrasonline.com.br\/index.php\/cases-de-sucesso\/","title":{"rendered":"Cases de sucesso"},"content":{"rendered":"<section class=\"l-section wpb_row us_custom_3d7797e0 height_medium\"><div class=\"l-section-h i-cf\"><div class=\"g-cols vc_row via_flex valign_top type_default stacking_default\"><div class=\"vc_col-sm-12 wpb_column vc_column_container\"><div class=\"vc_column-inner\"><div class=\"wpb_wrapper\"><div class=\"wpb_text_column us_custom_6df4bc3a has_text_color\"><div class=\"wpb_wrapper\"><h1>Cases de Sucesso<\/h1>\n<\/div><\/div><\/div><\/div><\/div><\/div><\/div><\/section><section class=\"l-section wpb_row height_auto\"><div class=\"l-section-h i-cf\"><div class=\"g-cols vc_row via_flex valign_top type_default stacking_default\"><div class=\"vc_col-sm-12 wpb_column vc_column_container\"><div class=\"vc_column-inner\"><div class=\"wpb_wrapper\"><div class=\"w-separator size_custom\" style=\"height:10px\"><\/div><\/div><\/div><\/div><\/div><\/div><\/section><section class=\"l-section wpb_row us_custom_d1f5e3a2 height_large\"><div class=\"l-section-h i-cf\"><div class=\"g-cols vc_row via_flex valign_top type_default stacking_default\"><div class=\"vc_col-sm-12 wpb_column vc_column_container\"><div class=\"vc_column-inner\"><div class=\"wpb_wrapper\"><div class=\"wpb_text_column us_custom_84a0a82a\"><div class=\"wpb_wrapper\"><h2>Cases de Sucesso<\/h2>\n<\/div><\/div><div class=\"w-grid type_carousel layout_155 preload_style_spinner\" id=\"us_grid_1\"><style>.layout_155 .w-grid-item-h{}.layout_155 .usg_post_title_1{color:#fdc800!important;text-align:center!important;margin-top:0px!important}.layout_155 .usg_post_custom_field_1{text-align:center!important;font-size:18px!important;margin-bottom:15px!important}.layout_155 .usg_post_content_1{text-align:center!important}.layout_155 .usg_post_custom_field_2{text-align:center!important;font-size:18px!important;font-weight:700!important;margin-top:0px!important;margin-bottom:25px!important}.layout_155 .usg_post_image_1{text-align:center!important;width:85px!important;height:85px!important;margin:0px auto 0px auto!important}<\/style><div class=\"w-grid-list owl-carousel valign_stretch dotstyle_circle navstyle_circle navpos_outside owl-responsive-2000 autoheight with_dots\" style=\"--transition-duration:350ms;\">\t<article class=\"w-grid-item post-401 us_testimonial type-us_testimonial status-publish has-post-thumbnail hentry\" data-id=\"401\">\r\n\t\t<div class=\"w-grid-item-h\">\r\n\t\t\t\t\t\t<div class=\"w-post-elm post_image usg_post_image_1 as_circle has_width has_height stretched\"><img loading=\"lazy\" decoding=\"async\" width=\"200\" height=\"200\" src=\"https:\/\/novo-site.obrasonline.com.br\/wp-content\/uploads\/2025\/11\/WhatsApp-Image-2025-11-06-at-18.26.32.jpeg\" class=\"attachment-full size-full wp-post-image\" alt=\"\" srcset=\"https:\/\/novo-site.obrasonline.com.br\/wp-content\/uploads\/2025\/11\/WhatsApp-Image-2025-11-06-at-18.26.32.jpeg 200w, https:\/\/novo-site.obrasonline.com.br\/wp-content\/uploads\/2025\/11\/WhatsApp-Image-2025-11-06-at-18.26.32-150x150.jpeg 150w\" sizes=\"auto, (max-width: 200px) 100vw, 200px\" \/><\/div><div class=\"w-post-elm post_custom_field usg_post_custom_field_2 type_text us_testimonial_company color_link_inherit\"><span class=\"w-post-elm-value\">MOSHE 3000<\/span><\/div><h2 class=\"w-post-elm post_title usg_post_title_1 has_text_color align_center entry-title\">Eduardo Casado<\/h2><div class=\"w-post-elm post_custom_field usg_post_custom_field_1 type_text us_testimonial_role color_link_inherit\"><span class=\"w-post-elm-value\">Or\u00e7amentista<\/span><\/div><div class=\"w-post-elm post_content usg_post_content_1\"><section class=\"l-section wpb_row height_auto\"><div class=\"l-section-h i-cf\"><div class=\"g-cols vc_row via_flex valign_top type_default stacking_default\"><div class=\"vc_col-sm-12 wpb_column vc_column_container\"><div class=\"vc_column-inner\"><div class=\"wpb_wrapper\"><div class=\"wpb_text_column us_custom_8d5aa4e2\"><div class=\"wpb_wrapper\"><p>Com a implementa\u00e7\u00e3o da Obras Online e do ConstruTarget CRM, conquistamos um salto de efici\u00eancia: o tempo m\u00e9dio para emiss\u00e3o de propostas caiu de 60 para apenas 10 a 15 minutos. O que antes era um processo manual e improvisado, hoje \u00e9 padronizado e automatizado. Al\u00e9m disso, o Obras Online abriu muitas portas e impulsionou significativamente nossas taxas de convers\u00e3o.\u201d<\/p>\n<\/div><\/div><div class=\"w-video us_custom_46383f4e align_none ratio_16x9\"><div class=\"w-video-h\"><video  preload=\"metadata\" playsinline controls><source type=\"video\/mp4\" src=\"http:\/\/novo-site.obrasonline.com.br\/wp-content\/uploads\/2025\/11\/dep.mp4\" \/><\/video><\/div><\/div><\/div><\/div><\/div><\/div><\/div><\/section>\n<\/div>\t\t<\/div>\r\n\t\t\t<\/article>\r\n\t<article class=\"w-grid-item post-320 us_testimonial type-us_testimonial status-publish hentry\" data-id=\"320\">\r\n\t\t<div class=\"w-grid-item-h\">\r\n\t\t\t\t\t\t<div class=\"w-post-elm post_custom_field usg_post_custom_field_2 type_text us_testimonial_company color_link_inherit\"><span class=\"w-post-elm-value\"><\/span><\/div><h2 class=\"w-post-elm post_title usg_post_title_1 has_text_color align_center entry-title\">Filipe Nascimento<\/h2><div class=\"w-post-elm post_custom_field usg_post_custom_field_1 type_text us_testimonial_role color_link_inherit\"><span class=\"w-post-elm-value\">CEO<\/span><\/div><div class=\"w-post-elm post_content usg_post_content_1\"><section class=\"l-section wpb_row height_small\"><div class=\"l-section-h i-cf\"><div class=\"g-cols vc_row via_flex valign_top type_default stacking_default\"><div class=\"vc_col-sm-12 wpb_column vc_column_container\"><div class=\"vc_column-inner\"><div class=\"wpb_wrapper\"><div class=\"wpb_text_column\"><div class=\"wpb_wrapper\"><p style=\"margin-bottom: 12px !important;\">&#8220;Com mais de 15 anos de experi\u00eancia na venda de materiais el\u00e9tricos para constru\u00e7\u00e3o civil, uma ferramenta com a efic\u00e1cia do obras online, \u00e9 primordial para conex\u00e3o entre fornecedores , e cliente(obras). Tive o privil\u00e9gio de participar de 2 grandes projetos junto ao Obras Online, onde o apoio da equipe para entender a real necessidade do neg\u00f3cio, velocidade no retorno, e veracidade nas informa\u00e7\u00f5es, s\u00e3o os grandes diferenciais do obras Online. Essa conex\u00e3o gera resultados s\u00f3lidos para o seu neg\u00f3cio&#8221;<\/p>\n<\/div><\/div><\/div><\/div><\/div><\/div><\/div><\/section>\n<\/div>\t\t<\/div>\r\n\t\t\t<\/article>\r\n\t<article class=\"w-grid-item post-297 us_testimonial type-us_testimonial status-publish has-post-thumbnail hentry\" data-id=\"297\">\r\n\t\t<div class=\"w-grid-item-h\">\r\n\t\t\t\t\t\t<div class=\"w-post-elm post_image usg_post_image_1 as_circle has_width has_height stretched\"><a href=\"https:\/\/bendertec.com\/\" aria-label=\"Carlos Lacerda\"><img loading=\"lazy\" decoding=\"async\" width=\"200\" height=\"200\" src=\"https:\/\/novo-site.obrasonline.com.br\/wp-content\/uploads\/2025\/11\/WhatsApp-Image-2025-11-06-at-18.26.32-1.jpeg\" class=\"attachment-full size-full wp-post-image\" alt=\"\" srcset=\"https:\/\/novo-site.obrasonline.com.br\/wp-content\/uploads\/2025\/11\/WhatsApp-Image-2025-11-06-at-18.26.32-1.jpeg 200w, https:\/\/novo-site.obrasonline.com.br\/wp-content\/uploads\/2025\/11\/WhatsApp-Image-2025-11-06-at-18.26.32-1-150x150.jpeg 150w\" sizes=\"auto, (max-width: 200px) 100vw, 200px\" \/><\/a><\/div><div class=\"w-post-elm post_custom_field usg_post_custom_field_2 type_text us_testimonial_company color_link_inherit\"><a href=\"https:\/\/bendertec.com\/\"><span class=\"w-post-elm-value\">Bendertec<\/span><\/a><\/div><h2 class=\"w-post-elm post_title usg_post_title_1 has_text_color align_center entry-title\">Carlos Lacerda<\/h2><div class=\"w-post-elm post_custom_field usg_post_custom_field_1 type_text us_testimonial_role color_link_inherit\"><span class=\"w-post-elm-value\">Gerente Comercial<\/span><\/div><div class=\"w-post-elm post_content usg_post_content_1\"><section class=\"l-section wpb_row height_auto\"><div class=\"l-section-h i-cf\"><div class=\"g-cols vc_row via_flex valign_top type_default stacking_default\"><div class=\"vc_col-sm-12 wpb_column vc_column_container\"><div class=\"vc_column-inner\"><div class=\"wpb_wrapper\"><div class=\"wpb_text_column\"><div class=\"wpb_wrapper\"><p>&#8220;A integra\u00e7\u00e3o entre a intelig\u00eancia de mercado da Obras Online e a automa\u00e7\u00e3o comercial do ConstruTarget CRM tem sido determinante para padronizar processos, aumentar a efici\u00eancia do time de vendas e impulsionar os resultados da Bendertec no segmento de distribui\u00e7\u00e3o de a\u00e7o.&#8221;<\/p>\n<\/div><\/div><div class=\"w-video us_custom_788bd124 align_center ratio_16x9 has_iframe\"><div class=\"w-video-h\"><iframe title=\"Youtube video player\" src=\"\/\/www.youtube.com\/embed\/EdVLNyplxdc?autoplay=0&controls=0&origin=https:\/\/novo-site.obrasonline.com.br&loop=0&mute=0\" allowfullscreen=\"1\" loading=\"lazy\"><\/iframe><\/div><\/div><div class=\"wpb_text_column us_custom_b2452879\"><div class=\"wpb_wrapper\"><p><a href=\"https:\/\/www.youtube.com\/watch?v=EdVLNyplxdc\" target=\"_blank\" rel=\"noopener\">Clique aqui para assistir ao v\u00eddeo completo<\/a><\/p>\n<\/div><\/div><\/div><\/div><\/div><\/div><\/div><\/section>\n<\/div>\t\t<\/div>\r\n\t\t\t<\/article>\r\n\t<article class=\"w-grid-item post-239 us_testimonial type-us_testimonial status-publish has-post-thumbnail hentry\" data-id=\"239\">\r\n\t\t<div class=\"w-grid-item-h\">\r\n\t\t\t\t\t\t<div class=\"w-post-elm post_image usg_post_image_1 as_circle has_width has_height stretched\"><a href=\"https:\/\/valmig.com\/\" aria-label=\"Leonardo Oliveira\"><img loading=\"lazy\" decoding=\"async\" width=\"200\" height=\"200\" src=\"https:\/\/novo-site.obrasonline.com.br\/wp-content\/uploads\/2025\/11\/WhatsApp-Image-2025-11-06-at-18.26.32-2.jpeg\" class=\"attachment-full size-full wp-post-image\" alt=\"\" srcset=\"https:\/\/novo-site.obrasonline.com.br\/wp-content\/uploads\/2025\/11\/WhatsApp-Image-2025-11-06-at-18.26.32-2.jpeg 200w, https:\/\/novo-site.obrasonline.com.br\/wp-content\/uploads\/2025\/11\/WhatsApp-Image-2025-11-06-at-18.26.32-2-150x150.jpeg 150w\" sizes=\"auto, (max-width: 200px) 100vw, 200px\" \/><\/a><\/div><div class=\"w-post-elm post_custom_field usg_post_custom_field_2 type_text us_testimonial_company color_link_inherit\"><a href=\"https:\/\/valmig.com\/\"><span class=\"w-post-elm-value\">Valmig<\/span><\/a><\/div><h2 class=\"w-post-elm post_title usg_post_title_1 has_text_color align_center entry-title\">Leonardo Oliveira<\/h2><div class=\"w-post-elm post_custom_field usg_post_custom_field_1 type_text us_testimonial_role color_link_inherit\"><span class=\"w-post-elm-value\">Diretor<\/span><\/div><div class=\"w-post-elm post_content usg_post_content_1\"><section class=\"l-section wpb_row height_small\"><div class=\"l-section-h i-cf\"><div class=\"g-cols vc_row via_flex valign_top type_default stacking_default\"><div class=\"vc_col-sm-12 wpb_column vc_column_container\"><div class=\"vc_column-inner\"><div class=\"wpb_wrapper\"><div class=\"wpb_text_column\"><div class=\"wpb_wrapper\"><p>&#8220;Compartilho minha satisfa\u00e7\u00e3o em ter a ConstruTarget CRM como parceira no processo de vendas da Valmig. A plataforma oferece recursos excepcionais para atualizar e gerenciar nossa base de clientes em todos os canais de vendas da empresa, de forma eficiente, permitindo direcionar nossas vendas de maneira estrat\u00e9gica.&#8221;<\/p>\n<\/div><\/div><\/div><\/div><\/div><\/div><\/div><\/section>\n<\/div>\t\t<\/div>\r\n\t\t\t<\/article>\r\n\t<article class=\"w-grid-item post-238 us_testimonial type-us_testimonial status-publish has-post-thumbnail hentry\" data-id=\"238\">\r\n\t\t<div class=\"w-grid-item-h\">\r\n\t\t\t\t\t\t<div class=\"w-post-elm post_image usg_post_image_1 as_circle has_width has_height stretched\"><a href=\" https:\/\/compass.com.br\/\" aria-label=\"Fernando Rom\u00e3\"><img loading=\"lazy\" decoding=\"async\" width=\"200\" height=\"200\" src=\"https:\/\/novo-site.obrasonline.com.br\/wp-content\/uploads\/2025\/11\/WhatsApp-Image-2025-11-06-at-18.26.32-3.jpeg\" class=\"attachment-full size-full wp-post-image\" alt=\"\" srcset=\"https:\/\/novo-site.obrasonline.com.br\/wp-content\/uploads\/2025\/11\/WhatsApp-Image-2025-11-06-at-18.26.32-3.jpeg 200w, https:\/\/novo-site.obrasonline.com.br\/wp-content\/uploads\/2025\/11\/WhatsApp-Image-2025-11-06-at-18.26.32-3-150x150.jpeg 150w\" sizes=\"auto, (max-width: 200px) 100vw, 200px\" \/><\/a><\/div><div class=\"w-post-elm post_custom_field usg_post_custom_field_2 type_text us_testimonial_company color_link_inherit\"><a href=\" https:\/\/compass.com.br\/\"><span class=\"w-post-elm-value\">Kubik Containers \/ Compass<\/span><\/a><\/div><h2 class=\"w-post-elm post_title usg_post_title_1 has_text_color align_center entry-title\">Fernando Rom\u00e3<\/h2><div class=\"w-post-elm post_custom_field usg_post_custom_field_1 type_text us_testimonial_role color_link_inherit\"><span class=\"w-post-elm-value\">Gerente Comercial<\/span><\/div><div class=\"w-post-elm post_content usg_post_content_1\"><section class=\"l-section wpb_row height_small\"><div class=\"l-section-h i-cf\"><div class=\"g-cols vc_row via_flex valign_top type_default stacking_default\"><div class=\"vc_col-sm-12 wpb_column vc_column_container\"><div class=\"vc_column-inner\"><div class=\"wpb_wrapper\"><div class=\"wpb_text_column\"><div class=\"wpb_wrapper\"><p>&#8220;A implanta\u00e7\u00e3o do ConstruTarget CRM foi muito mais tranquila do que esper\u00e1vamos e representou uma mudan\u00e7a de patamar no nosso setor comercial. Agora, conseguimos centralizar o banco de dados e informa\u00e7\u00f5es de todos os nossos comerciais da nossa Matriz e Filiais. Al\u00e9m disso, a intelig\u00eancia de Mercado da Obras Online integrada ao ConstruTarget, nos ajudou a enxergar o mercado nos estados que atuamos, de forma muito mais din\u00e2mica e eficiente.&#8221;<\/p>\n<\/div><\/div><\/div><\/div><\/div><\/div><\/div><\/section>\n<\/div>\t\t<\/div>\r\n\t\t\t<\/article>\r\n<\/div><style id=\"grid-post-content-css\">.us_custom_8d5aa4e2{margin-bottom:20px!important}.us_custom_46383f4e{text-align:center!important;width:350px!important;margin:0px auto 0px auto!important}.us_custom_788bd124{width:350px!important;margin:20px auto 0px auto!important}.us_custom_b2452879{margin-top:10px!important}@media (min-width:1025px) and (max-width:1380px){.us_custom_46383f4e{width:350px!important}.us_custom_788bd124{width:350px!important}}@media (min-width:601px) and (max-width:1024px){.us_custom_46383f4e{width:100%!important}.us_custom_788bd124{width:100%!important}}@media (max-width:600px){.us_custom_46383f4e{width:100%!important}.us_custom_788bd124{width:100%!important}}<\/style>\t<div class=\"g-preloader type_1\">\r\n\t\t<div><\/div>\r\n\t<\/div>\r\n\t\t<div class=\"w-grid-json hidden\" onclick='return {&quot;action&quot;:&quot;us_ajax_grid&quot;,&quot;infinite_scroll&quot;:0,&quot;max_num_pages&quot;:1,&quot;pagination&quot;:&quot;none&quot;,&quot;template_vars&quot;:{&quot;columns&quot;:&quot;&quot;,&quot;exclude_items&quot;:&quot;none&quot;,&quot;img_size&quot;:&quot;default&quot;,&quot;ignore_items_size&quot;:0,&quot;items_layout&quot;:&quot;155&quot;,&quot;items_offset&quot;:&quot;0px&quot;,&quot;load_animation&quot;:&quot;none&quot;,&quot;overriding_link&quot;:&quot;%7B%22url%22%3A%22%22%7D&quot;,&quot;post_id&quot;:0,&quot;query_args&quot;:{&quot;post_type&quot;:[&quot;us_testimonial&quot;],&quot;post_status&quot;:[&quot;publish&quot;],&quot;posts_per_page&quot;:&quot;10&quot;},&quot;orderby_query_args&quot;:{&quot;orderby&quot;:{&quot;date&quot;:&quot;DESC&quot;}},&quot;type&quot;:&quot;carousel&quot;,&quot;us_grid_post_type&quot;:&quot;us_testimonial&quot;,&quot;us_grid_ajax_index&quot;:1,&quot;us_grid_filter_query_string&quot;:null,&quot;us_grid_index&quot;:1,&quot;page_args&quot;:[]},&quot;carousel_settings&quot;:{&quot;aria_labels&quot;:{&quot;prev&quot;:&quot;Anterior&quot;,&quot;next&quot;:&quot;Seguinte&quot;},&quot;autoplayContinual&quot;:false,&quot;autoplayHoverPause&quot;:true,&quot;autoplayTimeout&quot;:7000,&quot;autoWidth&quot;:false,&quot;smartSpeed&quot;:350,&quot;margin&quot;:0,&quot;mouseDrag&quot;:true,&quot;rtl&quot;:false,&quot;slideBy&quot;:&quot;1&quot;,&quot;touchDrag&quot;:true,&quot;slideTransition&quot;:&quot;&quot;,&quot;responsive&quot;:{&quot;0&quot;:{&quot;autoHeight&quot;:true,&quot;autoplay&quot;:true,&quot;autoWidth&quot;:false,&quot;center&quot;:false,&quot;dots&quot;:true,&quot;items&quot;:1,&quot;loop&quot;:true,&quot;nav&quot;:false,&quot;stagePadding&quot;:0,&quot;slideBy&quot;:&quot;1&quot;},&quot;601&quot;:{&quot;items&quot;:1,&quot;autoplay&quot;:true,&quot;center&quot;:false,&quot;dots&quot;:true,&quot;nav&quot;:false,&quot;autoHeight&quot;:true,&quot;autoWidth&quot;:false,&quot;loop&quot;:true,&quot;stagePadding&quot;:0}}}}'><\/div>\r\n\t<\/div><\/div><\/div><\/div><\/div><\/div><\/section><section class=\"l-section wpb_row height_auto\"><div class=\"l-section-h i-cf\"><div class=\"g-cols vc_row via_flex valign_top type_default stacking_default\"><div class=\"vc_col-sm-12 wpb_column vc_column_container\"><div class=\"vc_column-inner\"><div class=\"wpb_wrapper\"><div class=\"w-separator size_custom\" style=\"height:10px\"><\/div><\/div><\/div><\/div><\/div><\/div><\/section>\n","protected":false},"excerpt":{"rendered":"&#8220;A implanta\u00e7\u00e3o do ConstruTarget CRM foi muito mais tranquila do que esper\u00e1vamos e representou uma mudan\u00e7a de patamar no nosso setor comercial. Agora, conseguimos centralizar o banco de dados e informa\u00e7\u00f5es de todos os nossos comerciais da nossa Matriz e Filiais. Al\u00e9m disso, a intelig\u00eancia de Mercado da Obras Online integrada ao ConstruTarget, nos ajudou...","protected":false},"author":2,"featured_media":0,"parent":0,"menu_order":0,"comment_status":"closed","ping_status":"closed","template":"","meta":{"footnotes":""},"class_list":["post-39","page","type-page","status-publish","hentry"],"_links":{"self":[{"href":"https:\/\/novo-site.obrasonline.com.br\/index.php\/wp-json\/wp\/v2\/pages\/39","targetHints":{"allow":["GET"]}}],"collection":[{"href":"https:\/\/novo-site.obrasonline.com.br\/index.php\/wp-json\/wp\/v2\/pages"}],"about":[{"href":"https:\/\/novo-site.obrasonline.com.br\/index.php\/wp-json\/wp\/v2\/types\/page"}],"author":[{"embeddable":true,"href":"https:\/\/novo-site.obrasonline.com.br\/index.php\/wp-json\/wp\/v2\/users\/2"}],"replies":[{"embeddable":true,"href":"https:\/\/novo-site.obrasonline.com.br\/index.php\/wp-json\/wp\/v2\/comments?post=39"}],"version-history":[{"count":12,"href":"https:\/\/novo-site.obrasonline.com.br\/index.php\/wp-json\/wp\/v2\/pages\/39\/revisions"}],"predecessor-version":[{"id":684,"href":"https:\/\/novo-site.obrasonline.com.br\/index.php\/wp-json\/wp\/v2\/pages\/39\/revisions\/684"}],"wp:attachment":[{"href":"https:\/\/novo-site.obrasonline.com.br\/index.php\/wp-json\/wp\/v2\/media?parent=39"}],"curies":[{"name":"wp","href":"https:\/\/api.w.org\/{rel}","templated":true}]}}