{"id":392,"date":"2025-11-06T12:38:21","date_gmt":"2025-11-06T12:38:21","guid":{"rendered":"https:\/\/novo-site.obrasonline.com.br\/?page_id=392"},"modified":"2025-11-17T18:40:44","modified_gmt":"2025-11-17T18:40:44","slug":"neppo-voz-telefonia-corporativa-na-nuvem","status":"publish","type":"page","link":"https:\/\/novo-site.obrasonline.com.br\/index.php\/neppo-voz-telefonia-corporativa-na-nuvem\/","title":{"rendered":"Neppo Voz \u2013 Telefonia Corporativa na Nuvem"},"content":{"rendered":"<section class=\"l-section wpb_row us_custom_261b802e height_medium\"><div class=\"l-section-h i-cf\"><div class=\"g-cols vc_row via_flex valign_top type_default stacking_default\"><div class=\"vc_col-sm-12 wpb_column vc_column_container\"><div class=\"vc_column-inner\"><div class=\"wpb_wrapper\"><div class=\"wpb_text_column us_custom_6df4bc3a has_text_color\"><div class=\"wpb_wrapper\"><h1>Neppo Voz \u2013 Telefonia Corporativa na Nuvem<\/h1>\n<\/div><\/div><\/div><\/div><\/div><\/div><\/div><\/section><section class=\"l-section wpb_row height_auto\"><div class=\"l-section-h i-cf\"><div class=\"g-cols vc_row via_flex valign_top type_default stacking_default\"><div class=\"vc_col-sm-12 wpb_column vc_column_container\"><div class=\"vc_column-inner\"><div class=\"wpb_wrapper\"><div class=\"w-separator size_custom\" style=\"height:10px\"><\/div><\/div><\/div><\/div><\/div><\/div><\/section><section class=\"l-section wpb_row us_custom_fa90b74e has_text_color height_medium\"><div class=\"l-section-h i-cf\"><div class=\"g-cols vc_row via_flex valign_middle type_default stacking_default\"><div class=\"vc_col-sm-2 wpb_column vc_column_container\"><div class=\"vc_column-inner\"><div class=\"wpb_wrapper\"><div class=\"w-image us_custom_952de4fb has_height align_none\"><div class=\"w-image-h\"><img decoding=\"async\" width=\"98\" height=\"65\" src=\"https:\/\/novo-site.obrasonline.com.br\/wp-content\/uploads\/2025\/11\/logoconst4.jpg\" class=\"attachment-full size-full\" alt=\"\" loading=\"lazy\" \/><\/div><\/div><\/div><\/div><\/div><div class=\"vc_col-sm-10 wpb_column vc_column_container\"><div class=\"vc_column-inner\"><div class=\"wpb_wrapper\"><div class=\"wpb_text_column\"><div class=\"wpb_wrapper\"><p>O <strong>Neppo<\/strong> Voz \u00e9 uma solu\u00e7\u00e3o de telefonia baseada em nuvem, ideal para empresas com equipes remotas ou m\u00faltiplas filiais.<\/p>\n<ul>\n<li><strong>Tecnologia:<\/strong> Utiliza VoIP e um PABX virtual, eliminando a necessidade de infraestrutura f\u00edsica e reduzindo custos.<\/li>\n<li><strong>Flexibilidade:<\/strong> Transforma qualquer dispositivo (computador ou celular) em um telefone empresarial, permitindo que a equipe atenda e fa\u00e7a chamadas de qualquer lugar.<\/li>\n<li><strong>Controle:<\/strong> Oferece recursos como grava\u00e7\u00e3o de chamadas e relat\u00f3rios em tempo real, importantes para a an\u00e1lise de desempenho.<\/li>\n<\/ul>\n<\/div><\/div><div class=\"w-hwrapper us_custom_cf362e21 valign_top align_none\"><div class=\"w-image us_custom_3026028b over align_center\"><a href=\"https:\/\/novo-site.obrasonline.com.br\/index.php\/go2leads-premium\/\" aria-label=\"logoconst1\" class=\"w-image-h\"><img decoding=\"async\" width=\"80\" height=\"65\" src=\"https:\/\/novo-site.obrasonline.com.br\/wp-content\/uploads\/2025\/11\/logoconst1-1.jpg\" class=\"attachment-full size-full\" alt=\"\" loading=\"lazy\" \/><\/a><\/div><div class=\"w-image us_custom_3026028b over align_center\"><a href=\"https:\/\/novo-site.obrasonline.com.br\/index.php\/licitaplug-inteligencia-em-licitacoes-publicas\/\" aria-label=\"logoconst2\" class=\"w-image-h\"><img decoding=\"async\" width=\"80\" height=\"65\" src=\"https:\/\/novo-site.obrasonline.com.br\/wp-content\/uploads\/2025\/11\/logoconst2.jpg\" class=\"attachment-full size-full\" alt=\"\" loading=\"lazy\" \/><\/a><\/div><div class=\"w-image us_custom_3026028b over align_center\"><a href=\"https:\/\/novo-site.obrasonline.com.br\/index.php\/neppo-comunicacao-omnichannel-unificada\/\" aria-label=\"logoconst3\" class=\"w-image-h\"><img decoding=\"async\" width=\"101\" height=\"65\" src=\"https:\/\/novo-site.obrasonline.com.br\/wp-content\/uploads\/2025\/11\/logoconst3.jpg\" class=\"attachment-full size-full\" alt=\"\" loading=\"lazy\" \/><\/a><\/div><\/div><\/div><\/div><\/div><\/div><\/div><\/section><section class=\"l-section wpb_row us_custom_ec378b7e has_text_color height_medium\"><div class=\"l-section-h i-cf\"><div class=\"g-cols vc_row via_flex valign_top type_default stacking_default\"><div class=\"vc_col-sm-12 wpb_column vc_column_container\"><div class=\"vc_column-inner\"><div class=\"wpb_wrapper\"><\/div><\/div><\/div><\/div><\/div><\/section>\n","protected":false},"excerpt":{"rendered":"Neppo Voz \u2013 Telefonia Corporativa na Nuvem O Neppo Voz \u00e9 uma solu\u00e7\u00e3o de telefonia baseada em nuvem, ideal para empresas com equipes remotas ou m\u00faltiplas filiais. Tecnologia: Utiliza VoIP e um PABX virtual, eliminando a necessidade de infraestrutura f\u00edsica e reduzindo custos. Flexibilidade: Transforma qualquer dispositivo (computador ou celular) em um telefone empresarial, permitindo...","protected":false},"author":2,"featured_media":0,"parent":0,"menu_order":0,"comment_status":"closed","ping_status":"closed","template":"","meta":{"footnotes":""},"class_list":["post-392","page","type-page","status-publish","hentry"],"_links":{"self":[{"href":"https:\/\/novo-site.obrasonline.com.br\/index.php\/wp-json\/wp\/v2\/pages\/392","targetHints":{"allow":["GET"]}}],"collection":[{"href":"https:\/\/novo-site.obrasonline.com.br\/index.php\/wp-json\/wp\/v2\/pages"}],"about":[{"href":"https:\/\/novo-site.obrasonline.com.br\/index.php\/wp-json\/wp\/v2\/types\/page"}],"author":[{"embeddable":true,"href":"https:\/\/novo-site.obrasonline.com.br\/index.php\/wp-json\/wp\/v2\/users\/2"}],"replies":[{"embeddable":true,"href":"https:\/\/novo-site.obrasonline.com.br\/index.php\/wp-json\/wp\/v2\/comments?post=392"}],"version-history":[{"count":7,"href":"https:\/\/novo-site.obrasonline.com.br\/index.php\/wp-json\/wp\/v2\/pages\/392\/revisions"}],"predecessor-version":[{"id":682,"href":"https:\/\/novo-site.obrasonline.com.br\/index.php\/wp-json\/wp\/v2\/pages\/392\/revisions\/682"}],"wp:attachment":[{"href":"https:\/\/novo-site.obrasonline.com.br\/index.php\/wp-json\/wp\/v2\/media?parent=392"}],"curies":[{"name":"wp","href":"https:\/\/api.w.org\/{rel}","templated":true}]}}