{"id":409,"date":"2025-11-06T22:29:40","date_gmt":"2025-11-06T22:29:40","guid":{"rendered":"https:\/\/novo-site.obrasonline.com.br\/?page_id=409"},"modified":"2025-11-07T10:10:30","modified_gmt":"2025-11-07T10:10:30","slug":"construtarget","status":"publish","type":"page","link":"https:\/\/novo-site.obrasonline.com.br\/index.php\/construtarget\/","title":{"rendered":"ConstruTarget"},"content":{"rendered":"<section class=\"l-section wpb_row us_custom_261b802e height_medium\"><div class=\"l-section-h i-cf\"><div class=\"g-cols vc_row via_flex valign_top type_default stacking_default\"><div class=\"vc_col-sm-12 wpb_column vc_column_container\"><div class=\"vc_column-inner\"><div class=\"wpb_wrapper\"><div class=\"wpb_text_column us_custom_6df4bc3a has_text_color\"><div class=\"wpb_wrapper\"><h1>ConstruTarget<\/h1>\n<\/div><\/div><\/div><\/div><\/div><\/div><\/div><\/section><section class=\"l-section wpb_row height_auto\"><div class=\"l-section-h i-cf\"><div class=\"g-cols vc_row via_flex valign_top type_default stacking_default\"><div class=\"vc_col-sm-12 wpb_column vc_column_container\"><div class=\"vc_column-inner\"><div class=\"wpb_wrapper\"><div class=\"w-separator size_custom\" style=\"height:10px\"><\/div><\/div><\/div><\/div><\/div><\/div><\/section><section class=\"l-section wpb_row height_medium\"><div class=\"l-section-h i-cf\"><div class=\"g-cols vc_row via_flex valign_top type_default stacking_default\"><div class=\"vc_col-sm-12 wpb_column vc_column_container\"><div class=\"vc_column-inner\"><div class=\"wpb_wrapper\"><div class=\"wpb_text_column us_custom_7f75c44a\"><div class=\"wpb_wrapper\"><h3>Se sua empresa precisa inovar e est\u00e1 com um ou mais desafios abaixo, o <strong>ConstruTarget CRM<\/strong> \u00e9 a sua solu\u00e7\u00e3o!<\/h3>\n<\/div><\/div><div class=\"g-cols wpb_row via_flex valign_top type_default stacking_default\"><div class=\"vc_col-sm-4 wpb_column vc_column_container\"><div class=\"vc_column-inner\"><div class=\"wpb_wrapper\"><div class=\"w-iconbox iconpos_left style_default color_primary align_left\"><div class=\"w-iconbox-icon\" style=\"font-size:3rem;\"><i class=\"fas fa-raindrops\"><\/i><\/div><div class=\"w-iconbox-meta\"><h5 class=\"w-iconbox-title\" style=\"font-size:16px;\">Precisa tornar mais \u00e1gil o processo de gera\u00e7\u00e3o, envio e revis\u00e3o de propostas?<\/h5><div class=\"w-iconbox-text\"><p>Ainda utiliza Excel, Word ou ERP para gerar propostas, \u00e9 prov\u00e1vel que esteja perdendo produtividade e visibilidade sobre os resultados comerciaispois, sem processos automatizados e dados integrados<\/p>\n<\/div><\/div><\/div><\/div><\/div><\/div><div class=\"vc_col-sm-4 wpb_column vc_column_container\"><div class=\"vc_column-inner\"><div class=\"wpb_wrapper\"><div class=\"w-iconbox iconpos_left style_default color_primary align_left\"><div class=\"w-iconbox-icon\" style=\"font-size:3rem;\"><i class=\"fas fa-raygun\"><\/i><\/div><div class=\"w-iconbox-meta\"><h5 class=\"w-iconbox-title\" style=\"font-size:16px;\">Utiliza sistemas de marketing e vendas que n\u00e3o se conectam entre si?<\/h5><div class=\"w-iconbox-text\"><p>A integra\u00e7\u00e3o \u00e9 o primeiro passo para ganhar agilidade, reduzir retrabalho e oferecer uma experi\u00eancia superior ao cliente. Quando as ferramentas n\u00e3o falam a mesma l\u00edngua, sua equipe perde tempo, repete tarefas e compromete resultados.<\/p>\n<\/div><\/div><\/div><\/div><\/div><\/div><div class=\"vc_col-sm-4 wpb_column vc_column_container\"><div class=\"vc_column-inner\"><div class=\"wpb_wrapper\"><div class=\"w-iconbox iconpos_left style_default color_primary align_left\"><div class=\"w-iconbox-icon\" style=\"font-size:3rem;\"><i class=\"fas fa-random\"><\/i><\/div><div class=\"w-iconbox-meta\"><h5 class=\"w-iconbox-title\" style=\"font-size:16px;\">Sua equipe de vendas ainda gasta tempo com tarefas manuais?<\/h5><div class=\"w-iconbox-text\"><p>Grande parte dessas atividades poderia ser automatizada por um sistema inteligente, liberando tempo para o que realmente importa: vender mais e melhor.<\/p>\n<\/div><\/div><\/div><\/div><\/div><\/div><\/div><div class=\"g-cols wpb_row us_custom_d2199d32 via_flex valign_top type_default stacking_default\"><div class=\"vc_col-sm-4 wpb_column vc_column_container\"><div class=\"vc_column-inner\"><div class=\"wpb_wrapper\"><div class=\"w-iconbox iconpos_left style_default color_primary align_left\"><div class=\"w-iconbox-icon\" style=\"font-size:3rem;\"><i class=\"fas fa-raindrops\"><\/i><\/div><div class=\"w-iconbox-meta\"><h5 class=\"w-iconbox-title\" style=\"font-size:16px;\">Aus\u00eancia de informa\u00e7\u00f5es centralizadas que impede a previsibilidade e compromete a assertividade.<\/h5><div class=\"w-iconbox-text\"><p>A aus\u00eancia de centraliza\u00e7\u00e3o das informa\u00e7\u00f5es, compromete a previsibilidade das decis\u00f5es, reduz a assertividade e gera desalinhamento entre os times operacional, t\u00e1tico e estrat\u00e9gico, afetando diretamente o desempenho comercial.<\/p>\n<\/div><\/div><\/div><\/div><\/div><\/div><div class=\"vc_col-sm-4 wpb_column vc_column_container\"><div class=\"vc_column-inner\"><div class=\"wpb_wrapper\"><div class=\"w-iconbox us_custom_b4c0c321 iconpos_left style_default color_primary align_left\"><div class=\"w-iconbox-icon\" style=\"font-size:3rem;\"><i class=\"fas fa-rabbit-fast\"><\/i><\/div><div class=\"w-iconbox-meta\"><h5 class=\"w-iconbox-title\" style=\"font-size:16px;\">Precisa identificar novos segmentos e expandir sua carteira de clientes?<\/h5><div class=\"w-iconbox-text\"><p>Com o apoio da intelig\u00eancia de mercado, \u00e9 poss\u00edvel gerar leads pr\u00e9-qualificados e fazer com que toda a jornada de compra comece e seja acompanhada diretamente dentro do CRM, eliminando controles paralelos e ganhando efici\u00eancia comercial.<\/p>\n<\/div><\/div><\/div><\/div><\/div><\/div><div class=\"vc_col-sm-4 wpb_column vc_column_container\"><div class=\"vc_column-inner\"><div class=\"wpb_wrapper\"><div class=\"w-iconbox iconpos_left style_default color_primary align_left\"><div class=\"w-iconbox-icon\" style=\"font-size:3rem;\"><i class=\"fas fa-heart-rate\"><\/i><\/div><div class=\"w-iconbox-meta\"><h5 class=\"w-iconbox-title\" style=\"font-size:16px;\">J\u00e1 utiliza um CRM, mas sente que ele limita o seu time?<\/h5><div class=\"w-iconbox-text\"><p>Talvez seja hora de migrar para uma solu\u00e7\u00e3o mais intuitiva, completa e com aplicativo mobile que funcione tamb\u00e9m no modo offline, garantindo produtividade a qualquer hora e de qualquer lugar.<\/p>\n<\/div><\/div><\/div><\/div><\/div><\/div><\/div><\/div><\/div><\/div><\/div><\/div><\/section>\n","protected":false},"excerpt":{"rendered":"ConstruTarget Se sua empresa precisa inovar e est\u00e1 com um ou mais desafios abaixo, o ConstruTarget CRM \u00e9 a sua solu\u00e7\u00e3o! Precisa tornar mais \u00e1gil o processo de gera\u00e7\u00e3o, envio e revis\u00e3o de propostas?Ainda utiliza Excel, Word ou ERP para gerar propostas, \u00e9 prov\u00e1vel que esteja perdendo produtividade e visibilidade sobre os resultados comerciaispois, sem...","protected":false},"author":2,"featured_media":0,"parent":0,"menu_order":0,"comment_status":"closed","ping_status":"closed","template":"","meta":{"footnotes":""},"class_list":["post-409","page","type-page","status-publish","hentry"],"_links":{"self":[{"href":"https:\/\/novo-site.obrasonline.com.br\/index.php\/wp-json\/wp\/v2\/pages\/409","targetHints":{"allow":["GET"]}}],"collection":[{"href":"https:\/\/novo-site.obrasonline.com.br\/index.php\/wp-json\/wp\/v2\/pages"}],"about":[{"href":"https:\/\/novo-site.obrasonline.com.br\/index.php\/wp-json\/wp\/v2\/types\/page"}],"author":[{"embeddable":true,"href":"https:\/\/novo-site.obrasonline.com.br\/index.php\/wp-json\/wp\/v2\/users\/2"}],"replies":[{"embeddable":true,"href":"https:\/\/novo-site.obrasonline.com.br\/index.php\/wp-json\/wp\/v2\/comments?post=409"}],"version-history":[{"count":11,"href":"https:\/\/novo-site.obrasonline.com.br\/index.php\/wp-json\/wp\/v2\/pages\/409\/revisions"}],"predecessor-version":[{"id":430,"href":"https:\/\/novo-site.obrasonline.com.br\/index.php\/wp-json\/wp\/v2\/pages\/409\/revisions\/430"}],"wp:attachment":[{"href":"https:\/\/novo-site.obrasonline.com.br\/index.php\/wp-json\/wp\/v2\/media?parent=409"}],"curies":[{"name":"wp","href":"https:\/\/api.w.org\/{rel}","templated":true}]}}