{"id":41,"date":"2025-10-27T11:36:56","date_gmt":"2025-10-27T11:36:56","guid":{"rendered":"https:\/\/novo-site.obrasonline.com.br\/?page_id=41"},"modified":"2025-11-07T10:11:09","modified_gmt":"2025-11-07T10:11:09","slug":"solucoes","status":"publish","type":"page","link":"https:\/\/novo-site.obrasonline.com.br\/index.php\/solucoes\/","title":{"rendered":"Solu\u00e7\u00f5es"},"content":{"rendered":"<section class=\"l-section wpb_row us_custom_7faae64b height_medium\"><div class=\"l-section-h i-cf\"><div class=\"g-cols vc_row via_flex valign_top type_default stacking_default\"><div class=\"vc_col-sm-12 wpb_column vc_column_container\"><div class=\"vc_column-inner\"><div class=\"wpb_wrapper\"><div class=\"wpb_text_column us_custom_6df4bc3a has_text_color\"><div class=\"wpb_wrapper\"><h1>Solu\u00e7\u00f5es<\/h1>\n<\/div><\/div><\/div><\/div><\/div><\/div><\/div><\/section><section class=\"l-section wpb_row height_auto\"><div class=\"l-section-h i-cf\"><div class=\"g-cols vc_row via_flex valign_top type_default stacking_default\"><div class=\"vc_col-sm-12 wpb_column vc_column_container\"><div class=\"vc_column-inner\"><div class=\"wpb_wrapper\"><div class=\"w-separator size_custom\" style=\"height:10px\"><\/div><\/div><\/div><\/div><\/div><\/div><\/section><section class=\"l-section wpb_row us_custom_ec378b7e has_text_color height_medium\"><div class=\"l-section-h i-cf\"><div class=\"g-cols vc_row via_flex valign_top type_default stacking_default\"><div class=\"vc_col-sm-12 wpb_column vc_column_container\"><div class=\"vc_column-inner\"><div class=\"wpb_wrapper\"><div class=\"wpb_text_column us_custom_31a9efc9\"><div class=\"wpb_wrapper\"><h2>Solu\u00e7\u00f5es Integradas<\/h2>\n<\/div><\/div><div class=\"wpb_text_column us_custom_e429e906\"><div class=\"wpb_wrapper\"><p>Ao integrar a intelig\u00eancia de mercado <strong>Obras Online<\/strong> com o <strong>ConstruTarget CRM<\/strong>, voc\u00ea potencializa as vendas com fluxo conectado e automatizado.<\/p>\n<\/div><\/div><div class=\"g-cols wpb_row us_custom_a2951f46 via_flex valign_top type_default stacking_default\" style=\"--additional-gap:30px;\"><div class=\"vc_col-sm-4 wpb_column vc_column_container\"><div class=\"vc_column-inner us_custom_397534af\"><div class=\"wpb_wrapper\"><div class=\"w-iconbox iconpos_top style_default color_primary align_center\"><div class=\"w-iconbox-icon\" style=\"font-size:3rem;\"><i class=\"fas fa-code\"><\/i><\/div><div class=\"w-iconbox-meta\"><h4 class=\"w-iconbox-title\">Mapeamento Completo de Oportunidades<\/h4><div class=\"w-iconbox-text\"><p>Identifique empresas e seus principais contatos, projetos e obras em andamento.<\/p>\n<\/div><\/div><\/div><\/div><\/div><\/div><div class=\"vc_col-sm-4 wpb_column vc_column_container\"><div class=\"vc_column-inner us_custom_397534af\"><div class=\"wpb_wrapper\"><div class=\"w-iconbox iconpos_top style_default color_primary align_center\"><div class=\"w-iconbox-icon\" style=\"font-size:3rem;\"><i class=\"fas fa-ramp-loading\"><\/i><\/div><div class=\"w-iconbox-meta\"><h4 class=\"w-iconbox-title\">Gest\u00e3o de Relacionamentos<\/h4><div class=\"w-iconbox-text\"><p>Gerencie em uma \u00fanica plataforma, 100% das empresas, contatos e oportunidades de neg\u00f3cios.<\/p>\n<\/div><\/div><\/div><\/div><\/div><\/div><div class=\"vc_col-sm-4 wpb_column vc_column_container\"><div class=\"vc_column-inner us_custom_397534af\"><div class=\"wpb_wrapper\"><div class=\"w-iconbox iconpos_top style_default color_primary align_center\"><div class=\"w-iconbox-icon\" style=\"font-size:3rem;\"><i class=\"fas fa-ram\"><\/i><\/div><div class=\"w-iconbox-meta\"><h4 class=\"w-iconbox-title\">Automa\u00e7\u00e3o Comercial<\/h4><div class=\"w-iconbox-text\"><p>Elimine tarefas repetitivas, para que seu time comercial foque suas energias nas atividades fim de relacionar e vender.<\/p>\n<\/div><\/div><\/div><\/div><\/div><\/div><\/div><\/div><\/div><\/div><\/div><\/div><\/section>\n","protected":false},"excerpt":{"rendered":"Solu\u00e7\u00f5es Solu\u00e7\u00f5es Integradas Ao integrar a intelig\u00eancia de mercado Obras Online com o ConstruTarget CRM, voc\u00ea potencializa as vendas com fluxo conectado e automatizado. Mapeamento Completo de OportunidadesIdentifique empresas e seus principais contatos, projetos e obras em andamento. Gest\u00e3o de RelacionamentosGerencie em uma \u00fanica plataforma, 100% das empresas, contatos e oportunidades de neg\u00f3cios. Automa\u00e7\u00e3o ComercialElimine...","protected":false},"author":2,"featured_media":0,"parent":0,"menu_order":0,"comment_status":"closed","ping_status":"closed","template":"","meta":{"footnotes":""},"class_list":["post-41","page","type-page","status-publish","hentry"],"_links":{"self":[{"href":"https:\/\/novo-site.obrasonline.com.br\/index.php\/wp-json\/wp\/v2\/pages\/41","targetHints":{"allow":["GET"]}}],"collection":[{"href":"https:\/\/novo-site.obrasonline.com.br\/index.php\/wp-json\/wp\/v2\/pages"}],"about":[{"href":"https:\/\/novo-site.obrasonline.com.br\/index.php\/wp-json\/wp\/v2\/types\/page"}],"author":[{"embeddable":true,"href":"https:\/\/novo-site.obrasonline.com.br\/index.php\/wp-json\/wp\/v2\/users\/2"}],"replies":[{"embeddable":true,"href":"https:\/\/novo-site.obrasonline.com.br\/index.php\/wp-json\/wp\/v2\/comments?post=41"}],"version-history":[{"count":27,"href":"https:\/\/novo-site.obrasonline.com.br\/index.php\/wp-json\/wp\/v2\/pages\/41\/revisions"}],"predecessor-version":[{"id":431,"href":"https:\/\/novo-site.obrasonline.com.br\/index.php\/wp-json\/wp\/v2\/pages\/41\/revisions\/431"}],"wp:attachment":[{"href":"https:\/\/novo-site.obrasonline.com.br\/index.php\/wp-json\/wp\/v2\/media?parent=41"}],"curies":[{"name":"wp","href":"https:\/\/api.w.org\/{rel}","templated":true}]}}