{"id":43,"date":"2025-10-27T11:39:28","date_gmt":"2025-10-27T11:39:28","guid":{"rendered":"https:\/\/novo-site.obrasonline.com.br\/?page_id=43"},"modified":"2025-11-06T12:18:53","modified_gmt":"2025-11-06T12:18:53","slug":"contato","status":"publish","type":"page","link":"https:\/\/novo-site.obrasonline.com.br\/index.php\/contato\/","title":{"rendered":"Contato"},"content":{"rendered":"<section class=\"l-section wpb_row us_custom_3d7797e0 height_medium\"><div class=\"l-section-h i-cf\"><div class=\"g-cols vc_row via_flex valign_top type_default stacking_default\"><div class=\"vc_col-sm-12 wpb_column vc_column_container\"><div class=\"vc_column-inner\"><div class=\"wpb_wrapper\"><div class=\"wpb_text_column us_custom_6df4bc3a has_text_color\"><div class=\"wpb_wrapper\"><h1>Contato<\/h1>\n<\/div><\/div><div class=\"wpb_text_column us_custom_e2d54ea7 has_text_color\"><div class=\"wpb_wrapper\"><h4 class=\"Contact_title__B52_9\">Conte com a Obras Online<\/h4>\n<\/div><\/div><\/div><\/div><\/div><\/div><\/div><\/section><section class=\"l-section wpb_row height_auto\"><div class=\"l-section-h i-cf\"><div class=\"g-cols vc_row via_flex valign_top type_default stacking_default\"><div class=\"vc_col-sm-12 wpb_column vc_column_container\"><div class=\"vc_column-inner\"><div class=\"wpb_wrapper\"><div class=\"w-separator size_custom\" style=\"height:10px\"><\/div><\/div><\/div><\/div><\/div><\/div><\/section><section class=\"l-section wpb_row us_custom_ec378b7e has_text_color height_medium\"><div class=\"l-section-h i-cf\"><div class=\"g-cols vc_row via_flex valign_top type_default stacking_default\"><div class=\"vc_col-sm-6 wpb_column vc_column_container\"><div class=\"vc_column-inner\"><div class=\"wpb_wrapper\"><div class=\"wpb_text_column us_custom_a833bf3c\"><div class=\"wpb_wrapper\"><h3 class=\"Contact_subtitle__5nScC\">Entre em contato com nosso time e tire suas d\u00favidas<\/h3>\n<\/div><\/div><div class=\"wpb_text_column us_custom_50cc7d67\"><div class=\"wpb_wrapper\"><p class=\"Contact_subtitle__5nScC\">Converse conosco e saiba como podemos transformar a sua realidade comercial.<\/p>\n<\/div><\/div><div class=\"w-iconbox iconpos_left style_default color_primary align_left\"><div class=\"w-iconbox-icon\" style=\"font-size:2rem;\"><i class=\"fas fa-phone\"><\/i><\/div><div class=\"w-iconbox-meta\"><h4 class=\"w-iconbox-title\">Contato<\/h4><div class=\"w-iconbox-text\"><p>PABX \u2013 11 3262-5217<\/p>\n<\/div><\/div><\/div><div class=\"w-iconbox us_custom_3b8f9481 iconpos_left style_default color_primary align_left\"><div class=\"w-iconbox-icon\" style=\"font-size:2rem;\"><i class=\"fas fa-headset\"><\/i><\/div><div class=\"w-iconbox-meta\"><h4 class=\"w-iconbox-title\">Atendimento<\/h4><div class=\"w-iconbox-text\"><p>11 96632-1428<br \/>\n<a href=\"mailto:atendimento@obrasonline.com.br\" target=\"_blank\" rel=\"noopener\">atendimento@obrasonline.com.br<\/a><\/p>\n<\/div><\/div><\/div><div class=\"w-iconbox iconpos_left style_default color_primary align_left\"><div class=\"w-iconbox-icon\" style=\"font-size:2rem;\"><i class=\"fas fa-star\"><\/i><\/div><div class=\"w-iconbox-meta\"><h4 class=\"w-iconbox-title\">Comercial<\/h4><div class=\"w-iconbox-text\"><p>(11) 94470-4660<br \/>\n8h \u00e0s 17:45h \u2013 Segunda \u00e0 Sexta<\/p>\n<\/div><\/div><\/div><div class=\"w-iconbox us_custom_972c33a7 iconpos_left style_default color_primary align_left\"><div class=\"w-iconbox-icon\" style=\"font-size:2rem;\"><i class=\"fas fa-map-marker-alt\"><\/i><\/div><div class=\"w-iconbox-meta\"><h4 class=\"w-iconbox-title\">Endere\u00e7o<\/h4><div class=\"w-iconbox-text\"><p>Alameda Rio Negro, 1301Cond. Stadium Escr. 206<br \/>\nAlphaville Industrial, Barueri\/SPCEP: 06454-000<\/p>\n<\/div><\/div><\/div><\/div><\/div><\/div><div class=\"vc_col-sm-6 wpb_column vc_column_container\"><div class=\"vc_column-inner\"><div class=\"wpb_wrapper\">\n<div class=\"wpcf7 no-js us-field-style_1\" id=\"wpcf7-f235-o1\" lang=\"pt-BR\" dir=\"ltr\" data-wpcf7-id=\"235\">\n<div class=\"screen-reader-response\"><p role=\"status\" aria-live=\"polite\" aria-atomic=\"true\"><\/p> <ul><\/ul><\/div>\n<form action=\"\/index.php\/wp-json\/wp\/v2\/pages\/43#wpcf7-f235-o1\" method=\"post\" class=\"wpcf7-form init\" aria-label=\"Formul\u00e1rios de contato\" novalidate=\"novalidate\" data-status=\"init\">\n<fieldset class=\"hidden-fields-container\"><input type=\"hidden\" name=\"_wpcf7\" value=\"235\" \/><input type=\"hidden\" name=\"_wpcf7_version\" value=\"6.1.3\" \/><input type=\"hidden\" name=\"_wpcf7_locale\" value=\"pt_BR\" \/><input type=\"hidden\" name=\"_wpcf7_unit_tag\" value=\"wpcf7-f235-o1\" \/><input type=\"hidden\" name=\"_wpcf7_container_post\" value=\"0\" \/><input type=\"hidden\" name=\"_wpcf7_posted_data_hash\" value=\"\" \/>\n<\/fieldset>\n<p><label><span class=\"wpcf7-form-control-wrap\" data-name=\"nomecompleto\"><input size=\"40\" maxlength=\"400\" class=\"wpcf7-form-control wpcf7-text\" aria-invalid=\"false\" placeholder=\"Nome Completo\" value=\"\" type=\"text\" name=\"nomecompleto\" \/><\/span><\/label><br \/>\n<label><span class=\"wpcf7-form-control-wrap\" data-name=\"email\"><input size=\"40\" maxlength=\"400\" class=\"wpcf7-form-control wpcf7-email wpcf7-validates-as-required wpcf7-text wpcf7-validates-as-email\" aria-required=\"true\" aria-invalid=\"false\" placeholder=\"Seu melhor e-mail\" value=\"\" type=\"email\" name=\"email\" \/><\/span><\/label><br \/>\n<label><span class=\"wpcf7-form-control-wrap\" data-name=\"cargo\"><select class=\"wpcf7-form-control wpcf7-select\" aria-invalid=\"false\" name=\"cargo\"><option value=\"\">Analista Comercial<\/option><option value=\"Analista de Intelig\u00eancia de Mercado\">Analista de Intelig\u00eancia de Mercado<\/option><option value=\"Analista de Marketing\">Analista de Marketing<\/option><\/select><\/span><\/label><br \/>\n<label><span class=\"wpcf7-form-control-wrap\" data-name=\"celular\"><input size=\"40\" maxlength=\"400\" class=\"wpcf7-form-control wpcf7-tel wpcf7-text wpcf7-validates-as-tel\" aria-invalid=\"false\" placeholder=\"Celular\" value=\"\" type=\"tel\" name=\"celular\" \/><\/span><\/label><br \/>\n<label><span class=\"wpcf7-form-control-wrap\" data-name=\"empresa\"><input size=\"40\" maxlength=\"400\" class=\"wpcf7-form-control wpcf7-text\" aria-invalid=\"false\" placeholder=\"Nome da Empresa\" value=\"\" type=\"text\" name=\"empresa\" \/><\/span><\/label><br \/>\n<label><span class=\"wpcf7-form-control-wrap\" data-name=\"cnpj\"><input size=\"40\" maxlength=\"400\" class=\"wpcf7-form-control wpcf7-text\" aria-invalid=\"false\" placeholder=\"CNPJ\" value=\"\" type=\"text\" name=\"cnpj\" \/><\/span><\/label><br \/>\n<label><span class=\"wpcf7-form-control-wrap\" data-name=\"portedaempresa\"><select class=\"wpcf7-form-control wpcf7-select\" aria-invalid=\"false\" name=\"portedaempresa\"><option value=\"\">Porte da Empresa<\/option><option value=\"Microempreendedor Individual - Faturamento anual de at\u00e9 R$ 81 mil\">Microempreendedor Individual - Faturamento anual de at\u00e9 R$ 81 mil<\/option><option value=\"Microempresa - Faturamento anual de at\u00e9 R$ 1 milh\u00e3o\">Microempresa - Faturamento anual de at\u00e9 R$ 1 milh\u00e3o<\/option><option value=\"Empresa pequena - Faturamento anual de R$ 1 milh\u00e3o a R$ 5 milh\u00f5es\">Empresa pequena - Faturamento anual de R$ 1 milh\u00e3o a R$ 5 milh\u00f5es<\/option><option value=\"Empresa m\u00e9dia - Faturamento anual de R$ 5 milh\u00f5es a R$ 25 milh\u00f5es\">Empresa m\u00e9dia - Faturamento anual de R$ 5 milh\u00f5es a R$ 25 milh\u00f5es<\/option><option value=\"Empresa m\u00e9dia-grande - Faturamento anual de R$ 25 milh\u00f5es a R$ 200 milh\u00f5es\">Empresa m\u00e9dia-grande - Faturamento anual de R$ 25 milh\u00f5es a R$ 200 milh\u00f5es<\/option><option value=\"Nacional grande ou Multinacional - Faturamento anual maior que R$ 200 milh\u00f5es\">Nacional grande ou Multinacional - Faturamento anual maior que R$ 200 milh\u00f5es<\/option><\/select><\/span><\/label><br \/>\n<label><span class=\"wpcf7-form-control-wrap\" data-name=\"site\"><input size=\"40\" maxlength=\"400\" class=\"wpcf7-form-control wpcf7-text\" aria-invalid=\"false\" placeholder=\"Site da Empresa\" value=\"\" type=\"text\" name=\"site\" \/><\/span><\/label><br \/>\n<label><span class=\"wpcf7-form-control-wrap\" data-name=\"perfil\"><select class=\"wpcf7-form-control wpcf7-select\" aria-invalid=\"false\" name=\"perfil\"><option value=\"\">Perfil Empresa<\/option><option value=\"Atacadista\">Atacadista<\/option><option value=\"Distribuidor\">Distribuidor<\/option><\/select><\/span><\/label><br \/>\n<label><span class=\"wpcf7-form-control-wrap\" data-name=\"ramo\"><select class=\"wpcf7-form-control wpcf7-select\" aria-invalid=\"false\" name=\"ramo\"><option value=\"\">Ramo de Atividade<\/option><option value=\"Acr\u00edlicos e Policarbonatos\">Acr\u00edlicos e Policarbonatos<\/option><option value=\"Ar Condicionado\">Ar Condicionado<\/option><\/select><\/span><\/label><br \/>\n<label><span class=\"wpcf7-form-control-wrap\" data-name=\"departamento\"><select class=\"wpcf7-form-control wpcf7-select\" aria-invalid=\"false\" name=\"departamento\"><option value=\"\">Deseja falar com qual Departamento?<\/option><option value=\"Atendimento ao Cliente\">Atendimento ao Cliente<\/option><option value=\"Comercial\">Comercial<\/option><\/select><\/span><\/label><br \/>\n<label><span class=\"wpcf7-form-control-wrap\" data-name=\"mensagem\"><textarea cols=\"40\" rows=\"10\" maxlength=\"2000\" class=\"wpcf7-form-control wpcf7-textarea\" aria-invalid=\"false\" placeholder=\"Mensagem\" name=\"mensagem\"><\/textarea><\/span><\/label><br \/>\n<span class=\"wpcf7-form-control-wrap\" data-name=\"aceite\"><span class=\"wpcf7-form-control wpcf7-acceptance optional\"><span class=\"wpcf7-list-item\"><label><input type=\"checkbox\" name=\"aceite\" value=\"1\" aria-invalid=\"false\" \/><span class=\"wpcf7-list-item-label\">Eu concordo com a Pol\u00edtica de Privacidade e aceito receber comunica\u00e7\u00f5es de novidades e not\u00edcias pelo WhatsApp.<\/span><\/label><\/span><\/span><\/span><br \/>\n<input class=\"wpcf7-form-control wpcf7-submit has-spinner\" type=\"submit\" value=\"Enviar\" \/>\n<\/p><div class=\"wpcf7-response-output\" aria-hidden=\"true\"><\/div>\n<\/form>\n<\/div>\n<\/div><\/div><\/div><\/div><\/div><\/section>\n","protected":false},"excerpt":{"rendered":"Contato Conte com a Obras Online Entre em contato com nosso time e tire suas d\u00favidas Converse conosco e saiba como podemos transformar a sua realidade comercial. ContatoPABX \u2013 11 3262-5217 Atendimento11 96632-1428 atendimento@obrasonline.com.br Comercial(11) 94470-4660 8h \u00e0s 17:45h \u2013 Segunda \u00e0 Sexta Endere\u00e7oAlameda Rio Negro, 1301Cond. Stadium Escr. 206 Alphaville Industrial, Barueri\/SPCEP: 06454-000 Analista...","protected":false},"author":2,"featured_media":0,"parent":0,"menu_order":0,"comment_status":"closed","ping_status":"closed","template":"","meta":{"footnotes":""},"class_list":["post-43","page","type-page","status-publish","hentry"],"_links":{"self":[{"href":"https:\/\/novo-site.obrasonline.com.br\/index.php\/wp-json\/wp\/v2\/pages\/43","targetHints":{"allow":["GET"]}}],"collection":[{"href":"https:\/\/novo-site.obrasonline.com.br\/index.php\/wp-json\/wp\/v2\/pages"}],"about":[{"href":"https:\/\/novo-site.obrasonline.com.br\/index.php\/wp-json\/wp\/v2\/types\/page"}],"author":[{"embeddable":true,"href":"https:\/\/novo-site.obrasonline.com.br\/index.php\/wp-json\/wp\/v2\/users\/2"}],"replies":[{"embeddable":true,"href":"https:\/\/novo-site.obrasonline.com.br\/index.php\/wp-json\/wp\/v2\/comments?post=43"}],"version-history":[{"count":9,"href":"https:\/\/novo-site.obrasonline.com.br\/index.php\/wp-json\/wp\/v2\/pages\/43\/revisions"}],"predecessor-version":[{"id":378,"href":"https:\/\/novo-site.obrasonline.com.br\/index.php\/wp-json\/wp\/v2\/pages\/43\/revisions\/378"}],"wp:attachment":[{"href":"https:\/\/novo-site.obrasonline.com.br\/index.php\/wp-json\/wp\/v2\/media?parent=43"}],"curies":[{"name":"wp","href":"https:\/\/api.w.org\/{rel}","templated":true}]}}