{"id":45,"date":"2025-10-27T11:39:50","date_gmt":"2025-10-27T11:39:50","guid":{"rendered":"https:\/\/novo-site.obrasonline.com.br\/?page_id=45"},"modified":"2025-11-10T14:09:11","modified_gmt":"2025-11-10T14:09:11","slug":"blog","status":"publish","type":"page","link":"https:\/\/novo-site.obrasonline.com.br\/index.php\/blog\/","title":{"rendered":"Blog"},"content":{"rendered":"<section class=\"l-section wpb_row us_custom_3d7797e0 height_medium\"><div class=\"l-section-h i-cf\"><div class=\"g-cols vc_row via_flex valign_top type_default stacking_default\"><div class=\"vc_col-sm-12 wpb_column vc_column_container\"><div class=\"vc_column-inner\"><div class=\"wpb_wrapper\"><div class=\"wpb_text_column us_custom_6df4bc3a has_text_color\"><div class=\"wpb_wrapper\"><h1>Blog<\/h1>\n<\/div><\/div><\/div><\/div><\/div><\/div><\/div><\/section><section class=\"l-section wpb_row height_auto\"><div class=\"l-section-h i-cf\"><div class=\"g-cols vc_row via_flex valign_top type_default stacking_default\"><div class=\"vc_col-sm-12 wpb_column vc_column_container\"><div class=\"vc_column-inner\"><div class=\"wpb_wrapper\"><div class=\"w-separator size_custom\" style=\"height:10px\"><\/div><\/div><\/div><\/div><\/div><\/div><\/section><section class=\"l-section wpb_row us_custom_ec378b7e has_text_color height_medium\"><div class=\"l-section-h i-cf\"><div class=\"g-cols vc_row via_flex valign_top type_default stacking_default\"><div class=\"vc_col-sm-12 wpb_column vc_column_container\"><div class=\"vc_column-inner\"><div class=\"wpb_wrapper\"><div class=\"w-grid blogs us_post_list type_grid layout_495 cols_3 preload_style_spinner\" id=\"us_post_list_da43\" style=\"--columns:3;--gap:1.5rem;\"><style>@media (max-width:1024px){#us_post_list_da43{--columns:2!important}}@media (max-width:600px){#us_post_list_da43{--columns:1!important}}.layout_495 .w-grid-item-h{}.layout_495 .usg_post_date_1{color:#000000!important;text-align:center!important;border-radius:30px!important;position:absolute!important;left:10px!important;top:190px!important;z-index:1!important;background:#fdc800!important;padding:10px 20px 10px 20px!important}.layout_495 .usg_post_title_1{margin-top:30px!important;margin-bottom:15px!important}.layout_495 .usg_btn_1{margin-top:15px!important}<\/style><div class=\"w-grid-list\">\t<article class=\"w-grid-item size_1x1 post-483 post type-post status-publish format-standard has-post-thumbnail hentry category-noticia\" data-id=\"483\">\r\n\t\t<div class=\"w-grid-item-h\">\r\n\t\t\t\t\t\t<div class=\"w-post-elm post_image usg_post_image_1\"><a href=\"https:\/\/novo-site.obrasonline.com.br\/index.php\/2025\/11\/10\/bi-na-fidelizacao-de-clientes-na-construcao-e-industria\/\" aria-label=\"BI na fideliza\u00e7\u00e3o de clientes na constru\u00e7\u00e3o e ind\u00fastria\"><img loading=\"lazy\" decoding=\"async\" width=\"2560\" height=\"1463\" src=\"https:\/\/novo-site.obrasonline.com.br\/wp-content\/uploads\/2025\/11\/materia.jpg\" class=\"attachment-full size-full wp-post-image\" alt=\"\" srcset=\"https:\/\/novo-site.obrasonline.com.br\/wp-content\/uploads\/2025\/11\/materia.jpg 2560w, https:\/\/novo-site.obrasonline.com.br\/wp-content\/uploads\/2025\/11\/materia-300x171.jpg 300w, https:\/\/novo-site.obrasonline.com.br\/wp-content\/uploads\/2025\/11\/materia-1024x585.jpg 1024w\" sizes=\"auto, (max-width: 2560px) 100vw, 2560px\" \/><\/a><\/div><time class=\"w-post-elm post_date usg_post_date_1 has_text_color entry-date published\" datetime=\"2025-11-10T13:40:02+00:00\"><i class=\"fal fa-calendar\"><\/i>10\/11\/2025<\/time><h4 class=\"w-post-elm post_title usg_post_title_1 entry-title color_link_inherit\"><a href=\"https:\/\/novo-site.obrasonline.com.br\/index.php\/2025\/11\/10\/bi-na-fidelizacao-de-clientes-na-construcao-e-industria\/\">BI na fideliza\u00e7\u00e3o de clientes na constru\u00e7\u00e3o e ind\u00fastria<\/a><\/h4><div class=\"w-post-elm post_content usg_post_content_1\">BI na fideliza\u00e7\u00e3o de clientes na constru\u00e7\u00e3o e ind\u00fastria Voc\u00ea j\u00e1 parou pra pensar que fidelizar um cliente pode ser mais valioso e at\u00e9 mais rent\u00e1vel do que conquistar um novo? Afinal, o ciclo de vendas para fornecedores \u00e9 longo, o n\u00edvel de confian\u00e7a precisa ser alto e os contratos podem&hellip;<\/div><a class=\"w-btn us-btn-style_5 usg_btn_1 icon_atright\" href=\"https:\/\/novo-site.obrasonline.com.br\/index.php\/2025\/11\/10\/bi-na-fidelizacao-de-clientes-na-construcao-e-industria\/\"><span class=\"w-btn-label\">Leia mais<\/span><i class=\"fas fa-arrow-right\"><\/i><\/a>\t\t<\/div>\r\n\t\t\t<\/article>\r\n\t<article class=\"w-grid-item size_1x1 post-509 post type-post status-publish format-standard has-post-thumbnail hentry category-noticia\" data-id=\"509\">\r\n\t\t<div class=\"w-grid-item-h\">\r\n\t\t\t\t\t\t<div class=\"w-post-elm post_image usg_post_image_1\"><a href=\"https:\/\/novo-site.obrasonline.com.br\/index.php\/2025\/11\/10\/mapeamento-de-obras-com-inteligencia-de-mercado-guia-para-fornecedores\/\" aria-label=\"Mapeamento de Obras com Intelig\u00eancia de Mercado: Guia para Fornecedores\"><img loading=\"lazy\" decoding=\"async\" width=\"1252\" height=\"704\" src=\"https:\/\/novo-site.obrasonline.com.br\/wp-content\/uploads\/2025\/11\/materia2.webp\" class=\"attachment-full size-full wp-post-image\" alt=\"\" srcset=\"https:\/\/novo-site.obrasonline.com.br\/wp-content\/uploads\/2025\/11\/materia2.webp 1252w, https:\/\/novo-site.obrasonline.com.br\/wp-content\/uploads\/2025\/11\/materia2-300x169.webp 300w, https:\/\/novo-site.obrasonline.com.br\/wp-content\/uploads\/2025\/11\/materia2-1024x576.webp 1024w\" sizes=\"auto, (max-width: 1252px) 100vw, 1252px\" \/><\/a><\/div><time class=\"w-post-elm post_date usg_post_date_1 has_text_color entry-date published\" datetime=\"2025-11-10T14:23:47+00:00\"><i class=\"fal fa-calendar\"><\/i>10\/11\/2025<\/time><h4 class=\"w-post-elm post_title usg_post_title_1 entry-title color_link_inherit\"><a href=\"https:\/\/novo-site.obrasonline.com.br\/index.php\/2025\/11\/10\/mapeamento-de-obras-com-inteligencia-de-mercado-guia-para-fornecedores\/\">Mapeamento de Obras com Intelig\u00eancia de Mercado: Guia para Fornecedores<\/a><\/h4><div class=\"w-post-elm post_content usg_post_content_1\">Mapeamento de Obras: Venda Mais na Constru\u00e7\u00e3o com Intelig\u00eancia de Mercado Voc\u00ea j\u00e1 parou pra pensar quantas oportunidades podem estar passando despercebidas simplesmente porque sua equipe ainda n\u00e3o enxerga o cen\u00e1rio completo? Para quem fornece produtos ou servi\u00e7os para o setor da constru\u00e7\u00e3o, o mapeamento de obras \u00e9 a base de&hellip;<\/div><a class=\"w-btn us-btn-style_5 usg_btn_1 icon_atright\" href=\"https:\/\/novo-site.obrasonline.com.br\/index.php\/2025\/11\/10\/mapeamento-de-obras-com-inteligencia-de-mercado-guia-para-fornecedores\/\"><span class=\"w-btn-label\">Leia mais<\/span><i class=\"fas fa-arrow-right\"><\/i><\/a>\t\t<\/div>\r\n\t\t\t<\/article>\r\n<\/div><div class=\"g-loadmore hidden\"><div class=\"g-preloader type_1\"><div><\/div><\/div><\/div><div class=\"w-grid-list-json hidden\" onclick='return {&quot;max_num_pages&quot;:0,&quot;paginationBase&quot;:&quot;page&quot;,&quot;pagination&quot;:&quot;none&quot;,&quot;paged&quot;:1,&quot;ajaxData&quot;:{&quot;action&quot;:&quot;us_ajax_post_list&quot;,&quot;meta_type&quot;:&quot;post&quot;,&quot;object_id&quot;:0,&quot;template_vars&quot;:{&quot;paged&quot;:1,&quot;max_num_pages&quot;:0,&quot;no_results&quot;:false,&quot;us_post_content_design_css&quot;:[],&quot;found_posts&quot;:0,&quot;source&quot;:&quot;all&quot;,&quot;ids&quot;:&quot;&quot;,&quot;post_type&quot;:&quot;post&quot;,&quot;attachment_ids&quot;:null,&quot;include_post_thumbnail&quot;:0,&quot;post_author&quot;:&quot;any&quot;,&quot;post_author_ids&quot;:&quot;&quot;,&quot;apply_url_params&quot;:0,&quot;exclude_children&quot;:0,&quot;exclude_current_post&quot;:&quot;0&quot;,&quot;exclude_prev_posts&quot;:0,&quot;enable_items_offset&quot;:0,&quot;items_offset&quot;:&quot;1&quot;,&quot;tax_query_relation&quot;:&quot;none&quot;,&quot;tax_query&quot;:[{&quot;operator&quot;:&quot;IN&quot;,&quot;taxonomy&quot;:&quot;category&quot;,&quot;terms&quot;:&quot;&quot;,&quot;include_children&quot;:0}],&quot;meta_query_relation&quot;:&quot;none&quot;,&quot;meta_query&quot;:[{&quot;key&quot;:&quot;custom_field_name&quot;,&quot;compare&quot;:&quot;=&quot;,&quot;value&quot;:&quot;&quot;}],&quot;orderby&quot;:&quot;date&quot;,&quot;orderby_custom_field&quot;:&quot;&quot;,&quot;orderby_custom_type&quot;:0,&quot;order_invert&quot;:0,&quot;show_all&quot;:0,&quot;quantity&quot;:&quot;12&quot;,&quot;posts_per_archive_page&quot;:0,&quot;no_items_action&quot;:&quot;message&quot;,&quot;no_items_message&quot;:&quot;Nenhum resultado encontrado.&quot;,&quot;no_items_page_block&quot;:&quot;&quot;,&quot;pagination&quot;:&quot;none&quot;,&quot;pagination_style&quot;:&quot;&quot;,&quot;pagination_btn_text&quot;:&quot;Carregar mais&quot;,&quot;pagination_btn_size&quot;:&quot;&quot;,&quot;pagination_btn_style&quot;:&quot;1&quot;,&quot;pagination_btn_fullwidth&quot;:0,&quot;items_layout&quot;:&quot;495&quot;,&quot;type&quot;:&quot;grid&quot;,&quot;items_valign&quot;:0,&quot;ignore_items_size&quot;:0,&quot;columns&quot;:&quot;3&quot;,&quot;items_gap&quot;:&quot;1.5rem&quot;,&quot;load_animation&quot;:&quot;none&quot;,&quot;items_preload_style&quot;:&quot;spinner&quot;,&quot;img_size&quot;:&quot;default&quot;,&quot;title_size&quot;:&quot;&quot;,&quot;items_ratio&quot;:&quot;default&quot;,&quot;items_ratio_width&quot;:&quot;21&quot;,&quot;items_ratio_height&quot;:&quot;9&quot;,&quot;overriding_link&quot;:&quot;%7B%22url%22%3A%22%22%7D&quot;,&quot;popup_page_template&quot;:&quot;0&quot;,&quot;popup_width&quot;:&quot;&quot;,&quot;popup_arrows&quot;:1,&quot;breakpoint_1_width&quot;:&quot;1381px&quot;,&quot;breakpoint_1_cols&quot;:&quot;default&quot;,&quot;breakpoint_1_quantity&quot;:&quot;&quot;,&quot;breakpoint_1_gap&quot;:&quot;&quot;,&quot;breakpoint_2_width&quot;:&quot;1025px&quot;,&quot;breakpoint_2_cols&quot;:&quot;2&quot;,&quot;breakpoint_2_quantity&quot;:&quot;&quot;,&quot;breakpoint_2_gap&quot;:&quot;&quot;,&quot;breakpoint_3_width&quot;:&quot;601px&quot;,&quot;breakpoint_3_cols&quot;:&quot;1&quot;,&quot;breakpoint_3_quantity&quot;:&quot;&quot;,&quot;breakpoint_3_gap&quot;:&quot;&quot;,&quot;conditions_operator&quot;:&quot;always&quot;,&quot;conditions&quot;:[],&quot;css&quot;:null,&quot;el_class&quot;:&quot;blogs&quot;,&quot;el_id&quot;:&quot;&quot;,&quot;enable_custom_html_atts&quot;:0,&quot;custom_html_atts&quot;:null,&quot;hide_on_states&quot;:&quot;&quot;,&quot;hide_for_sticky&quot;:0,&quot;hide_for_not_sticky&quot;:0,&quot;hide_below&quot;:&quot;0px&quot;,&quot;hide_above&quot;:&quot;0px&quot;,&quot;classes&quot;:&quot; blogs&quot;}},&quot;facetedFilter&quot;:[]}'><\/div><\/div><\/div><\/div><\/div><\/div><\/div><\/section>\n","protected":false},"excerpt":{"rendered":"Mapeamento de Obras: Venda Mais na Constru\u00e7\u00e3o com Intelig\u00eancia de Mercado Voc\u00ea j\u00e1 parou pra pensar quantas oportunidades podem estar passando despercebidas simplesmente porque sua equipe ainda n\u00e3o enxerga o cen\u00e1rio completo? Para quem fornece produtos ou servi\u00e7os para o setor da constru\u00e7\u00e3o, o mapeamento de obras \u00e9 a base de qualquer estrat\u00e9gia comercial que...","protected":false},"author":2,"featured_media":0,"parent":0,"menu_order":0,"comment_status":"closed","ping_status":"closed","template":"","meta":{"footnotes":""},"class_list":["post-45","page","type-page","status-publish","hentry"],"_links":{"self":[{"href":"https:\/\/novo-site.obrasonline.com.br\/index.php\/wp-json\/wp\/v2\/pages\/45","targetHints":{"allow":["GET"]}}],"collection":[{"href":"https:\/\/novo-site.obrasonline.com.br\/index.php\/wp-json\/wp\/v2\/pages"}],"about":[{"href":"https:\/\/novo-site.obrasonline.com.br\/index.php\/wp-json\/wp\/v2\/types\/page"}],"author":[{"embeddable":true,"href":"https:\/\/novo-site.obrasonline.com.br\/index.php\/wp-json\/wp\/v2\/users\/2"}],"replies":[{"embeddable":true,"href":"https:\/\/novo-site.obrasonline.com.br\/index.php\/wp-json\/wp\/v2\/comments?post=45"}],"version-history":[{"count":8,"href":"https:\/\/novo-site.obrasonline.com.br\/index.php\/wp-json\/wp\/v2\/pages\/45\/revisions"}],"predecessor-version":[{"id":502,"href":"https:\/\/novo-site.obrasonline.com.br\/index.php\/wp-json\/wp\/v2\/pages\/45\/revisions\/502"}],"wp:attachment":[{"href":"https:\/\/novo-site.obrasonline.com.br\/index.php\/wp-json\/wp\/v2\/media?parent=45"}],"curies":[{"name":"wp","href":"https:\/\/api.w.org\/{rel}","templated":true}]}}